{"id":9679,"date":"2024-01-17T12:01:24","date_gmt":"2024-01-17T10:01:24","guid":{"rendered":"https:\/\/ccbaltics.com\/?page_id=9679"},"modified":"2026-03-24T14:51:18","modified_gmt":"2026-03-24T12:51:18","slug":"schoolday-lt","status":"publish","type":"page","link":"https:\/\/ccbaltics.com\/lt\/schoolday-lt\/","title":{"rendered":"Kult\u016bros pasas 2026"},"content":{"rendered":"<div class=\"wpb-content-wrapper\"><p>[vc_row][vc_column][vc_column_text css=&#8221;&#8221;]<\/p>\r\n<h1 class=\"pull-left ng-binding\" style=\"text-align: center;\">Keliaukite \u012f \u201eComic Con Baltics Mokykl\u0173 dien\u0105\u201c su \u201e<a href=\"https:\/\/www.kulturospasas.lt\/kulturines-edukacijos\/6017\" target=\"_blank\" rel=\"noopener\">Kult\u016bros pasu<\/a>\u201c!<\/h1>\r\n<p><a href=\"https:\/\/www.kulturospasas.lt\/kulturines-edukacijos\/6017\" target=\"_blank\" rel=\"noopener\"><img decoding=\"async\" class=\"alignright wp-image-7874 size-medium\" src=\"https:\/\/ccbaltics.com\/wp-content\/uploads\/2023\/03\/button-copy-300x274.png\" alt=\"\" width=\"300\" height=\"274\" srcset=\"https:\/\/ccbaltics.com\/wp-content\/uploads\/2023\/03\/button-copy-300x274.png 300w, https:\/\/ccbaltics.com\/wp-content\/uploads\/2023\/03\/button-copy-1024x936.png 1024w, https:\/\/ccbaltics.com\/wp-content\/uploads\/2023\/03\/button-copy-768x702.png 768w, https:\/\/ccbaltics.com\/wp-content\/uploads\/2023\/03\/button-copy.png 1028w\" sizes=\"(max-width: 300px) 100vw, 300px\" \/><\/a><\/p>\r\n<p><strong>Kvie\u010diame mokinius, mokytojus ir ugdymo specialistus \u012f unikali\u0105 edukacin\u0119 patirt\u012f<\/strong>, kuri pad\u0117s atrasti naujas mokymosi formas. \u0160iuolaikin\u0117je \u0161vietimo sistemoje nuolat ie\u0161koma b\u016bd\u0173, kaip integruoti inovatyvius metodus, geban\u010dius ne tik sudominti mokin\u012f, bet ir skatinti jo vidin\u0119 motyvacij\u0105 mokytis. <strong>Atsi\u017evelgdami \u012f \u0161\u012f poreik\u012f, 2026 m. gegu\u017e\u0117s 22 dien\u0105, penktadien\u012f, kvie\u010diame pasinaudojus \u201e<a href=\"https:\/\/www.kulturospasas.lt\/kulturines-edukacijos\/6017\" target=\"_blank\" rel=\"noopener\">Kult\u016bros pasu<\/a>\u201c apsilankyti penktoje \u201eComic Con Baltics Mokykl\u0173 dienoje\u201c.<\/strong><\/p>\r\n<p>\u0160i tradicija prasid\u0117jo 2022 metais, kai pirm\u0105 kart\u0105 suorganizavome specialiai moksleiviams pritaikyt\u0105 program\u0105. Nuo to laiko festivalio lankytoj\u0173 gretos nuolat augo. Atsi\u017evelgdami \u012f puikius mokini\u0173, mokytoj\u0173 ir akademini\u0173 partneri\u0173 atsiliepimus,<strong> gegu\u017e\u0117s 22 dien\u0105 v\u0117l kvie\u010diame susitikti LITEXPO, Vilniuje, naujos kartos pramog\u0173 festivalio \u201eComic Con Baltics 2026 Mokykl\u0173 dienoje\u201c!<\/strong><\/p>\r\n<h3><strong>Kod\u0117l verta dalyvauti?<\/strong><\/h3>\r\n<p><strong>\u201eComic Con Baltics 2026\u201c<\/strong> \u2013 tai ne tik naujos kartos pramog\u0173 festivalis, bet ir unikali platforma, suteikianti mokiniams galimyb\u0119 mokytis per patirt\u012f. \u0160is festivalis ne tik i\u0161laisvina jaunimo k\u016brybi\u0161kum\u0105 ir vaizduot\u0119, bet ir ugdo pilieti\u0161kum\u0105, s\u0105moningum\u0105 bei kritin\u012f m\u0105stym\u0105 per temines diskusijas bei kitas edukacines ir kult\u016brines sesijas. Tai erdv\u0117, kurioje moksleiviai gali:<\/p>\r\n<ul>\r\n<li>tiesiogiai bendrauti su kino, literat\u016bros, \u017eaidim\u0173 k\u016brimo ir kit\u0173 industrij\u0173 profesionalais;<\/li>\r\n<li>dalyvauti vedamuose mokymuose, dirbtuv\u0117se bei diskusijose;<\/li>\r\n<li>lavinti savo angl\u0173 kalbos ir jos suvokimo \u017einias;<\/li>\r\n<li>susipa\u017einti su \u012fvairiomis, perspektyviomis profesijomis;<\/li>\r\n<li>dalyvauti naujausi\u0173 technologij\u0173 pristatymuose ir i\u0161bandyti jas patiems;<\/li>\r\n<li>dr\u0105siai eksperimentuoti, nebijoti klysti ir \u012f moksl\u0105 pa\u017evelgti visi\u0161kai naujai.<\/li>\r\n<\/ul>\r\n<p><strong>Ypating\u0105 vert\u0119 festivalio programai suteikia i\u0161skirtin\u0117 galimyb\u0117 susitikti su tarptautinio lygio film\u0173, serial\u0173 ir kompiuterini\u0173 \u017eaidim\u0173 aktoriais.<\/strong> Moksleiviams tai bus puiki proga tiesiai i\u0161 j\u0173 i\u0161girsti autenti\u0161kas istorijas i\u0161 u\u017ekulisi\u0173, su\u017einoti apie kylan\u010dius profesinius i\u0161\u0161\u016bkius bei suprasti, koki\u0173 specifini\u0173 geb\u0117jim\u0173 reikia norint s\u0117kmingai dirbti pramog\u0173 industrijoje. <strong>Tokios galimyb\u0117s tiesiogiai bendrauti su pasaulinio lygio kino industrijos atstovais pasitaiko itin retai<\/strong>, tod\u0117l \u0161is susitikimas suteikia ne\u012fkainojam\u0173 \u012f\u017evalg\u0173 apie karjeros perspektyvas k\u016brybin\u0117se, pramog\u0173, technologij\u0173 bei kitose industrijose ir gali tapti lemtingu impulsu jauno \u017emogaus profesiniam apsisprendimui.<\/p>\r\n<h3><strong>\u201e<a href=\"https:\/\/www.kulturospasas.lt\/kulturines-edukacijos\/6017\" target=\"_blank\" rel=\"noopener\">Kult\u016bros pasas<\/a>\u201c \u2013 J\u016bs\u0173 raktas \u012f festival\u012f!<\/strong><\/h3>\r\n<p>\u201e<a href=\"https:\/\/www.kulturospasas.lt\/kulturines-edukacijos\/6017\" target=\"_blank\" rel=\"noopener\">Kult\u016bros paso<\/a>\u201c d\u0117ka moksleiviai ir mokytojai gali dalyvauti \u201eMokykl\u0173 dienoje\u201c.<strong> Mokiniai nuo 16 met\u0173 gali registruotis individualiai<\/strong>, o jaunesnieji gali atvykti su mokytojais ir klas\u0117s draugais. <strong>SVARBU PAMIN\u0116TI:<\/strong> lydintys asmenys \u012f festival\u012f yra \u012fleid\u017eiami <strong>NEMOKAMAI.<\/strong><\/p>\r\n<p><strong>Kaip u\u017eregistruoti savo klas\u0119?<\/strong> Registracija vykdoma per oficiali\u0105 \u201eKult\u016bros paso\u201c sistem\u0105: <a href=\"https:\/\/www.kulturospasas.lt\/kulturines-edukacijos\/6017\" target=\"_blank\" rel=\"noopener\"><strong>SPAUSTI \u010cIA.<\/strong><\/a><\/p>\r\n<h3><strong>Papildoma informacija<\/strong><\/h3>\r\n<p>Preliminari festivalio programa (bus pildoma iki pat festivalio): <a href=\"https:\/\/ccbaltics.com\/lt\/programa-2026\/\"><strong>SPAUSTI \u010cIA.<\/strong><\/a><\/p>\r\n<p>Festivalio sve\u010diai (bus pildoma iki pat festivalio): <a href=\"https:\/\/ccbaltics.com\/lt\/sveciai\/\"><strong>SPAUSTI \u010cIA.<\/strong><\/a><br><br><strong>Turite klausim\u0173? Susisiekite su mumis:<\/strong><\/p>\r\n<ul>\r\n<li>El. pa\u0161tu: mokykloms@ccbaltics.com;<\/li>\r\n<li>Telefonu: +370 627 73155.<\/li>\r\n<\/ul>\r\n<p><strong>Nepraleiskite galimyb\u0117s suteikti savo mokiniams \u012fkvepian\u010di\u0105 ir verting\u0105 patirt\u012f! Susitikime \u201eComic Con Baltics 2026 Mokykl\u0173 dienoje\u201c, gegu\u017e\u0117s 22 d., LITEXPO, Vilniuje!<\/strong><\/p>\r\n<h1 style=\"text-align: center;\">Kaip atrod\u0117 pra\u0117jusi\u0173 met\u0173 Comic Con&#8217;as? \ud83c\udf9e\ufe0f<\/h1>\r\n<div align=\"center\">\r\n<p><iframe title=\"Be part of Comic Con Baltics 2026 | The Best Moments from 2025!\" width=\"640\" height=\"360\" src=\"https:\/\/www.youtube.com\/embed\/9nSIjHhe9Po?feature=oembed\" frameborder=\"0\" allow=\"accelerometer; autoplay; clipboard-write; encrypted-media; gyroscope; picture-in-picture; web-share\" referrerpolicy=\"strict-origin-when-cross-origin\" allowfullscreen><\/iframe><\/p>\r\n<h1>2025 m. penktadienio reporta\u017eas \ud83c\udf7f<\/h1>\r\n<p><iframe title=\"Comic Con Baltics 2025 sponsored by Samsung | Friday Recap (Day I)\" width=\"640\" height=\"360\" src=\"https:\/\/www.youtube.com\/embed\/oHl5FqQqZGA?feature=oembed\" frameborder=\"0\" allow=\"accelerometer; autoplay; clipboard-write; encrypted-media; gyroscope; picture-in-picture; web-share\" referrerpolicy=\"strict-origin-when-cross-origin\" allowfullscreen><\/iframe><\/p>\r\n<h1>&nbsp;<\/h1>\r\n<\/div>\r\n\r\n<figure class=\"wp-block-image size-large\"><img decoding=\"async\" width=\"1024\" height=\"288\" class=\"wp-image-13518 aligncenter\" src=\"https:\/\/ccbaltics.com\/wp-content\/uploads\/2025\/12\/LT-Kulturos-Pasas-vizualas-web-CCB26-1-1024x288.jpg\" alt=\"\" srcset=\"https:\/\/ccbaltics.com\/wp-content\/uploads\/2025\/12\/LT-Kulturos-Pasas-vizualas-web-CCB26-1-1024x288.jpg 1024w, https:\/\/ccbaltics.com\/wp-content\/uploads\/2025\/12\/LT-Kulturos-Pasas-vizualas-web-CCB26-1-300x84.jpg 300w, https:\/\/ccbaltics.com\/wp-content\/uploads\/2025\/12\/LT-Kulturos-Pasas-vizualas-web-CCB26-1-768x216.jpg 768w, https:\/\/ccbaltics.com\/wp-content\/uploads\/2025\/12\/LT-Kulturos-Pasas-vizualas-web-CCB26-1-1536x432.jpg 1536w, https:\/\/ccbaltics.com\/wp-content\/uploads\/2025\/12\/LT-Kulturos-Pasas-vizualas-web-CCB26-1.jpg 1920w\" sizes=\"(max-width: 1024px) 100vw, 1024px\" \/><\/figure>\r\n<p>&nbsp;<\/p>\r\n<p>[\/vc_column_text][\/vc_column][\/vc_row]<\/p><\/div>","protected":false},"excerpt":{"rendered":"<p>[vc_row][vc_column][vc_column_text css=&#8221;&#8221;] Keliaukite \u012f \u201eComic Con Baltics Mokykl\u0173 dien\u0105\u201c su \u201eKult\u016bros pasu\u201c! Kvie\u010diame mokinius, mokytojus ir ugdymo specialistus \u012f unikali\u0105 edukacin\u0119 patirt\u012f, kuri pad\u0117s atrasti naujas mokymosi formas. \u0160iuolaikin\u0117je \u0161vietimo sistemoje nuolat ie\u0161koma b\u016bd\u0173, kaip integruoti inovatyvius metodus, geban\u010dius ne tik sudominti mokin\u012f, bet ir skatinti jo vidin\u0119 motyvacij\u0105 mokytis. Atsi\u017evelgdami \u012f \u0161\u012f poreik\u012f, 2026 [&hellip;]<\/p>\n","protected":false},"author":1,"featured_media":9700,"parent":0,"menu_order":0,"comment_status":"closed","ping_status":"closed","template":"","meta":{"_acf_changed":false,"ngg_post_thumbnail":0,"iawp_total_views":8769,"footnotes":""},"class_list":["post-9679","page","type-page","status-publish","has-post-thumbnail","hentry"],"acf":[],"toolset-meta":{"mobile-app-post-data":{"show-guest-in-app":{"type":"checkbox","raw":"0"},"guest-app-feature-image":{"type":"image","raw":"","attachment_id":null},"guest-description":{"type":"wysiwyg","raw":""},"guest-role":{"type":"textfield","raw":""},"guest-known-for":{"type":"textfield","raw":""}},"field-group-for-pages":[]},"publishpress_future_action":{"enabled":false,"date":"2026-04-18 19:20:45","action":"change-status","newStatus":"draft","terms":[],"taxonomy":"translation_priority","extraData":[]},"publishpress_future_workflow_manual_trigger":{"enabledWorkflows":[]},"_links":{"self":[{"href":"https:\/\/ccbaltics.com\/lt\/wp-json\/wp\/v2\/pages\/9679","targetHints":{"allow":["GET"]}}],"collection":[{"href":"https:\/\/ccbaltics.com\/lt\/wp-json\/wp\/v2\/pages"}],"about":[{"href":"https:\/\/ccbaltics.com\/lt\/wp-json\/wp\/v2\/types\/page"}],"author":[{"embeddable":true,"href":"https:\/\/ccbaltics.com\/lt\/wp-json\/wp\/v2\/users\/1"}],"replies":[{"embeddable":true,"href":"https:\/\/ccbaltics.com\/lt\/wp-json\/wp\/v2\/comments?post=9679"}],"version-history":[{"count":15,"href":"https:\/\/ccbaltics.com\/lt\/wp-json\/wp\/v2\/pages\/9679\/revisions"}],"predecessor-version":[{"id":13818,"href":"https:\/\/ccbaltics.com\/lt\/wp-json\/wp\/v2\/pages\/9679\/revisions\/13818"}],"wp:featuredmedia":[{"embeddable":true,"href":"https:\/\/ccbaltics.com\/lt\/wp-json\/wp\/v2\/media\/9700"}],"wp:attachment":[{"href":"https:\/\/ccbaltics.com\/lt\/wp-json\/wp\/v2\/media?parent=9679"}],"curies":[{"name":"wp","href":"https:\/\/api.w.org\/{rel}","templated":true}]}}