{"id":9003,"date":"2023-10-14T19:47:23","date_gmt":"2023-10-14T17:47:23","guid":{"rendered":"https:\/\/ccbaltics.com\/?page_id=9003"},"modified":"2025-05-15T21:55:01","modified_gmt":"2025-05-15T19:55:01","slug":"seimu-erdve","status":"publish","type":"page","link":"https:\/\/ccbaltics.com\/lt\/seimu-erdve\/","title":{"rendered":"\u0160eim\u0173 erdv\u0117"},"content":{"rendered":"<div class=\"wpb-content-wrapper\"><p>[vc_row][vc_column width=&#8221;1\/2&#8243;][vc_text_separator title=&#8221;VAIKAI \u012e RENGIN\u012e PATENKA NEMOKAMAI&#8221;][vc_column_text]Informuojame, kad ma\u017eieji renginio lankytojai Comic Con&#8217;e gali lankytis nemokamai. Vaikams, kuriems n\u0117ra su\u0117j\u0119 7-eri metai BILIETAS NEREIKALINGAS. Vyresni nei 7-eri\u0173 met\u0173 vaikai privalo tur\u0117ti \u012fsigij\u0119 renginio biliet\u0105.[\/vc_column_text][\/vc_column][vc_column width=&#8221;1\/2&#8243;][vc_text_separator title=&#8221;Papildoma informacija&#8221;][vc_column_text]\u0160eim\u0173 erdv\u0117 yra pritaikyta taip, jog ma\u017eieji renginio lankytojai gal\u0117t\u0173 rasti pramog\u0173 sau, kol t\u0117vai u\u017esiima kitomis veiklomis. Ta\u010diau, informuojame, kad renginyje yra itin daug lankytoj\u0173, tad t\u0117vai turi \u012fvertinti ar vaikui yra reikalinga asmenin\u0117 prie\u017ei\u016bra net ir u\u017esiimant vaikams skirtomis veiklomis.&nbsp;[\/vc_column_text][\/vc_column][\/vc_row][vc_row][vc_column][vc_custom_heading text=&#8221;DALYVIAI 2025&#8243; font_container=&#8221;tag:h1|text_align:center&#8221; google_fonts=&#8221;font_family:Open%20Sans%3A300%2C300italic%2Cregular%2Citalic%2C600%2C600italic%2C700%2C700italic%2C800%2C800italic|font_style:800%20bold%20regular%3A800%3Anormal&#8221; css=&#8221;&#8221;][vc_tta_accordion][vc_tta_section title=&#8221;Barni interaktyvi\u0173 \u017eaidim\u0173 aik\u0161tel\u0117&#8221; tab_id=&#8221;1697302796140-a2ab8466-28bd&#8221;][vc_column_text css=&#8221;&#8221;]<\/p>\n<p style=\"font-weight: 400;\"><span style=\"color: #333333;\">Kvie\u010diame ma\u017euosius nuotyki\u0173 ie\u0161kotojus ir j\u0173 \u0161eimas! \ud83c\udf08 Kartu su Barni, prane\u0161ame, kad jau antrus metus Comic Con Baltics 2025 sponsored by Samsung festivalyje j\u016bs\u0173 lauks interaktyvi \u017eaidim\u0173 aik\u0161tel\u0117 vaikams! \ud83e\uddf8<\/span><\/p>\n<p style=\"font-weight: 400;\"><span style=\"color: #333333;\">Nuo \u012fdomi\u0173 \u017eaidim\u0173 iki smagi\u0173 u\u017esi\u0117mim\u0173 \u2013 tai erdv\u0117, skirta su\u017eadinti d\u017eiaugsm\u0105 ir juok\u0105 jauniausi\u0173 superheroj\u0173 \u0161irdyse. \ud83e\udd29<\/span><\/p>\n<p>&nbsp;[\/vc_column_text][\/vc_tta_section][vc_tta_section title=&#8221;Techi education&#8221; tab_id=&#8221;1697305282448-26c992eb-f4d1&#8243;][vc_column_text css=&#8221;&#8221;]<\/p>\n<div class=\"layout-element layout-element--layout layout-element transition transition--undefined\">\n<div id=\"zomxdV\" class=\"text-box layout-element__component layout-element__component--GridTextBox\" data-qa=\"gridtextbox:zomxdv\">\n<p class=\"body-large\" dir=\"auto\">Misija: Pab\u0117gimas i\u0161 Titano<\/p>\n<p>Kosmoso keliautojai \u012fstrigo pavojingoje Titano planetoje. Ugnikalnis netrukus i\u0161siver\u0161. Kuras beveik baig\u0117si. Vienintelis \u0161ansas pab\u0117gti \u2013 veikti kartu. Ar i\u0161dr\u012fsi \u017eengti \u012f ne\u017einomyb\u0119?<\/p>\n<p>Ateik. \u012esitrauk. Tapk m\u016bs\u0173 misijos dalimi.<\/p>\n<\/div>\n<\/div>\n<p>[\/vc_column_text][\/vc_tta_section][vc_tta_section title=&#8221;Hobiverse&#8221; tab_id=&#8221;1697300289278-5cde740c-6f56&#8243;][vc_column_text css=&#8221;&#8221;]<strong>Gegu\u017e\u0117s 23\u201325 d. \u0161eim\u0173 erdv\u0117je Sostin\u0117s vaik\u0173 ir jaunimo centras HOBIVERSE kvie\u010dia \u012f \u012fsp\u016bdingas e-sporto kovas ir viktorin\u0173 dirbtuves!<\/strong><\/p>\n<p>Specialiai paruo\u0161toje HOBIVERSE erdv\u0117je gal\u0117site pasigaminti nereal\u0173 \u017eenkliuk\u0105, fantasti\u0161k\u0105 lipduk\u0105, japoni\u0161k\u0105 knyg\u0173 skirtuk\u0105 bei nupie\u0161ti pie\u0161in\u012f, nukeliant\u012f \u012f Anime ir Manga pasaul\u012f. Ir, \u017einoma, i\u0161bandyti j\u0117gas kvap\u0105 gniau\u017eian\u010diose CS:GO kovose. O \u0161alia j\u016bs\u0173 lauks mylimi persona\u017eai: Yuki Cross (<em>Vampire Knight<\/em>), Vegeta (<em>Dragon Ball Z<\/em>), Salvadoras Dal\u00ed, Arthur Morgan (<em>Red Dead Redemption<\/em>) ir Hori Ky\u014dko (<em>Horimiya<\/em>), <strong>kuriuos \u012fk\u016bnys patys centro darbuotojai!<\/strong><br \/>\n<strong>Ir tai dar ne viskas!<\/strong><\/p>\n<p>HOBIVERSE kvie\u010dia visus dron\u0173 entuziastus ir azarto i\u0161tro\u0161kusius pilotus \u012f vienas did\u017eiausi\u0173 FPV lenktyni\u0173 Lietuvoje \u2013 <strong>HOBIVERSE Drone Racing CUP 2025<\/strong>!<\/p>\n<p>Pagrindinis veiksmas \u2013 gegu\u017e\u0117s 24\u201325 d., \u0161e\u0161tadien\u012f ir sekmadien\u012f. Var\u017eybos atviros visiems \u2013 nuo pradedan\u010di\u0173j\u0173 iki patyrusi\u0173 pilot\u0173. Nesvarbu, ar tik pradedi, ar jau esi skraid\u0119s tarptautin\u0117se trasose \u2013 \u010dia gal\u0117si i\u0161bandyti j\u0117gas ir patirti tikr\u0105 lenktyni\u0173 jaudul\u012f. Pla\u010diau skaitykite: <a href=\"https:\/\/svjc.lt\/naujienos\/hobiverse-drone-racing-cup-2025\/\" target=\"_blank\" rel=\"noopener\">https:\/\/svjc.lt\/naujienos\/hobiverse-drone-racing-cup-2025\/<\/a>[\/vc_column_text][\/vc_tta_section][vc_tta_section title=&#8221;Gilyn \u2013 stiprus ry\u0161ys \u0161eimoje&#8221; tab_id=&#8221;1697305138625-450576b6-36a4&#8243;][vc_column_text css=&#8221;&#8221;]Gilyn leis \u0161eimai ne tik pasigilinti \u012f kasdienius i\u0161\u0161\u016bkius, bet ir strukt\u016bruotoje diskusijoje i\u0161gryninti unikalius sprendimus.<\/p>\n<p>Istorijos jus nukels \u012f kasdienes situacijas ne tuomet, kai \u0161eimos nariai \u012fkaista ir konstruktyvus pokalbis ne\u012fmanomas, bet ramiai s\u0117dint ir analizuojant kitose \u0161eimose nutikusias situacijas ir tik tada atsigr\u0119\u017eiant \u012f savo \u0161eimos kasdienyb\u0119.<\/p>\n<p>Devynios istorijos pad\u0117s pasidalinti savo matymu ir i\u0161girsti kit\u0105, o i\u0161girdus \u012fvairias nuomones jas suprasti taip (at)pa\u017e\u012fstant save ir kitus.<\/p>\n<p>Su GILYN nusikelsite \u012f kasdienines daugelio \u0161eim\u0173 situacijas: nuo laik\u0105 vagian\u010dio \u201cscrolinimo\u201d iki nevaldomo pyk\u010dio protr\u016bki\u0173, nuo dien\u0105 griaunan\u010di\u0173 ryto nesutarim\u0173 iki nesusipratim\u0173, griaunan\u010di\u0173 draugystes. Patyrin\u0117site, kaip \u0161eimoje dalinamasi nam\u0173 ruo\u0161os darbais, patirsite, kad mok\u0117jimas d\u017eiaugtis kito pergale yra svarbus, ir dar trys atpa\u017e\u012fstamos situacijos.<\/p>\n<p><strong>Imkite GILYN ir kurkite stipr\u0173 ry\u0161\u012f \u0161eimoje!<\/strong>[\/vc_column_text][\/vc_tta_section][vc_tta_section title=&#8221;Lietuvos LEGO entuziastai (LitLUG)&#8221; tab_id=&#8221;1697305446534-3f06a005-4139&#8243;][vc_column_text css=&#8221;&#8221;]<strong>Kiekvienais metais LitLUG Comic Con&#8217;e pristato unikalius ir i\u0161skirtinius LEGO statinius. Kvie\u010diame pamatyti ne\u012ftik\u0117tinas LEGO ekspozicijas ir susipa\u017einti i\u0161 ar\u010diau su LitLUG veikla.<\/strong><\/p>\n<p>Kas yra LEGO Vartotoj\u0173 Grup\u0117s? Tai visame pasaulyje egzistuojan\u010dios bendramin\u010di\u0173 grup\u0117s labiausiai \u017einomos angli\u0161ku sutrumpinimu LUG (LEGO User Group). Ma\u017eesn\u0117s \u0161alys turi vien\u0105 kit\u0105 grup\u0119, didesn\u0117s \u0161alys gali pasid\u017eiaugti didesne grupi\u0173 \u012fvairove ir specializacija. \u0160i\u0173 grupi\u0173 nariai yra tik suaug\u0119 \u017emon\u0117s, kur kartais ir 50 met\u0173 am\u017eius \u2013 ne riba. LEGO yra labai universalus konstruktorius leid\u017eiantis \u017emon\u0117ms pasireik\u0161ti, o kadangi egzistuoja labai daug \u012fvairi\u0173 tem\u0173, tad su laiku kiekvienas suranda bendramin\u010di\u0173.[\/vc_column_text][\/vc_tta_section][vc_tta_section title=&#8221;Vaik\u0173 linija&#8221; tab_id=&#8221;1697300289287-1234f7d1-c9ea&#8221;][vc_column_text css=&#8221;&#8221;]Vaik\u0173 linija \u2013 tai emocin\u0117s paramos tarnyba vaikams ir paaugliams, teikianti nemokam\u0105 ir anonimi\u0161k\u0105 pagalb\u0105 telefonu bei internetu.<\/p>\n<p style=\"font-weight: 400;\">Stende gal\u0117site su\u017einoti daugiau apie emocin\u0117s pagalbos svarb\u0105 jauniausiesiems, bet ir drauge sudalyvauti komiks\u0173 k\u016brimo dirbtuv\u0117se bei kitose k\u016brybi\u0161kose veiklose .<\/p>\n<p>[\/vc_column_text][\/vc_tta_section][vc_tta_section title=&#8221;AFOL&#8221; tab_id=&#8221;1697305606598-0434fbac-ad84&#8243;][vc_column_text css=&#8221;&#8221;]<strong>Ma\u017eos kalad\u0117l\u0117s pasakoja dideles istorijas<\/strong><\/p>\n<p>Atsiverkite film\u0173 ir nuotyki\u0173 pasauliui ten, kur kiekviena scena \u2013 i\u0161 LEGO\u00ae kalad\u0117li\u0173! AFOL LITHUANIA ekspozicija kvies ap\u017ei\u016br\u0117ti&nbsp;LEGO\u00ae kalad\u0117l\u0117mis atkurtas garsi\u0173 kino, TV serial\u0173 istorij\u0173 akimirkas bei pasinerti \u012f fantastin\u012f Castle pasaul\u012f.<\/p>\n<p>Nuo epini\u0173 nuotyki\u0173 iki kultini\u0173 persona\u017e\u0173, nuo m\u0117gstam\u0173 rinkini\u0173 iki fantazijos k\u016brini\u0173 \u2013 visa tai i\u0161 ar\u010diau, nei bet kada anks\u010diau.<\/p>\n<p>AFOL Lithuania &#8211; suaugusi\u0173j\u0173 (18+) Lego\u00ae fan\u0173 (AFOL) klubas arba LUG &#8211; Lego\u00ae User Group. Beje, turime ir paaugli\u0173 nari\u0173 (TFOL) sekcij\u0105, tad kvie\u010diame jungtis visus nuo 15 met\u0173.<\/p>\n<p>Jungiam\u0117s, nes mus vienija Lego\u00ae hobis, nes turime tvirt\u0105 gausios ir draugi\u0161kos Lego\u00ae bendruomen\u0117s vizij\u0105 nepriklausomai nuo turim\u0173 konstravimo \u012fg\u016bd\u017ei\u0173, kalad\u0117li\u0173 kieki\u0173 ar m\u0117gstam\u0173 tem\u0173, nes matome, kad ne mes vieni turime poreik\u012f b\u016bti tarp bendramin\u010di\u0173 \ud83d\ude42 Beje, turime ir paaugli\u0173 nari\u0173 (TFOL) sekcij\u0105, tad kvie\u010diame jungtis visus nuo 15 met\u0173.[\/vc_column_text][\/vc_tta_section][vc_tta_section title=&#8221;MIAU&#8221; tab_id=&#8221;1715774600532-89345e98-6b7d&#8221;][vc_column_text css=&#8221;&#8221;]Ateik ir i\u0161bandyk smag\u0173j\u012f \u201cExploding kittens\u201d \u017eaidim\u0105. Sprogstantys ka\u010diukai ir gardus MIAU pieno g\u0117rimas \u2013 puiki kombinacija laikui su \u0161eima ir draugais.[\/vc_column_text][\/vc_tta_section][vc_tta_section title=&#8221;\u017daisl\u0173 planeta&#8221; tab_id=&#8221;1715774957483-a53aba0a-7943&#8243;][vc_column_text css=&#8221;&#8221;]\u017daisl\u0173 planeta \u2013 tai vieta, kur vaikai su d\u017eiaugsmu atranda tiek jau pam\u0117gtus, tiek naujai pristatomus \u017eaislus. Comic Con Baltics festivalyje pasitiks jus besi\u0161ypsantis Sti\u010das ir kiti smag\u016bs persona\u017eai, kuriais gal\u0117site papildyti savo kolekcionuojam\u0173 \u017eaisl\u0173 lentyn\u0105.[\/vc_column_text][\/vc_tta_section][vc_tta_section title=&#8221;Lietuvos in\u017einerijos kolegija&#8221; tab_id=&#8221;1747337362810-09723ce7-b863&#8243;][vc_column_text css=&#8221;&#8221;]Tai vienintel\u0117 auk\u0161toji mokykla turinti savo student\u0173 <em><strong>DRIFT TEAM.<\/strong><\/em><\/p>\n<p>Comic Con\u2018e bus pristatytas drifto simuliatorius, kur\u012f gal\u0117site i\u0161bandyti patys ir pajausti k\u0105 rei\u0161kia slysti lenktyninio automobilio \u0161onu.[\/vc_column_text][\/vc_tta_section][vc_tta_section title=&#8221;Klaip\u0117dos universitetas&#8221; tab_id=&#8221;1747337422463-da6e0eea-0352&#8243;][vc_column_text css=&#8221;&#8221;]Universiteto atstovai supa\u017eindins su galimyb\u0117mis studijuoti paj\u016bryje.[\/vc_column_text][\/vc_tta_section][vc_tta_section title=&#8221;Brain Games&#8221; tab_id=&#8221;1697305251036-8ae725d0-d0ec&#8221;][vc_column_text]<\/p>\n<p style=\"font-weight: 400;\">Informacija ruo\u0161iama.<\/p>\n<p>[\/vc_column_text][\/vc_tta_section][\/vc_tta_accordion][\/vc_column][\/vc_row]<\/p>\n<\/div>","protected":false},"excerpt":{"rendered":"<p>[vc_row][vc_column width=&#8221;1\/2&#8243;][vc_text_separator title=&#8221;VAIKAI \u012e RENGIN\u012e PATENKA NEMOKAMAI&#8221;][vc_column_text]Informuojame, kad ma\u017eieji renginio lankytojai Comic Con&#8217;e gali lankytis nemokamai. Vaikams, kuriems n\u0117ra su\u0117j\u0119 7-eri metai BILIETAS NEREIKALINGAS. Vyresni nei 7-eri\u0173 met\u0173 vaikai privalo tur\u0117ti \u012fsigij\u0119 renginio biliet\u0105.[\/vc_column_text][\/vc_column][vc_column width=&#8221;1\/2&#8243;][vc_text_separator title=&#8221;Papildoma informacija&#8221;][vc_column_text]\u0160eim\u0173 erdv\u0117 yra pritaikyta taip, jog ma\u017eieji renginio lankytojai gal\u0117t\u0173 rasti pramog\u0173 sau, kol t\u0117vai u\u017esiima kitomis veiklomis. Ta\u010diau, [&hellip;]<\/p>\n","protected":false},"author":1,"featured_media":9001,"parent":0,"menu_order":0,"comment_status":"closed","ping_status":"closed","template":"","meta":{"_acf_changed":false,"ngg_post_thumbnail":0,"iawp_total_views":1423,"footnotes":""},"class_list":["post-9003","page","type-page","status-publish","has-post-thumbnail","hentry"],"acf":[],"toolset-meta":{"mobile-app-post-data":{"show-guest-in-app":{"type":"checkbox","raw":"0"},"guest-app-feature-image":{"type":"image","raw":"","attachment_id":null},"guest-description":{"type":"wysiwyg","raw":""},"guest-role":{"type":"textfield","raw":""},"guest-known-for":{"type":"textfield","raw":""}},"field-group-for-pages":[]},"publishpress_future_action":{"enabled":false,"date":"2026-04-18 01:16:22","action":"change-status","newStatus":"draft","terms":[],"taxonomy":"translation_priority","extraData":[]},"publishpress_future_workflow_manual_trigger":{"enabledWorkflows":[]},"_links":{"self":[{"href":"https:\/\/ccbaltics.com\/lt\/wp-json\/wp\/v2\/pages\/9003","targetHints":{"allow":["GET"]}}],"collection":[{"href":"https:\/\/ccbaltics.com\/lt\/wp-json\/wp\/v2\/pages"}],"about":[{"href":"https:\/\/ccbaltics.com\/lt\/wp-json\/wp\/v2\/types\/page"}],"author":[{"embeddable":true,"href":"https:\/\/ccbaltics.com\/lt\/wp-json\/wp\/v2\/users\/1"}],"replies":[{"embeddable":true,"href":"https:\/\/ccbaltics.com\/lt\/wp-json\/wp\/v2\/comments?post=9003"}],"version-history":[{"count":13,"href":"https:\/\/ccbaltics.com\/lt\/wp-json\/wp\/v2\/pages\/9003\/revisions"}],"predecessor-version":[{"id":12372,"href":"https:\/\/ccbaltics.com\/lt\/wp-json\/wp\/v2\/pages\/9003\/revisions\/12372"}],"wp:featuredmedia":[{"embeddable":true,"href":"https:\/\/ccbaltics.com\/lt\/wp-json\/wp\/v2\/media\/9001"}],"wp:attachment":[{"href":"https:\/\/ccbaltics.com\/lt\/wp-json\/wp\/v2\/media?parent=9003"}],"curies":[{"name":"wp","href":"https:\/\/api.w.org\/{rel}","templated":true}]}}