{"id":8161,"date":"2023-03-13T16:19:41","date_gmt":"2023-03-13T14:19:41","guid":{"rendered":"https:\/\/ccbaltics.com\/join\/"},"modified":"2024-04-08T17:54:55","modified_gmt":"2024-04-08T15:54:55","slug":"join","status":"publish","type":"page","link":"https:\/\/ccbaltics.com\/lt\/join\/","title":{"rendered":"Tapkite Comic Con Baltics 2024 dalimi"},"content":{"rendered":"<div class=\"wpb-content-wrapper\"><p>[vc_row][vc_column][vc_column_text]<\/p>\n<h1 style=\"text-align: center;\">PROGA, KURIOS NEGALI PRALEISTI! \ud83e\uddb8\ud83c\udffb<\/h1>\n<p>[\/vc_column_text][\/vc_column][vc_column width=&#8221;2\/3&#8243;][vc_column_text]<strong>\ud83d\uddfa\ufe0f Vieta:<\/strong> LITEXPO (&gt;33 600 kv.m.), Vilnius, Lietuva.&nbsp;<br \/>\n<strong>\ud83d\uddd3\ufe0f Data:<\/strong> Gegu\u017e\u0117s 24-26, 2024<\/p>\n<p>Ar esate pasiruo\u0161\u0119 tapti did\u017eiausio ir epi\u0161kiausio pramog\u0173 renginio Baltijos \u0161alyse dalimi? Jums pasisek\u0117, nes Comic Con Baltics kvie\u010diame JUS prisijungti prie m\u016bs\u0173 renginio kaip pardav\u0117jui, parodos dalyviui ar r\u0117m\u0117jui! \ud83e\udd29 Nuo unikalios prek\u0117s \u017eenklo erdv\u0117s suk\u016brimo iki Holivudo \u017evaig\u017ed\u0117s atvykimo r\u0117mimo \u2013 galimyb\u0117s yra neribotos. Leiskit\u0117s \u012f \u0161i\u0105 nuostabi\u0105 kelion\u0119 kartu! \ud83c\udf1f\ud83d\udd25<\/p>\n<p>Vos per tris dienas \u010dia apsilanko daugiau nei 29 600 lankytoj\u0173 i\u0161 viso pasaulio, tod\u0117l Comic Con Baltics yra puiki vieta pristatyti savo prek\u0117s \u017eenkl\u0105 ir produktus did\u017eiulei popkult\u016bros gerb\u0117j\u0173 auditorijai! \ud83c\udf0e\ud83c\udf0d\ud83c\udf0f<\/p>\n<p><strong>\u201eComic Con Baltics\u201c renginyje gausite:<\/strong> \ud83d\udc4b\ud83c\udffb Erdv\u0119 renginyje ir didel\u012f pasiekiamum\u0105 socialiniuose tinkluose. \ud83d\ude0d Prek\u0117s \u017eenklo matomumas kartu su populiariausiais vardais, tokiais kaip \u201eDell\u201c, \u201eSony\u201c, \u201eMonster Energy\u201c, &#8220;Samsung&#8221;, &#8220;LEGO&#8221; ir kt. \ud83e\udd1d Pa\u017ein\u010di\u0173 mezgimo (networking) galimyb\u0117s. \ud83c\udf81 I\u0161skirtin\u0117s VIP s\u0105lygos m\u016bs\u0173 r\u0117m\u0117jams. \ud83d\udcb0 Investavimo potencialas dirbant su \u012fsitraukusiu ir unikalia auditorija.[\/vc_column_text][\/vc_column][vc_column width=&#8221;1\/3&#8243;][vc_images_carousel images=&#8221;7687,7685,7683,7671,7673,7681,7679,7677,7675&#8243; img_size=&#8221;medium&#8221; onclick=&#8221;link_no&#8221; mode=&#8221;vertical&#8221; speed=&#8221;2000&#8243; autoplay=&#8221;yes&#8221; hide_pagination_control=&#8221;yes&#8221; hide_prev_next_buttons=&#8221;yes&#8221; wrap=&#8221;yes&#8221;][\/vc_column][\/vc_row][vc_row][vc_column][vc_separator][vc_column_text]<\/p>\n<h1 style=\"text-align: center;\">DIRBKIME KARTU! \ud83d\ude80<\/h1>\n<p>Taigi, n\u0117ra ko ilgiau laukti, prisijunkite prie m\u016bs\u0173 ir tapkite nepaprasto renginio dalimi! Tapkite pardav\u0117ju, parodos dalyviu ar r\u0117m\u0117ju \u201eComic Con Baltics\u201c&nbsp; renginyje jau \u0161iandien ir pakelkite savo prek\u0117s \u017eenkl\u0105 \u012f kit\u0105 lyg\u012f! \ud83d\udd25[\/vc_column_text]<div class=\"wpforms-container wpforms-container-full\" id=\"wpforms-5369\"><form id=\"wpforms-form-5369\" class=\"wpforms-validate wpforms-form\" data-formid=\"5369\" method=\"post\" enctype=\"multipart\/form-data\" action=\"\/lt\/wp-json\/wp\/v2\/pages\/8161\" data-token=\"6121bd747d0eef4448bb6d86bb8b8a65\" data-token-time=\"1775253230\"><noscript class=\"wpforms-error-noscript\">Please enable JavaScript in your browser to complete this form.<\/noscript><div class=\"wpforms-field-container\"><div id=\"wpforms-5369-field_0-container\" class=\"wpforms-field wpforms-field-name\" data-field-id=\"0\"><label class=\"wpforms-field-label\" for=\"wpforms-5369-field_0\">\u012emon\u0117s atstovo vardas ir pavard\u0117 <span class=\"wpforms-required-label\">*<\/span><\/label><input type=\"text\" id=\"wpforms-5369-field_0\" class=\"wpforms-field-medium wpforms-field-required\" name=\"wpforms[fields][0]\" required><\/div><div id=\"wpforms-5369-field_3-container\" class=\"wpforms-field wpforms-field-text\" data-field-id=\"3\"><label class=\"wpforms-field-label\" for=\"wpforms-5369-field_3\">\u012emon\u0117s pavadinimas ir statusas (Jeigu neturite, para\u0161ykite veiklos form\u0105 pvz - individuali veikla)  <span class=\"wpforms-required-label\">*<\/span><\/label><input type=\"text\" id=\"wpforms-5369-field_3\" class=\"wpforms-field-medium wpforms-field-required\" name=\"wpforms[fields][3]\" required><div class=\"wpforms-field-description\">Pvz.: UAB \u012emon\u0117s Pavadinimas<\/div><\/div><div id=\"wpforms-5369-field_4-container\" class=\"wpforms-field wpforms-field-number\" data-field-id=\"4\"><label class=\"wpforms-field-label\" for=\"wpforms-5369-field_4\">\u012emon\u0117s kodas (Jeigu neturite, \u012fra\u0161ykite - 0) <span class=\"wpforms-required-label\">*<\/span><\/label><input type=\"number\" id=\"wpforms-5369-field_4\" class=\"wpforms-field-medium wpforms-field-required\" name=\"wpforms[fields][4]\" step=\"any\" required><\/div><div id=\"wpforms-5369-field_5-container\" class=\"wpforms-field wpforms-field-text\" data-field-id=\"5\"><label class=\"wpforms-field-label\" for=\"wpforms-5369-field_5\">\u012emon\u0117s PVM kodas <\/label><input type=\"text\" id=\"wpforms-5369-field_5\" class=\"wpforms-field-medium\" name=\"wpforms[fields][5]\" ><\/div><div id=\"wpforms-5369-field_9-container\" class=\"wpforms-field wpforms-field-text\" data-field-id=\"9\"><label class=\"wpforms-field-label\" for=\"wpforms-5369-field_9\">Internetinio puslapio adresas<\/label><input type=\"text\" id=\"wpforms-5369-field_9\" class=\"wpforms-field-medium\" name=\"wpforms[fields][9]\" ><div class=\"wpforms-field-description\">Jeigu neturite, nurodykite socialinio tinklo adres\u0105<\/div><\/div><div id=\"wpforms-5369-field_1-container\" class=\"wpforms-field wpforms-field-email\" data-field-id=\"1\"><label class=\"wpforms-field-label\" for=\"wpforms-5369-field_1\">El. Pa\u0161tas <span class=\"wpforms-required-label\">*<\/span><\/label><input type=\"email\" id=\"wpforms-5369-field_1\" class=\"wpforms-field-medium wpforms-field-required\" name=\"wpforms[fields][1]\" spellcheck=\"false\" required><\/div><div id=\"wpforms-5369-field_6-container\" class=\"wpforms-field wpforms-field-number\" data-field-id=\"6\"><label class=\"wpforms-field-label\" for=\"wpforms-5369-field_6\">Telefono numeris <span class=\"wpforms-required-label\">*<\/span><\/label><input type=\"number\" id=\"wpforms-5369-field_6\" class=\"wpforms-field-medium wpforms-field-required\" name=\"wpforms[fields][6]\" step=\"any\" required><\/div><div id=\"wpforms-5369-field_8-container\" class=\"wpforms-field wpforms-field-number\" data-field-id=\"8\"><label class=\"wpforms-field-label\" for=\"wpforms-5369-field_8\">Pageidaujamas plotas renginyje<\/label><input type=\"number\" id=\"wpforms-5369-field_8\" class=\"wpforms-field-medium\" name=\"wpforms[fields][8]\" step=\"any\" ><div class=\"wpforms-field-description\">nurodykite planuojamo stendo dyd\u012f, kiek kvadratini\u0173 metr\u0173 nor\u0117tum\u0117te rezervuotis<\/div><\/div><div id=\"wpforms-5369-field_7-container\" class=\"wpforms-field wpforms-field-textarea\" data-field-id=\"7\"><label class=\"wpforms-field-label\" for=\"wpforms-5369-field_7\">Veiklos sritis <span class=\"wpforms-required-label\">*<\/span><\/label><textarea id=\"wpforms-5369-field_7\" class=\"wpforms-field-medium wpforms-field-required\" name=\"wpforms[fields][7]\" required><\/textarea><div class=\"wpforms-field-description\">para\u0161ykite kokius produkt\u0105\/us, paslaug\u0105\/as planuojate pristatyti \"Comic Con Baltics\" renginyje<\/div><\/div><div id=\"wpforms-5369-field_2-container\" class=\"wpforms-field wpforms-field-textarea\" data-field-id=\"2\"><label class=\"wpforms-field-label\" for=\"wpforms-5369-field_2\">Komentaras, pastabos, norai  <span class=\"wpforms-required-label\">*<\/span><\/label><textarea id=\"wpforms-5369-field_2\" class=\"wpforms-field-medium wpforms-field-required\" name=\"wpforms[fields][2]\" required><\/textarea><div class=\"wpforms-field-description\">para\u0161ykite: ar reikalinga stendo \u012frengimo paslauga, el. \u012fvadas (kokio galingumo ir kiek ta\u0161k\u0173), ar reikalinga stende kilimin\u0117 danga, k\u0117d\u0117s, stalai ir kt. <\/div><\/div><\/div><!-- .wpforms-field-container --><div class=\"wpforms-field wpforms-field-hp\"><label for=\"wpforms-5369-field-hp\" class=\"wpforms-field-label\">Phone<\/label><input type=\"text\" name=\"wpforms[hp]\" id=\"wpforms-5369-field-hp\" class=\"wpforms-field-medium\"><\/div><div class=\"wpforms-recaptcha-container wpforms-is-recaptcha wpforms-is-recaptcha-type-v3\" ><input type=\"hidden\" name=\"wpforms[recaptcha]\" value=\"\"><\/div><div class=\"wpforms-submit-container\" ><input type=\"hidden\" name=\"wpforms[id]\" value=\"5369\"><input type=\"hidden\" name=\"page_title\" value=\"\"><input type=\"hidden\" name=\"page_url\" value=\"https:\/\/ccbaltics.com\/lt\/wp-json\/wp\/v2\/pages\/8161\"><input type=\"hidden\" name=\"url_referer\" value=\"\"><button type=\"submit\" name=\"wpforms[submit]\" id=\"wpforms-submit-5369\" class=\"wpforms-submit\" data-alt-text=\"Sending...\" data-submit-text=\"Submit\" aria-live=\"assertive\" value=\"wpforms-submit\">Submit<\/button><\/div><\/form><\/div>  <!-- .wpforms-container -->[vc_message]<\/p>\n<h3><strong>SUSISIEKIME<\/strong><\/h3>\n<p>Susisiekite su <a href=\"mailto: darius@ccbaltics.com\">Dariumi Krasausku<\/a> i\u0161 m\u016bs\u0173 parod\u0173 pardavimo komandos, kad aptartume lanks\u010dias stendo parinkties s\u0105lygas.<\/p>\n<p>Norite, kad j\u016bs\u0173 prek\u0117s \u017eenklas b\u016bt\u0173 matomas t\u016bkstan\u010diams CCB dalyvi\u0173? Susisiekite su <a href=\"mailto: tomas@ccbaltics.com\">Tomu Vievesiu<\/a> i\u0161 m\u016bs\u0173 r\u0117m\u0117j\u0173 pardavimo komandos, kad aptartume k\u016brybin\u0117s rinkodaros galimybes.[\/vc_message][\/vc_column][\/vc_row]<\/p>\n<\/div>","protected":false},"excerpt":{"rendered":"<p>[vc_row][vc_column][vc_column_text] PROGA, KURIOS NEGALI PRALEISTI! \ud83e\uddb8\ud83c\udffb [\/vc_column_text][\/vc_column][vc_column width=&#8221;2\/3&#8243;][vc_column_text]\ud83d\uddfa\ufe0f Vieta: LITEXPO (&gt;33 600 kv.m.), Vilnius, Lietuva.&nbsp; \ud83d\uddd3\ufe0f Data: Gegu\u017e\u0117s 24-26, 2024 Ar esate pasiruo\u0161\u0119 tapti did\u017eiausio ir epi\u0161kiausio pramog\u0173 renginio Baltijos \u0161alyse dalimi? Jums pasisek\u0117, nes Comic Con Baltics kvie\u010diame JUS prisijungti prie m\u016bs\u0173 renginio kaip pardav\u0117jui, parodos dalyviui ar r\u0117m\u0117jui! \ud83e\udd29 Nuo unikalios prek\u0117s \u017eenklo [&hellip;]<\/p>\n","protected":false},"author":1,"featured_media":0,"parent":0,"menu_order":0,"comment_status":"closed","ping_status":"closed","template":"","meta":{"_acf_changed":false,"ngg_post_thumbnail":0,"iawp_total_views":3019,"footnotes":""},"class_list":["post-8161","page","type-page","status-publish","hentry"],"acf":[],"toolset-meta":{"mobile-app-post-data":{"show-guest-in-app":{"type":"checkbox","raw":"0"},"guest-app-feature-image":{"type":"image","raw":"","attachment_id":null},"guest-description":{"type":"wysiwyg","raw":""},"guest-role":{"type":"textfield","raw":""},"guest-known-for":{"type":"textfield","raw":""}},"field-group-for-pages":[]},"publishpress_future_action":{"enabled":false,"date":"2026-04-10 23:53:50","action":"change-status","newStatus":"draft","terms":[],"taxonomy":"translation_priority","extraData":[]},"publishpress_future_workflow_manual_trigger":{"enabledWorkflows":[]},"_links":{"self":[{"href":"https:\/\/ccbaltics.com\/lt\/wp-json\/wp\/v2\/pages\/8161","targetHints":{"allow":["GET"]}}],"collection":[{"href":"https:\/\/ccbaltics.com\/lt\/wp-json\/wp\/v2\/pages"}],"about":[{"href":"https:\/\/ccbaltics.com\/lt\/wp-json\/wp\/v2\/types\/page"}],"author":[{"embeddable":true,"href":"https:\/\/ccbaltics.com\/lt\/wp-json\/wp\/v2\/users\/1"}],"replies":[{"embeddable":true,"href":"https:\/\/ccbaltics.com\/lt\/wp-json\/wp\/v2\/comments?post=8161"}],"version-history":[{"count":6,"href":"https:\/\/ccbaltics.com\/lt\/wp-json\/wp\/v2\/pages\/8161\/revisions"}],"predecessor-version":[{"id":10054,"href":"https:\/\/ccbaltics.com\/lt\/wp-json\/wp\/v2\/pages\/8161\/revisions\/10054"}],"wp:attachment":[{"href":"https:\/\/ccbaltics.com\/lt\/wp-json\/wp\/v2\/media?parent=8161"}],"curies":[{"name":"wp","href":"https:\/\/api.w.org\/{rel}","templated":true}]}}