{"id":7827,"date":"2023-03-03T17:18:39","date_gmt":"2023-03-03T15:18:39","guid":{"rendered":"https:\/\/ccbaltics.com\/confirmed\/"},"modified":"2023-08-23T13:06:49","modified_gmt":"2023-08-23T11:06:49","slug":"patvirtinta","status":"publish","type":"page","link":"https:\/\/ccbaltics.com\/lt\/patvirtinta\/","title":{"rendered":"Patvirtintos veiklos"},"content":{"rendered":"<div class=\"wpb-content-wrapper\"><p>[vc_row][vc_column][vc_column_text]Nem\u0117gstate laukti? \ud83d\ude45\u200d\u2642\ufe0f Mes irgi ne! Jei trok\u0161tate pa\u017evelgti \u012f tai, kas laukia Comic Con Baltics, jums pasisek\u0117! \ud83d\ude09 Per\u017ei\u016br\u0117kite \u0161\u012f puslap\u012f, kad prie\u0161 paskelbiant galutin\u012f tvarkara\u0161t\u012f pamatytum\u0117te visas patvirtintas diskusijas ir veiklas! \ud83d\udd0d Nepraleiskite progos planuoti i\u0161 anksto ir prisijunkite prie vis\u0173 laukian\u010di\u0173 nuostabi\u0173 linksmybi\u0173 ir \u012fsp\u016bd\u017ei\u0173! \ud83c\udf89[\/vc_column_text][vc_tta_accordion][vc_tta_section title=&#8221;Penktadienis (spalio 20): Ketnipz ir Paul de Miko&#8221; tab_id=&#8221;ketnipz-demiko&#8221;][vc_column_text]<\/p>\n<h1>K\u016brybini\u0173 keli\u0173 ie\u0161kotojai: turinio k\u016br\u0117j\u0173 karjeros k\u016brimas<\/h1>\n<p><img decoding=\"async\" class=\"alignright wp-image-8331 size-medium\" src=\"https:\/\/ccbaltics.com\/wp-content\/uploads\/2023\/08\/1020-Hambley-Demiko-300x300.png\" alt=\"\" width=\"300\" height=\"300\" srcset=\"https:\/\/ccbaltics.com\/wp-content\/uploads\/2023\/08\/1020-Hambley-Demiko-300x300.png 300w, https:\/\/ccbaltics.com\/wp-content\/uploads\/2023\/08\/1020-Hambley-Demiko-1024x1024.png 1024w, https:\/\/ccbaltics.com\/wp-content\/uploads\/2023\/08\/1020-Hambley-Demiko-768x768.png 768w, https:\/\/ccbaltics.com\/wp-content\/uploads\/2023\/08\/1020-Hambley-Demiko.png 1080w\" sizes=\"(max-width: 300px) 100vw, 300px\" \/><\/p>\n<p>Pasiruo\u0161kite \u012fkvepian\u010diai diskusijai <strong><a href=\"https:\/\/ccbaltics.com\/schoolday\/\" target=\"_blank\" rel=\"noopener\">Comic Con Baltics School Day<\/a><\/strong> metu! \ud83c\udfeb\ud83c\udf1f Prisijunkite prie m\u016bs\u0173 \u201eK\u016brybini\u0173 keli\u0173 ie\u0161kotojai: turinio k\u016br\u0117j\u0173 karjeros k\u016brimas\u201c panelyje, kuriame dalyvaus visame pasaulyje pripa\u017einta \u201eTikTok\u201c sensacija ir \u201eKetnipz\u201c k\u016br\u0117jas <strong><a href=\"https:\/\/ccbaltics.com\/lt\/actor-2023\/ketnipz\/\" target=\"_blank\" rel=\"noopener\">Harry Hambley<\/a><\/strong>, kartu su <strong><a href=\"https:\/\/ccbaltics.com\/lt\/actor-2023\/paul-de-miko\/\" target=\"_blank\" rel=\"noopener\">Paul de Miko<\/a><\/strong>, Lietuvos turinio k\u016brimo \u017evaig\u017ede ir influenceriu! \ud83c\udfa4\ud83e\udd1d\ud83c\uddf1\ud83c\uddf9<\/p>\n<p>\ud83d\uddd3\ufe0f Apibraukite savo kalendoriuje spalio 20 dien\u0105 ir keliaukite \u012f LITEXPO, Vilniuje. Laikas su\u017einoti paslapt\u012f, kaip prad\u0117ti savo kelion\u0119 paver\u010diant turimus talentus \u012f turinio k\u016brim\u0105! \ud83d\ude80\ud83c\udfac<\/p>\n<p>Nesvarbu, ar svajojate tapti kita did\u017eiausia sensacija socialin\u0117je medijoje, ar tiesiog trok\u0161tate pasisemti i\u0161minties i\u0161 geriausi\u0173 \u0161ios srities atstov\u0173, \u0161i diskusija yra j\u016bs\u0173 auksinis bilietas! \u2728 Pasiruo\u0161kite \u012ftraukian\u010diam pokalbiui, pilnam u\u017ekulisini\u0173 istorij\u0173, i\u0161\u0161\u016bki\u0173 ir s\u0117kmi\u0173 tiesiai i\u0161 \u0161i\u0173 dviej\u0173 \u017einom\u0173 influenceri\u0173. \ud83c\udf99\ufe0f\ud83d\udcc8\ud83d\ude80<\/p>\n<p>Neleiskite \u0161iai galimybei i\u0161slysti! Susitiksime <strong><a href=\"https:\/\/ccbaltics.com\/schoolday\/\" target=\"_blank\" rel=\"noopener\">Comic Con Baltics School Day<\/a><\/strong> metu! \ud83c\udf89\ud83e\udd29<\/p>\n<p><strong>Nepamir\u0161k:<\/strong> <a href=\"https:\/\/ccbaltics.com\/schoolday\/\" target=\"_blank\" rel=\"noopener\">jei esi mokinys, su KULT\u016aROS PASU, penktadien\u012f gali lankytis NEMOKAMAI<\/a>.<\/p>\n<h4><strong>Laikas:<\/strong> spalio 20 d., penktadienis<\/h4>\n<p>[\/vc_column_text][\/vc_tta_section][vc_tta_section title=&#8221;\u0160e\u0161tadienis (spalio 21): Nikola Djuricko (Stranger Things) diskusija&#8221; tab_id=&#8221;djuricko-jaq&#8221;][vc_column_text]<\/p>\n<h1>Europos kino \u017evaig\u017ed\u0117s kelion\u0117: Nauja prad\u017eia Holivude ir prisijungimas prie \u201eStranger Things\u201c<\/h1>\n<p><img decoding=\"async\" class=\"alignright wp-image-7817 size-medium\" src=\"https:\/\/ccbaltics.com\/wp-content\/uploads\/2023\/03\/1021-Djuricko-Jaq-300x300.png\" alt=\"\" width=\"300\" height=\"300\" srcset=\"https:\/\/ccbaltics.com\/wp-content\/uploads\/2023\/03\/1021-Djuricko-Jaq-300x300.png 300w, https:\/\/ccbaltics.com\/wp-content\/uploads\/2023\/03\/1021-Djuricko-Jaq-1024x1024.png 1024w, https:\/\/ccbaltics.com\/wp-content\/uploads\/2023\/03\/1021-Djuricko-Jaq-768x768.png 768w, https:\/\/ccbaltics.com\/wp-content\/uploads\/2023\/03\/1021-Djuricko-Jaq.png 1080w\" sizes=\"(max-width: 300px) 100vw, 300px\" \/>Neu\u017estrikite Apverstojoje visatoje \ud83c\udf00, pasiruo\u0161kite nepamir\u0161tamai diskusijai Comic Con Baltics 2023 renginyje \u0161e\u0161tadien\u012f, spalio 21 d.! \ud83c\udfac \ud83d\ude80<\/p>\n<p>M\u016bs\u0173 renginio ved\u0117jas <strong><a href=\"https:\/\/ccbaltics.com\/lt\/actor-2023\/jaq-greenspon\/\" target=\"_blank\" rel=\"noopener noreferrer\">Jaq Greenspon<\/a><\/strong> moderuos i\u0161skirtin\u012f pokalb\u012f su talentinguoju <strong><a href=\"https:\/\/ccbaltics.com\/lt\/actor-2023\/nikola-djuricko\/\" target=\"_blank\" rel=\"noopener noreferrer\">Nikola Djuricko<\/a><\/strong>, vaidinusiu Yuri Ismaylov ketvirtajame \u201eStranger Things\u201c sezone. \ud83c\udf1f<\/p>\n<p>Leiskit\u0117s \u012f \u012fkvepian\u010di\u0105 kelion\u0119 kartu su Nikola, kurioje jis pasidalins savo ne\u012ftik\u0117tina istorija apie \u0161uol\u012f i\u0161 Europos kino \u012f Holivudo \u017evaig\u017ed\u017ei\u0173 apsupt\u012f. \ud83c\udfa5<\/p>\n<p>Prisijunkite prie Jaq ir Nikola diskusijos apie i\u0161\u0161\u016bkius pradedant nauj\u0105 karjeros etap\u0105 ir su\u017einokite apie Nikola patirt\u012f filmuojantis Lietuvoje, kur buvo \u012fam\u017einta nema\u017ea dalis paskutiniojo \u201eStranger Things\u201c serialo sezono. \ud83c\udfac<\/p>\n<p>Prisisekite dir\u017eus, nes \u0161i diskusija taps pa\u0161\u0117lusiu pasiva\u017ein\u0117jimu, kupinu juoko ir \u012fdomi\u0173 istorij\u0173. \ud83e\udd13<\/p>\n<p>Nepraleiskite \u0161ios nuostabios progos pamatyti du profesionalus, turin\u010dius Holivudo patirties, susirinkusius \u012f nepamir\u0161tam\u0105 pokalb\u012f. Iki pasimatymo! \ud83d\udc4b<\/p>\n<h4>Laikas: spalio 21 d., \u0161e\u0161tadienis<\/h4>\n<p>[\/vc_column_text][\/vc_tta_section][\/vc_tta_accordion][\/vc_column][\/vc_row][vc_row][vc_column][vc_column_text]<a href=\"https:\/\/ccbaltics.com\/lt\/bilietai\/\" target=\"_blank\" rel=\"noopener noreferrer\"><img decoding=\"async\" class=\"alignright wp-image-7448 size-full\" src=\"https:\/\/ccbaltics.com\/wp-content\/uploads\/2022\/11\/get-yer-ticket-lt.png\" sizes=\"(max-width: 1920px) 100vw, 1920px\" srcset=\"https:\/\/ccbaltics.com\/wp-content\/uploads\/2022\/11\/get-yer-ticket-lt.png 1920w, https:\/\/ccbaltics.com\/wp-content\/uploads\/2022\/11\/get-yer-ticket-lt-300x84.png 300w, https:\/\/ccbaltics.com\/wp-content\/uploads\/2022\/11\/get-yer-ticket-lt-1024x288.png 1024w, https:\/\/ccbaltics.com\/wp-content\/uploads\/2022\/11\/get-yer-ticket-lt-768x216.png 768w, https:\/\/ccbaltics.com\/wp-content\/uploads\/2022\/11\/get-yer-ticket-lt-1536x432.png 1536w\" alt=\"\" width=\"1920\" height=\"540\"><\/a>[\/vc_column_text][\/vc_column][\/vc_row]<\/p>\n<\/div>","protected":false},"excerpt":{"rendered":"<p>[vc_row][vc_column][vc_column_text]Nem\u0117gstate laukti? \ud83d\ude45\u200d\u2642\ufe0f Mes irgi ne! Jei trok\u0161tate pa\u017evelgti \u012f tai, kas laukia Comic Con Baltics, jums pasisek\u0117! \ud83d\ude09 Per\u017ei\u016br\u0117kite \u0161\u012f puslap\u012f, kad prie\u0161 paskelbiant galutin\u012f tvarkara\u0161t\u012f pamatytum\u0117te visas patvirtintas diskusijas ir veiklas! \ud83d\udd0d Nepraleiskite progos planuoti i\u0161 anksto ir prisijunkite prie vis\u0173 laukian\u010di\u0173 nuostabi\u0173 linksmybi\u0173 ir \u012fsp\u016bd\u017ei\u0173! \ud83c\udf89[\/vc_column_text][vc_tta_accordion][vc_tta_section title=&#8221;Penktadienis (spalio 20): Ketnipz ir Paul [&hellip;]<\/p>\n","protected":false},"author":1,"featured_media":7825,"parent":0,"menu_order":0,"comment_status":"closed","ping_status":"closed","template":"","meta":{"_acf_changed":false,"ngg_post_thumbnail":0,"iawp_total_views":10,"footnotes":""},"class_list":["post-7827","page","type-page","status-publish","has-post-thumbnail","hentry"],"acf":[],"toolset-meta":{"mobile-app-post-data":{"show-guest-in-app":{"type":"checkbox","raw":""},"guest-app-feature-image":{"type":"image","raw":"","attachment_id":null},"guest-description":{"type":"wysiwyg","raw":""},"guest-role":{"type":"textfield","raw":""},"guest-known-for":{"type":"textfield","raw":""}},"field-group-for-pages":[]},"publishpress_future_action":{"enabled":false,"date":"2026-04-18 17:55:43","action":"change-status","newStatus":"draft","terms":[],"taxonomy":"translation_priority","extraData":[]},"publishpress_future_workflow_manual_trigger":{"enabledWorkflows":[]},"_links":{"self":[{"href":"https:\/\/ccbaltics.com\/lt\/wp-json\/wp\/v2\/pages\/7827","targetHints":{"allow":["GET"]}}],"collection":[{"href":"https:\/\/ccbaltics.com\/lt\/wp-json\/wp\/v2\/pages"}],"about":[{"href":"https:\/\/ccbaltics.com\/lt\/wp-json\/wp\/v2\/types\/page"}],"author":[{"embeddable":true,"href":"https:\/\/ccbaltics.com\/lt\/wp-json\/wp\/v2\/users\/1"}],"replies":[{"embeddable":true,"href":"https:\/\/ccbaltics.com\/lt\/wp-json\/wp\/v2\/comments?post=7827"}],"version-history":[{"count":7,"href":"https:\/\/ccbaltics.com\/lt\/wp-json\/wp\/v2\/pages\/7827\/revisions"}],"predecessor-version":[{"id":8337,"href":"https:\/\/ccbaltics.com\/lt\/wp-json\/wp\/v2\/pages\/7827\/revisions\/8337"}],"wp:featuredmedia":[{"embeddable":true,"href":"https:\/\/ccbaltics.com\/lt\/wp-json\/wp\/v2\/media\/7825"}],"wp:attachment":[{"href":"https:\/\/ccbaltics.com\/lt\/wp-json\/wp\/v2\/media?parent=7827"}],"curies":[{"name":"wp","href":"https:\/\/api.w.org\/{rel}","templated":true}]}}