{"id":6496,"date":"2022-05-09T12:30:55","date_gmt":"2022-05-09T10:30:55","guid":{"rendered":"https:\/\/ccbaltics.com\/?page_id=6496"},"modified":"2023-09-26T19:46:41","modified_gmt":"2023-09-26T17:46:41","slug":"programa-2022","status":"publish","type":"page","link":"https:\/\/ccbaltics.com\/lt\/programa-2022\/","title":{"rendered":"Programa"},"content":{"rendered":"<div class=\"wpb-content-wrapper\"><p>[vc_row][vc_column][vc_message message_box_color=&#8221;alert-info&#8221;]<\/p>\n<h1>2022 m. Comic Con Baltics programa jau \u010dia!<\/h1>\n<p>[\/vc_message][vc_column_text]<\/p>\n<h1 style=\"text-align: center;\"><a href=\"https:\/\/ccbaltics.com\/lt\/bilietai\/\" target=\"_blank\" rel=\"noopener noreferrer\"><img decoding=\"async\" class=\"aligncenter wp-image-7448 size-full\" src=\"https:\/\/ccbaltics.com\/wp-content\/uploads\/2022\/11\/get-yer-ticket-lt.png\" alt=\"\" width=\"1920\" height=\"540\" srcset=\"https:\/\/ccbaltics.com\/wp-content\/uploads\/2022\/11\/get-yer-ticket-lt.png 1920w, https:\/\/ccbaltics.com\/wp-content\/uploads\/2022\/11\/get-yer-ticket-lt-300x84.png 300w, https:\/\/ccbaltics.com\/wp-content\/uploads\/2022\/11\/get-yer-ticket-lt-1024x288.png 1024w, https:\/\/ccbaltics.com\/wp-content\/uploads\/2022\/11\/get-yer-ticket-lt-768x216.png 768w, https:\/\/ccbaltics.com\/wp-content\/uploads\/2022\/11\/get-yer-ticket-lt-1536x432.png 1536w\" sizes=\"(max-width: 1920px) 100vw, 1920px\" \/><\/a><a href=\"http:\/\/bilietai.ccbaltics.com\"><br \/>\n<\/a><\/h1>\n<p>[\/vc_column_text][\/vc_column][\/vc_row]<\/p>\n<\/div>","protected":false},"excerpt":{"rendered":"<p>[vc_row][vc_column][vc_message message_box_color=&#8221;alert-info&#8221;] 2022 m. Comic Con Baltics programa jau \u010dia! [\/vc_message][vc_column_text] [\/vc_column_text][\/vc_column][\/vc_row]<\/p>\n","protected":false},"author":1,"featured_media":0,"parent":0,"menu_order":0,"comment_status":"closed","ping_status":"closed","template":"templates\/schedule.php","meta":{"_acf_changed":false,"ngg_post_thumbnail":0,"iawp_total_views":384,"footnotes":""},"class_list":["post-6496","page","type-page","status-publish","hentry"],"acf":{"event_day":[{"date":"20220520","where":[{"place":"3 sal\u0117. Pagrindin\u0117 scena","entry":[{"time":"10:00 - 16:00","title":"#LietuvosKariuomen\u0117Pristato Mokini\u0173 konkurso: ,,K\u0105 \u017einai apie Lietuvos kariuomen\u0119?\" finalas (LT)","img":7118,"description":"10.00 \u2013 10.05 - Konkurso atidarymas\r\n10.05 \u2013 12.00 - Atrankinis finalo turas, kavos pertrauk\u0117l\u0117\r\n12.00 \u2013 13.00 - Piet\u016bs, trumpa stend\u0173 ap\u017ei\u016bra\r\n13.00 \u2013 15.30 -\u00a0 Finalinis turas\r\n15.30 \u2013 16.00 - Konkurso pabaiga, apdovanojimai"}]},{"place":"5.1 sal\u0117 powered by Delfi & Login.lt","entry":[{"time":"11:00 - 11:45","title":"#CCBalticsPristato Paul Takahashi: Nuo kompiuterini\u0173 \u017eaidim\u0173 iki mados industrijos - koki\u0173 pie\u0161imo \u012fg\u016bd\u017ei\u0173 reikia norint tapti s\u0117kmingu?","img":7124,"description":"Prane\u0161\u0117jas - Paul Takahashi."},{"time":"12:00 - 12:45","title":"#LietuvosKariuomen\u0117Pristato Ernestas Kuckailis: Kuo ginkluoti m\u016bs\u0173 herojai? (LT)","img":7114,"description":"Prane\u0161\u0117jas - Ernestas Kuckailis."},{"time":"13:00 - 13:45","title":"#VILNIUSTECHPristato Inesa Kurklietyt\u0117: Filmo k\u016brimas - nuo id\u0117jos iki \u012fgyvendinimo (LT)","img":7116,"description":"Prane\u0161\u0117ja - Inesa Kurklietyt\u0117."},{"time":"14:00 - 14:45","title":"#CCBalticsPristato Artiom \u017dukovskij: Ginkl\u0173 valdymas kompiuteriniuose \u017eaidimuose vs realyb\u0117je - skirtumai ir pana\u0161umai (LT)","img":6398,"description":"Prane\u0161\u0117jas - Artiom \u017dukovskij."},{"time":"15:00 - 15:45","title":"#VDUPristato Edgaras Abromavi\u010dius: Edukacijos per esport\u0105 vystymas - VDU atvejis (LT)","img":6398,"description":"Prane\u0161\u0117jas - Edgaras Abromavi\u010dius."}]},{"place":"5.2 sal\u0117","entry":[{"time":"11:00 - 12:45","title":"#CCBalticsPristato JPSPP protm\u016b\u0161io finalinis etapas: Sveikatos superherojai (LT)\r\n","img":7132,"description":"Ved\u0117jas - Laurynas Rimkus."},{"time":"13:00 - 14:45","title":"#CCBalticsPristato Dirbtuv\u0117s su Paul Takahashi: Pagrindai ir specifika, pad\u0117siantys pasiekti tavo menin\u0117s karjeros tikslus (EN)\r\n","img":7124,"description":"Prane\u0161\u0117jas - Paul Takahashi."},{"time":"15:00 - 15:45","title":"#RobotikosMokyklaPristato Paulius Briedis: Kaip mes mok\u0117me suomius kurti dirbtin\u012f intelekt\u0105. Ir kaip to mokytis dar mokykloje (LT)","img":7126,"description":"Prane\u0161\u0117jas - Paulius Briedis."}]},{"place":"5.3 sal\u0117","entry":[{"time":"11:00 - 11:45","title":"#EstotyPristato Pavel Syrnicki: Kaip sukurti ,,skan\u0173\" \u017eaidim\u0105 (LT)","img":7106,"description":"Prane\u0161\u0117jas - Pavel Syrnicki."},{"time":"12:00 - 12:45","title":"#CCBalticsPristato Cosplay dirbtuv\u0117s su Merry All-Nighter: 3D spausdinimo pagrindai (EN)","img":7009,"description":"Prane\u0161\u0117ja - Merry All-Nighter."},{"time":"13:00 - 13:45","title":"#CCBalticsPristato JPSPP: Mitai apie sveikat\u0105 ir geiming\u0105 - kokia realyb\u0117? (LT)","img":7132,"description":"Diskusijos dalyviai - Simas ,,Svarbeusedariti\" Anu\u017eis, psicholog\u0117 Jolanta \u0160abliauskien\u0117 ir LIJOT nar\u0117 Karolina Po\u0161kut\u0117."},{"time":"14:00 - 14:45","title":"#CCBalticsPristato Tomas Pocius: Kaip tapti pokemon\u0173 treneriu realyb\u0117je? (LT)","img":7273,"description":"Prane\u0161\u0117jas - Tomas Pocius."},{"time":"15:00 - 15:45","title":"#VIILNIUSTECHPristato Tomas Mitkus: Istorija + komiksai. Ar yra vietos k\u016brybai? (LT)","img":7130,"description":"Prane\u0161\u0117jas - Tomas Mitkus."}]},{"place":"4 sal\u0117. Esporto sal\u0117","entry":[{"time":"13:00 - 13:45","title":"#CCBalticsPristato Controlieriai reunion: \u010cestovas ir Antanas J","img":6398,"description":""}]}]},{"date":"20220521","where":[{"place":"3 sal\u0117. Pagrindin\u0117 scena","entry":[{"time":"11:30 - 12:15","title":"Atidarymo ceremonija (EN)","img":6398,"description":"Ved\u0117jas - Jaq Greenspon."},{"time":"13:00 - 13:45","title":"#CCBalticsPristato Roger Clark, Rob Wiethoff: RED DEAD REDEMPTION (EN)","img":5650,"description":"Moderatorius - Ignas Grinevi\u010dius.\r\n"},{"time":"14:00 - 14:30","title":"Cosplay sve\u010di\u0173 diskusija (EN)","img":6398,"description":""},{"time":"14:35 - 15:45","title":"Cosplay konkursas: I dalis (EN)","img":6398,"description":""},{"time":"16:00 - 16:45","title":"#CCBalticsPristato Sarah Andersen: SARAH'S SCRIBBLES, Cassandra Calin: CASSANDRA COMICS, Reza Farazmand: POORLY DRAWN LINES (EN)","img":6398,"description":"Moderatorius - Jaq Greenspon."},{"time":"17:00 - 17:45","title":"Cosplay konkursas: II dalis (EN)","img":6398,"description":""}]},{"place":"5.1 sal\u0117 powered by Delfi & Login.lt","entry":[{"time":"13:00 - 13:45","title":"#MeetLithuanianFilmIndustry ,,TROLI\u0172 FERMA\": visi\u0161kai naujas, kuriamas ir pirmasis tokio lygio lietuvi\u0161kas serialas (LT)","img":6502,"description":"Diskusijos sve\u010diai - Gabija Siurbyt\u0117, Kristina Kulionien\u0117, Audrius Kuprevi\u010dius, Agneta Tum\u0117, Ernestas Jankauskas.\r\nModeratorius - Vaidotas Baumila."},{"time":"14:00 - 14:45","title":"#Atvykim\u0105RemiaPartyCasino Enrique Arce: MONEY HEIST (EN)","img":6755,"description":"Moderator\u0117 - Aist\u0117 Dir\u017ei\u016bt\u0117."},{"time":"15:00 - 15:45","title":"#JAVAmbasadaPristato RJ Mitte: BREAKING BAD (EN)","img":5675,"description":"Moderator\u0117 - Aist\u0117 Dir\u017ei\u016bt\u0117."},{"time":"16:00 - 16:45","title":"#MeetLithuanianFilmIndustry Vizualiniai efektai: meno ir technologij\u0173 pasaulis su Justu Giedrai\u010diu (BOHEMIAN RHAPSODY, AVENGERS: INFINITY WAR, THE MATRIX RESURRECTIONS, THE JUNGLE BOOK) ir Gediminu Jauga (AVENGERS: INFINITY WAR, STAR WARS: EPISODE IX - THE RISE OF SKYWALKER, VENOM) (LT)","img":6502,"description":"Moderatorius - Vaidotas Baumila."},{"time":"17:00 - 17:45","title":"#SurfsharkPristato Thomas Ridgewell: TOMSKA (EN)","img":7167,"description":"Moderatorius - Paul deMiko."}]},{"place":"5.2 sal\u0117","entry":[{"time":"13:00 - 13:45","title":"#CCBalticsPristato Tomas Pocius: Kaip tapti pokemon\u0173 treneriu realyb\u0117je? (LT)","img":7273,"description":"Prane\u0161\u0117jas - Tomas Pocius."},{"time":"14:00 - 14:45","title":"#VDUPristato Mantautas Ruzas: Netflix hitas Squid Game - \u017emogaus ir m\u016bs\u0173 gyvenamojo pasaulio anatominis pj\u016bvis\r\n (LT)","img":7120,"description":"Prane\u0161\u0117jas - Mantautas Ruzas."},{"time":"15:00 - 15:45","title":"#SkirtingosSpalvosPristato I\u0161blukusi riba. Kaip netapti priklausomu nuo kompiuterini\u0173 \u017eaidim\u0173? (LT)","img":7128,"description":"Diskusijos dalyviai - Advaitas \u017di\u016braitis ir Art\u016bras Rumiancevas.\r\nModeratorius - Dalius Stankevi\u010dius."},{"time":"16:00 - 16:45","title":"#MeetLithuanianFilmIndustry Stiprios \u0161iuolaikin\u0117s moters tema kine: filmas ,,Man viskas gerai'' (LT)","img":6502,"description":"Diskusijos dalyviai - Gabija Siurbyt\u0117, Mija di Marco ir Ernestas Jankauskas."},{"time":"17:00 - 17:45","title":"#CCBalticsPristato Foxtail: Kaip pasiruo\u0161ti ir i\u0161gyventi Cosplay konkurs\u0105 (EN)","img":7134,"description":"Prane\u0161\u0117ja - Foxtail."}]},{"place":"5.3 sal\u0117","entry":[{"time":"13:00 - 13:45","title":"#CCBalticsPristato Agentai: Kasdieniai \u017evaig\u017ed\u017ei\u0173 vadybos i\u0161\u0161\u016bkiai su Jeff Zannini ir Benjamin Brucato (EN)","img":6398,"description":"Diskusijos dalyviai - Jeff Zannini ir Benjamin Brucato. Moderatorius - Jaq Greenspon."},{"time":"14:00 - 14:45","title":"#MeetLithuanianFilmIndustry K\u0105 veikia ir kuo svarb\u016bs kino prodiuseriai? Lineta Mi\u0161eikyt\u0117 (CATHERINE THE GREAT), Gabija Siurbyt\u0117 (CLARK),  Martynas Mick\u0117nas (LEGO, IKEA, MAZDA advertisements) (LT)","img":6502,"description":"Diskusijos dalyviai - Lineta Mi\u0161eikyt\u0117, Gabija Siurbyt\u0117 ir Martynas Mick\u0117nas. Moderator - Ignas Grinevi\u010dius."},{"time":"15:00 - 15:45","title":"#AVAKAPristato Filmo ,,Kabinetas'' pristatymas su \u017divile Mi\u010diulyte, Mindaugu Zagorskiu,\r\n Birute Davidonyte ir Dovydu Pancerovu (LT)","img":7102,"description":"Pristatymo dalyviai - \u017divil\u0117 Mi\u010diulyt\u0117,  Mindaugas Zagorskis, Birut\u0117 Davidonyt\u0117 ir Dovydas Pancerovas. Moderatorius - Ignas Kin\u010dinas."},{"time":"16:00 - 16:45","title":"#CCBalticsPristato Legalus turinys: auksinis VPN am\u017eius (LT)","img":6398,"description":"Diskusijos dalyviai - Daiva Jurkonyt\u0117 (MEDIALAW), Paulius Sartatavi\u010dius  (LATGA) ir Vytautas Simanavi\u010dius (INAC). Moderatorius - Ignas Grinevi\u010dius."}]},{"place":"4 sal\u0117. Esporto sal\u0117","entry":[{"time":"10:30 - 15:30","title":"#VilniusTechPristato \u017daidimo ,,Valorant'' finalinis etapas","img":6398,"description":""},{"time":"15:45 - 16:45","title":"#CCBalticsPristato \u017daidimo ,,Guilty Gear Strive'' finalas","img":6398,"description":""}]},{"place":"1.1 sal\u0117. GameOn \u017eaidim\u0173 konferencijos","entry":[{"time":"13:00 - 13:45","title":"Vladimir Slav: Menas vs verslas. Svarbiausi Indie \u017eaidim\u0173 studijos valdymo procesai ir ypatyb\u0117s (EN)","img":7057,"description":""},{"time":"14:00 - 14:45","title":"Max Mraz: Kaip sukurti Indie \u017eaidim\u0105 neturint finansavimo? (EN)","img":7057,"description":""},{"time":"15:00 - 15:45","title":"Aleksander Kauch: Ne kiekvienam herojui reikalingas prie\u0161as - mano paties kova su savimi (EN)","img":7057,"description":""},{"time":"16:00 - 16:45","title":"Fawzi Mesmar: Kur prasideda k\u016brybinis procesas? Analiz\u0117 ir \u012f\u017evalgos (EN)","img":7057,"description":""},{"time":"17:00 - 17:45","title":" Marijam Did\u017egalvyt\u0117: \u017daisti nelaimi\u0173 akivaizdoje (EN)","img":7057,"description":""}]},{"place":"Autograf\u0173 sesijos","entry":[{"time":"13:00 - 13:30","title":"ENRIQUE ARCE","img":6755,"description":"Autograf\u0173 sesija su Enrique Arce. Kaina: 20 Eur."},{"time":"16:00 - 17:30","title":"ENRIQUE ARCE","img":6755,"description":"Autograf\u0173 sesija su Enrique Arce. Kaina: 20 Eur."},{"time":"13:30 - 14:00","title":"RJ MITTE","img":5675,"description":"Autograf\u0173 sesija su RJ Mitte. Kaina: 20 Eur."},{"time":"16:30 - 18:00","title":"RJ MITTE","img":5675,"description":"Autograf\u0173 sesija su RJ Mitte. Kaina: 20 Eur."},{"time":"14:30 - 15:00","title":"ROB WIETHOFF","img":5679,"description":"Autograf\u0173 sesija su Rob Wiethoff. Kaina: 20 Eur."},{"time":"16:00 - 16:30","title":"ROB WIETHOFF","img":5679,"description":"Autograf\u0173 sesija su Rob Wiethoff. Kaina: 20 Eur."},{"time":"17:00 - 18:00","title":"ROB WIETHOFF","img":5679,"description":"Autograf\u0173 sesija su Rob Wiethoff. Kaina: 20 Eur."}]},{"place":"Nuotrauk\u0173 sesijos","entry":[{"time":"13:00 - 13:30","title":"RJ MITTE","img":5675,"description":"Fotosesija su RJ Mitte. Kaina: 20 Eur."},{"time":"13:30 - 14:00","title":"ENRIQUE ARCE","img":6755,"description":"Fotosesija su Enrique Arce. Kaina: 20 Eur."},{"time":"14:00 - 14:30","title":"ROB WIETHOFF","img":5679,"description":"Fotosesija su Rob Wiethoff. Kaina: 20 Eur."},{"time":"16:00 - 16:30","title":"RJ MITTE","img":5675,"description":"Fotosesija su RJ Mitte. Kaina: 20 Eur."},{"time":"16:30 - 17:00","title":"ROB WIETHOFF","img":5679,"description":"Fotosesija su Rob Wiethoff. Kaina: 20 Eur."},{"time":"17:30 - 18:00","title":"ENRIQUE ARCE","img":6755,"description":"Fotosesija su Enrique Arce. Kaina: 20 Eur."}]}]},{"date":"20220522","where":[{"place":"3 sal\u0117. Pagrindin\u0117 scena","entry":[{"time":"10:30 - 11:15","title":"#Atvykim\u0105RemiaPartyCasino Enrique Arce: MONEY HEIST (EN)","img":6755,"description":"Moderatorius - Justinas Jankevi\u010dius."},{"time":"12:00 - 12:45","title":"#JAVEmbasadaPristato RJ Mitte: BREAKING BAD, SWITCHED AT BIRTH (EN)","img":5675,"description":"Moderatorius - Justinas Jankevi\u010dius."},{"time":"13:00 - 13:45","title":"#CCBalticsPristato Sarah Andersen: SARAH'S SCRIBBLES, Cassandra Calin: CASSANDRA COMICS (EN)","img":6398,"description":"Moderatorius - Paul Takahashi."},{"time":"14:00 - 15:15","title":"Cosplay konkursas: III dalis (EN)\r\n","img":6398,"description":""},{"time":"15:15 - 15:45","title":"Cosplay maskaradas (EN)","img":6398,"description":""},{"time":"16:00 - 16:45","title":"#CCBalticsPristato Reza Farazmand: POORLY DRAWN LINES, Thomas Ridgewell: TOMSKA (EN)","img":6398,"description":"Moderatorius - Jaq Greenspon."},{"time":"17:00 - 17:45","title":"Cosplay apdovanojim\u0173 ceremonija (EN)","img":6398,"description":""}]},{"place":"5.1 sal\u0117 powered by Delfi & Login.lt","entry":[{"time":"12:00 - 12:45","title":"#CCBalticsPristato Roger Clark, Rob Wiethoff: RED DEAD REDEMPTION (EN)","img":5650,"description":"Moderatorius - Vaidotas Baumila."},{"time":"13:00 - 13:45","title":"#CCBalticsPristato Kan\u0173 festivalio ap\u017evalga: tiesiogin\u0117 transliacija su K\u0119stu\u010diu Drazdausku (LT)","img":6843,"description":"Moderator\u0117 - Just\u0117 Michailinait\u0117."},{"time":"14:00 - 14:45","title":"#MeetLithuanianFilmIndustry Lietuvi\u0161kos animacijos diskusija: nuo stop kadro iki 3D animacijos (LT)","img":6502,"description":"Diskusijos dalyviai - Dovydas Vilkelis (ANIMATRIX), Gediminas Skyrius (AKIS BADO), Agn\u0117 Adom\u0117n\u0117 (ART SHOT), Ignas Meil\u016bnas (KADR\u0172 SKYRIUS).\r\nModerator\u0117 - Just\u0117 Michailinait\u0117 (BROOM FILMS)."},{"time":"15:00 - 15:45","title":"#HBOPristato Tiesiogin\u0117 transliacija su Anne Bj\u00f8rnstad: BEFOREIGNERS (EN)","img":7136,"description":"Moderatorius - Jaq Greenspon."},{"time":"16:00 - 16:45","title":"#MeetLithuanianFilmIndustry Pavojingas ir nepastebimas kaskadininko darbas - Tomas Ereminas (GUARDIANS OF THE GALAXY, STRANGER THINGS, GAME OF THRONES) (LT)","img":6502,"description":"Moderatorius - Vaidotas Baumila."}]},{"place":"5.2 sal\u0117","entry":[{"time":"12:00 - 12:45","title":"#CCBalticsPristato Cosplay dirbtuv\u0117s su Merry All-Nighter: Pasiruo\u0161imas tarptautiniams konkursams (EN)","img":7009,"description":"Prane\u0161\u0117ja - Merry All-Nighter."},{"time":"13:00 - 13:45","title":"#CCBalticsPristato Olga Stalev: Fantastinio stop kadro filmo k\u016brimas - nuo id\u0117jos iki miniati\u016brinio pasaulio (EN)","img":7100,"description":"Prane\u0161\u0117ja - Olga Stalev."},{"time":"15:00 - 15:45","title":"#CCBalticsPristato Kas yra Rakabidz\u0117? Improvizuoto komikso k\u016brimas (LT)","img":7138,"description":""},{"time":"16:00 - 16:45","title":"#VDUPristato Moreno Bonda: Trumpa ital\u0173 anti-pop komiks\u0173 istorija (LT)","img":7122,"description":"Prane\u0161\u0117jas - Moreno Bonda."}]},{"place":"5.3 sal\u0117","entry":[{"time":"12:00 - 12:45","title":"#MeetLithuanianFilmIndustry Dovydas Vilkelis i\u0161 ANIMATRIX: 3D animacijos k\u016brimas. ,,Atgal \u012f ateit\u012f'' projekto pavyzdys ir patirtis (LT)","img":6502,"description":"Prane\u0161\u0117jas - Dovydas Vilkelis."},{"time":"13:00 - 13:45","title":"#CCBalticsPristato Dirbtuv\u0117s su Reza Farazmand: Kaip pie\u0161ti prastai (EN)","img":7140,"description":"Prane\u0161\u0117jas - Reza Farazmand."},{"time":"14:00 - 14:45","title":"#CCBalticsPristato Komiks\u0173 skaitymas su Sarah Andersen (EN)","img":6181,"description":"Prane\u0161\u0117ja - Sarah Andersen."},{"time":"15:00 - 15:45","title":"#MeetLithuanianFilmIndustry Lokacijos kine: kaip vaizduot\u0119 perkelti \u012f realyb\u0119? (LT)","img":6502,"description":"Diskusijos sve\u010diai - Jonas \u0160pokas (BALTIC LOCATIONS) ir Aurelijus Silkinis (KAUNO FILM\u0172 BIURAS).\r\nModeratorius - Justinas Jankevi\u010dius."},{"time":"16:00 - 16:45","title":"#AVAKAPristato Filmo ,,Aurora'' pristatymas su Juste Michailinaite, Gediminu Skyriumi, \u0160ar\u016bnu Vy\u0161tartu ir Rimu Valeikiu (LT)","img":7104,"description":"Moderatorius - Ignas Grinevi\u010dius."}]},{"place":"4 sal\u0117. Esporto sal\u0117","entry":[{"time":"14:00 - 15:45","title":"#CCBalticsPristato ,,Trackmania Open'' 2022 finalas\r\n","img":6398,"description":""},{"time":"16:00 - 16:45","title":"#CCBalticsPristato \u017daidimo ,,Super Smash Bros. Ultimate'' finalas","img":6398,"description":""}]},{"place":"1.1 sal\u0117. GameOn \u017eaidim\u0173 konferencijos","entry":[{"time":"12:00 - 12:45","title":"GameDev edukacija: Ar universitetai yra apgaul\u0117 (nes niekas nesamdo pradedan\u010di\u0173j\u0173)? (EN)","img":7057,"description":"Diskusijos dalyvis - Darius Kni\u016bk\u0161ta (EDUKRAFTAS). Moderatorius - Olegas Pridiukas (GAMEDEV.CAMP)."},{"time":"13:00 - 13:45","title":"Olov Redmalm: ,,Lost in Random\" pasaulio k\u016brimas (EN)","img":7057,"description":""},{"time":"14:00 - 14:45","title":"Ulas Karademir: Unity pavyzdinio \u017eaidimo \u201eGigaya\u201c k\u016brimas (EN)","img":7057,"description":""},{"time":"15:00 - 15:45","title":"Vaiva Vitkut\u0117: PR \u2013 labiausiai pervertinta ir tuo pa\u010diu ne\u012fvertinta marketingo dalis (EN)","img":7057,"description":""},{"time":"16:00 - 16:45","title":"Andrea Zampedri: Kod\u0117l kompiuteriniai \u017eaidimai yra tokie smag\u016bs? (EN)","img":7057,"description":""}]},{"place":"Autograf\u0173 sesijos","entry":[{"time":"11:30 - 12:00","title":"ENRIQUE ARCE","img":6755,"description":"Autograf\u0173 sesija su Enrique Arce. Kaina: 20 Eur."},{"time":"13:30 - 14:00","title":"ROB WIETHOFF","img":5679,"description":"Autograf\u0173 sesija su Rob Wiethoff. Kaina: 20 Eur."},{"time":"15:30 - 17:00","title":"ROB WIETHOFF","img":5679,"description":"Autograf\u0173 sesija su Rob Wiethoff. Kaina: 20 Eur."},{"time":"14:00 - 14:30","title":"RJ MITTE","img":5675,"description":"Autograf\u0173 sesija su RJ Mitte. Kaina: 20 Eur."},{"time":"15:00 - 16:00","title":"RJ MITTE","img":5675,"description":"Autograf\u0173 sesija su RJ Mitte. Kaina: 20 Eur."},{"time":"16:30 - 17:00","title":"RJ MITTE","img":5675,"description":"Autograf\u0173 sesija su RJ Mitte. Kaina: 20 Eur."}]},{"place":"Nuotrauk\u0173 sesijos","entry":[{"time":"10:00 - 10:30","title":"ENRIQUE ARCE","img":6755,"description":"Fotosesija su Enrique Arce. Kaina: 20 Eur."},{"time":"13:00 - 13:30","title":"ROB WIETHOFF","img":5679,"description":"Fotosesija su Rob Wiethoff. Kaina: 20 Eur."},{"time":"14:30 - 15:00","title":"RJ MITTE","img":5675,"description":"Fotosesija su RJ Mitte. Kaina: 20 Eur."},{"time":"15:00 - 15:30","title":"ROB WIETHOFF","img":5679,"description":"Fotosesija su Rob Wiethoff. Kaina: 20 Eur."},{"time":"16:00 - 16:30","title":"RJ MITTE","img":5675,"description":"Fotosesija su RJ Mitte. Kaina: 20 Eur."}]}]}]},"toolset-meta":{"mobile-app-post-data":{"show-guest-in-app":{"type":"checkbox","raw":""},"guest-app-feature-image":{"type":"image","raw":"","attachment_id":null},"guest-description":{"type":"wysiwyg","raw":""},"guest-role":{"type":"textfield","raw":""},"guest-known-for":{"type":"textfield","raw":""}},"field-group-for-pages":[]},"publishpress_future_action":{"enabled":false,"date":"2026-04-18 03:00:53","action":"change-status","newStatus":"draft","terms":[],"taxonomy":"translation_priority","extraData":[]},"publishpress_future_workflow_manual_trigger":{"enabledWorkflows":[]},"_links":{"self":[{"href":"https:\/\/ccbaltics.com\/lt\/wp-json\/wp\/v2\/pages\/6496","targetHints":{"allow":["GET"]}}],"collection":[{"href":"https:\/\/ccbaltics.com\/lt\/wp-json\/wp\/v2\/pages"}],"about":[{"href":"https:\/\/ccbaltics.com\/lt\/wp-json\/wp\/v2\/types\/page"}],"author":[{"embeddable":true,"href":"https:\/\/ccbaltics.com\/lt\/wp-json\/wp\/v2\/users\/1"}],"replies":[{"embeddable":true,"href":"https:\/\/ccbaltics.com\/lt\/wp-json\/wp\/v2\/comments?post=6496"}],"version-history":[{"count":80,"href":"https:\/\/ccbaltics.com\/lt\/wp-json\/wp\/v2\/pages\/6496\/revisions"}],"predecessor-version":[{"id":8572,"href":"https:\/\/ccbaltics.com\/lt\/wp-json\/wp\/v2\/pages\/6496\/revisions\/8572"}],"wp:attachment":[{"href":"https:\/\/ccbaltics.com\/lt\/wp-json\/wp\/v2\/media?parent=6496"}],"curies":[{"name":"wp","href":"https:\/\/api.w.org\/{rel}","templated":true}]}}