{"id":5429,"date":"2017-12-06T20:22:54","date_gmt":"2017-12-06T20:22:54","guid":{"rendered":"https:\/\/ccbaltics.com\/2proc\/"},"modified":"2020-06-15T12:31:28","modified_gmt":"2020-06-15T12:31:28","slug":"skirk-viens-kablis-du","status":"publish","type":"page","link":"https:\/\/ccbaltics.com\/lt\/skirk-viens-kablis-du\/","title":{"rendered":"1,2 procento"},"content":{"rendered":"<div class=\"wpb-content-wrapper\"><p>[vc_row css=&#8221;.vc_custom_1493299583967{border-top-width: 2px !important;border-right-width: 2px !important;border-left-width: 2px !important;border-left-color: #dd9933 !important;border-left-style: solid !important;border-right-color: #dd9933 !important;border-right-style: solid !important;border-top-color: #dd9933 !important;border-top-style: solid !important;}&#8221;][vc_column css=&#8221;.vc_custom_1553174381260{background-image: url(https:\/\/ccbaltics.com\/\/wp-content\/uploads\/2018\/08\/bilietai-bg.jpg?id=3201) !important;}&#8221;][vc_custom_heading 1=&#8221;PRIE&#8221; 2=&#8221;&#8221; 3=&#8221;class=&#8220;st&#8220;&gt;\u201eCOMIC&#8221; 4=&#8221;CON&#8221; 5=&#8221;&#8221; 6=&#8221;class=&#8220;st&#8220;&gt;\u201c&#8221; 7=&#8221;RENGINIO&#8221; 8=&#8221;SKIRDAMAS&#8221; 9=&#8221;2%&#8220;&#8221; text=&#8221;PRISID\u0116K PRIE \u201eCOMIC CON BALTICS\u201c RENGINIO SKIRDAMAS 1,2%&#8221; font_container=&#8221;tag:h1|font_size:20|text_align:center|color:%23ffffff&#8221; use_theme_fonts=&#8221;yes&#8221; css=&#8221;.vc_custom_1591861765865{padding-top: 5px !important;padding-right: 20px !important;padding-left: 20px !important;}&#8221;][vc_column_text css=&#8221;.vc_custom_1591861735372{padding-right: 50px !important;padding-bottom: 10px !important;padding-left: 50px !important;}&#8221;]<\/p>\n<p style=\"text-align: justify;\"><span style=\"color: #ffffff;\"><strong>I<\/strong><\/span><img decoding=\"async\" class=\"alignright\" src=\"https:\/\/ccbaltics.com\/\/wp-content\/uploads\/2019\/03\/batman-white-new.png\" alt=\"Comic Con Baltics\" width=\"264\" height=\"373\"><span style=\"color: #ffffff;\"><strong>ki liepos 1 d. galite skirti 1,2% gyventoj\u0173 pajam\u0173 mokes\u010dio (GPM). &#8220;<\/strong><\/span><span style=\"color: #ffffff;\"><strong>Comic Con Baltics&#8221; turi galimyb\u0119 egzistuo<\/strong><\/span><span style=\"color: #ffffff;\"><strong>t<\/strong><\/span><span style=\"color: #ffffff;\"><strong>i ir daryti, tai, k\u0105 daro tik i\u0161tikim\u0173 lankytoj\u0173 ir r\u0117m\u0117j\u0173 d\u0117ka, tod\u0117l mums begalo svarbi J\u016bs\u0173 parama!<\/strong><\/span><\/p>\n<p style=\"text-align: justify;\"><span style=\"color: #ffffff;\">Deklaruodami pajamas tuo pa\u010diu galite skirti savo 1,2 % GPM renginiui &#8220;Comic Con Baltics&#8221;, taip prisid\u0117dami prie m\u016bs\u0173 kuriamo projekto. Gautos l\u0117\u0161os bus skiriamos garsi\u0173 kino industrijos profesional\u0173 atvykimo i\u0161laidoms padengti.<\/span><\/p>\n<p style=\"text-align: justify;\"><span style=\"color: #ffffff;\"><strong>Skirti 1,2 % GPM galite keliais b\u016bdais:<\/strong><\/span><\/p>\n<p style=\"text-align: justify;\"><span style=\"color: #ffffff;\">Per VMI mobili\u0105j\u0105 program\u0117l\u0119, kuri\u0105 galite atsisi\u0173sti i\u0161 App Store ir Google play.<\/span><br \/>\n<span style=\"color: #ffffff;\">Per <a style=\"color: #ffffff;\" href=\"https:\/\/l.facebook.com\/l.php?u=http%3A%2F%2Fdeklaravimas.vmi.lt%2F&amp;h=ATN6GYCPB6PE6vExcKonwJoCULRI5teeXH5unDAbcdIFnT-G1_GFKZFNbK8peTRxoFe0RE0IpmUi5t2GXeUFFNGjWQ0H1sJ8nWKEBBEOHiRW9Z21WRYTX6aLQAHuRYwR_yogmE0\" target=\"_blank\" rel=\"noopener noreferrer\" data-ft=\"{&quot;tn&quot;:&quot;-U&quot;}\" data-lynx-mode=\"asynclazy\">http:\/\/deklaravimas.vmi.lt\/<\/a> naudojant internetin\u0117s bankininkyst\u0117s prisijungimus.<\/span><\/p>\n<p>[\/vc_column_text][\/vc_column][\/vc_row][vc_row equal_height=&#8221;yes&#8221;][vc_column width=&#8221;1\/2&#8243; css=&#8221;.vc_custom_1553085018990{background-color: #141414 !important;background-position: center !important;background-repeat: no-repeat !important;background-size: cover !important;}&#8221;][vc_custom_heading text=&#8221;Jei norite skirti 1,2 proc. internetu:&#8221; font_container=&#8221;tag:h2|font_size:20|text_align:center|color:%23dd9933&#8243; use_theme_fonts=&#8221;yes&#8221; css=&#8221;.vc_custom_1591862258259{padding-top: 10px !important;padding-right: 50px !important;padding-left: 50px !important;}&#8221;][vc_column_text css=&#8221;.vc_custom_1591862040764{padding-right: 20px !important;padding-left: 20px !important;}&#8221;]<\/p>\n<p style=\"text-align: justify;\"><span style=\"color: #ffffff;\">1. Prisijunkite prie Elektronin\u0117s deklaravimo sistemos (EDS). Spausti <a href=\"https:\/\/deklaravimas.vmi.lt\/lt\/Pradinis_Prisijungimo_puslapis\/Prisijungimasperisorinessistemas.aspx\" target=\"_blank\" rel=\"noopener\">\u010cIA<\/a><br \/>\n2. Vir\u0161utiniame horizontaliajame EDS meniu pasirinkite \u201eDeklaravimas\u201c, tada kairiajame vertikaliame meniu \u2013 \u201ePildyti form\u0105\u201c.<br \/>\n3. Pasirinkite \u201ePra\u0161ymas skirti param\u0105\u201c.<br \/>\n4. U\u017epildykite FR0512 v.4 form\u0105 tiesiogiai EDS portale.<br \/>\n5. Formoje u\u017epildykite asmeninius duomenis bei \u0161iuos laukelius, (!) pa\u017eym\u0117tus laukelius u\u017epildyti b\u016btina:<br \/>\n(!) 5 Mokestinis laikotarpis \u2013 2019<br \/>\n(!) 6S Mokes\u010dio dal\u012f skiriu paramos gav\u0117jams \u2013 \u2714 (u\u017ed\u0117kite varnel\u0119)<br \/>\n(!) E1 Gav\u0117jo tipas \u2013 2 [paramos gav\u0117jas]<br \/>\n(!) E2 Gav\u0117jo identifikacinis numeris (kodas) \u2013 304114538<br \/>\n(!) E3 \u012era\u0161ykite pavadinim\u0105: V\u0161\u012e Kult\u016bringai<br \/>\n(!) E4 Mokes\u010dio dalies dydis (procentais) \u2013 daugiausiai \u2013 1,2%<br \/>\nE5 Mokes\u010dio dal\u012f skiriu iki mokestinio laikotarpio \u2013 v\u0117liausiai iki 2023 m. [pildoma tik norint param\u0105 skirti ilgiau kaip 1 metus].<\/span><\/p>\n<p>[\/vc_column_text][\/vc_column][vc_column width=&#8221;1\/2&#8243; css=&#8221;.vc_custom_1493299607994{background-color: #dd9933 !important;}&#8221;][vc_custom_heading text=&#8221;Jei norite skirti 1,2% naudojantis VMI mobili\u0105ja program\u0117le:&#8221; font_container=&#8221;tag:h2|font_size:20|text_align:center|color:%23ffffff&#8221; use_theme_fonts=&#8221;yes&#8221; css=&#8221;.vc_custom_1591862253422{padding-top: 10px !important;padding-right: 50px !important;padding-left: 50px !important;}&#8221;][vc_column_text css=&#8221;.vc_custom_1591861890420{padding-right: 20px !important;padding-left: 20px !important;}&#8221;]<\/p>\n<p style=\"text-align: justify;\"><span style=\"color: #ffffff;\">1. Atsisi\u0173skite program\u0117l\u0119 i\u0161 \u201eApp Store\u201c arba \u201eGoogle Play\u201c.<br \/>\n2. Pasirinkite EDS Deklaracijos ir prisijunkite.<br \/>\n3. Spauskite \u201eParamos skyrimas\u201c ir \u201ePildyti nauj\u0105\u201c.<br \/>\n4. U\u017epildykite paramos skyrimo laukelius pagal \u017eemiau pateiktus duomenis.<br \/>\n<\/span><\/p>\n<p><span style=\"color: #ffffff;\">(!) 5 Mokestinis laikotarpis \u2013 2019<\/span><br \/>\n<span style=\"color: #ffffff;\">(!) 6S Mokes\u010dio dal\u012f skiriu paramos gav\u0117jams \u2013 \u2714 (u\u017ed\u0117kite varnel\u0119)<\/span><br \/>\n<span style=\"color: #ffffff;\">(!) E1 Gav\u0117jo tipas \u2013 2 [paramos gav\u0117jas]<\/span><br \/>\n<span style=\"color: #ffffff;\">(!) E2 Gav\u0117jo identifikacinis numeris (kodas) \u2013 304114538<\/span><br \/>\n<span style=\"color: #ffffff;\">(!) E3 \u012era\u0161ykite pavadinim\u0105: V\u0161\u012e Kult\u016bringai<\/span><br \/>\n<span style=\"color: #ffffff;\">(!) E4 Mokes\u010dio dalies dydis (procentais) \u2013 daugiausiai \u2013 1,2%<\/span><br \/>\n<span style=\"color: #ffffff;\">E5 Mokes\u010dio dal\u012f skiriu iki mokestinio laikotarpio \u2013 v\u0117liausiai iki 2023 m. [pildoma tik norint param\u0105 skirti ilgiau kaip 1 metus].<\/span>[\/vc_column_text][vc_btn title=&#8221;Google play&#8221; style=&#8221;outline-custom&#8221; outline_custom_color=&#8221;#ffffff&#8221; outline_custom_hover_background=&#8221;#474039&#8243; outline_custom_hover_text=&#8221;#ffffff&#8221; shape=&#8221;square&#8221; align=&#8221;center&#8221; css=&#8221;.vc_custom_1553086578964{padding-bottom: 20px !important;}&#8221; link=&#8221;url:https%3A%2F%2Fplay.google.com%2Fstore%2Fapps%2Fdetails%3Fid%3Dlt.vmi||target:%20_blank|&#8221;][vc_btn title=&#8221;App Store&#8221; style=&#8221;outline-custom&#8221; outline_custom_color=&#8221;#ffffff&#8221; outline_custom_hover_background=&#8221;#474039&#8243; outline_custom_hover_text=&#8221;#ffffff&#8221; shape=&#8221;square&#8221; align=&#8221;center&#8221; css=&#8221;.vc_custom_1553086568140{padding-bottom: 20px !important;}&#8221; link=&#8221;url:https%3A%2F%2Fitunes.apple.com%2Flt%2Fapp%2Fe-vmi%2Fid836585170%3Fmt%3D8||target:%20_blank|&#8221;][\/vc_column][\/vc_row]<\/p>\n<\/div>","protected":false},"excerpt":{"rendered":"<p>[vc_row css=&#8221;.vc_custom_1493299583967{border-top-width: 2px !important;border-right-width: 2px !important;border-left-width: 2px !important;border-left-color: #dd9933 !important;border-left-style: solid !important;border-right-color: #dd9933 !important;border-right-style: solid !important;border-top-color: #dd9933 !important;border-top-style: solid !important;}&#8221;][vc_column css=&#8221;.vc_custom_1553174381260{background-image: url(https:\/\/ccbaltics.com\/\/wp-content\/uploads\/2018\/08\/bilietai-bg.jpg?id=3201) !important;}&#8221;][vc_custom_heading 1=&#8221;PRIE&#8221; 2=&#8221;&#8221; 3=&#8221;class=&#8220;st&#8220;&gt;\u201eCOMIC&#8221; 4=&#8221;CON&#8221; 5=&#8221;&#8221; 6=&#8221;class=&#8220;st&#8220;&gt;\u201c&#8221; 7=&#8221;RENGINIO&#8221; 8=&#8221;SKIRDAMAS&#8221; 9=&#8221;2%&#8220;&#8221; text=&#8221;PRISID\u0116K PRIE \u201eCOMIC CON BALTICS\u201c RENGINIO SKIRDAMAS 1,2%&#8221; font_container=&#8221;tag:h1|font_size:20|text_align:center|color:%23ffffff&#8221; use_theme_fonts=&#8221;yes&#8221; css=&#8221;.vc_custom_1591861765865{padding-top: 5px !important;padding-right: 20px !important;padding-left: 20px !important;}&#8221;][vc_column_text css=&#8221;.vc_custom_1591861735372{padding-right: 50px !important;padding-bottom: 10px !important;padding-left: 50px [&hellip;]<\/p>\n","protected":false},"author":1,"featured_media":3737,"parent":0,"menu_order":0,"comment_status":"closed","ping_status":"closed","template":"","meta":{"_acf_changed":false,"ngg_post_thumbnail":0,"iawp_total_views":12,"footnotes":""},"class_list":["post-5429","page","type-page","status-publish","has-post-thumbnail","hentry"],"acf":[],"toolset-meta":{"mobile-app-post-data":{"show-guest-in-app":{"type":"checkbox","raw":""},"guest-app-feature-image":{"type":"image","raw":"","attachment_id":null},"guest-description":{"type":"wysiwyg","raw":""},"guest-role":{"type":"textfield","raw":""},"guest-known-for":{"type":"textfield","raw":""}},"field-group-for-pages":[]},"publishpress_future_action":{"enabled":false,"date":"2026-05-20 18:41:43","action":"change-status","newStatus":"draft","terms":[],"taxonomy":"translation_priority","extraData":[]},"publishpress_future_workflow_manual_trigger":{"enabledWorkflows":[]},"_links":{"self":[{"href":"https:\/\/ccbaltics.com\/lt\/wp-json\/wp\/v2\/pages\/5429","targetHints":{"allow":["GET"]}}],"collection":[{"href":"https:\/\/ccbaltics.com\/lt\/wp-json\/wp\/v2\/pages"}],"about":[{"href":"https:\/\/ccbaltics.com\/lt\/wp-json\/wp\/v2\/types\/page"}],"author":[{"embeddable":true,"href":"https:\/\/ccbaltics.com\/lt\/wp-json\/wp\/v2\/users\/1"}],"replies":[{"embeddable":true,"href":"https:\/\/ccbaltics.com\/lt\/wp-json\/wp\/v2\/comments?post=5429"}],"version-history":[{"count":3,"href":"https:\/\/ccbaltics.com\/lt\/wp-json\/wp\/v2\/pages\/5429\/revisions"}],"predecessor-version":[{"id":5432,"href":"https:\/\/ccbaltics.com\/lt\/wp-json\/wp\/v2\/pages\/5429\/revisions\/5432"}],"wp:featuredmedia":[{"embeddable":true,"href":"https:\/\/ccbaltics.com\/lt\/wp-json\/wp\/v2\/media\/3737"}],"wp:attachment":[{"href":"https:\/\/ccbaltics.com\/lt\/wp-json\/wp\/v2\/media?parent=5429"}],"curies":[{"name":"wp","href":"https:\/\/api.w.org\/{rel}","templated":true}]}}