{"id":3063,"date":"2018-08-15T22:55:24","date_gmt":"2018-08-15T22:55:24","guid":{"rendered":"https:\/\/ccbaltics.com\/\/?page_id=3063"},"modified":"2022-01-13T11:01:19","modified_gmt":"2022-01-13T11:01:19","slug":"mokykloms","status":"publish","type":"page","link":"https:\/\/ccbaltics.com\/lt\/mokykloms\/","title":{"rendered":"Comic Con Baltics 2022"},"content":{"rendered":"<div class=\"wpb-content-wrapper\"><p>[vc_row][vc_column width=&#8221;1\/2&#8243;][vc_column_text]<\/p>\n<p style=\"text-align: justify;\"><strong>\u201eComic Con Baltics\u201c \u2013 kasmetinis populiariosios kult\u016bros renginys sugr\u012f\u017eta \u012f Vilni\u0173 2022 m. gegu\u017e\u0117s 21-22 dienomis<\/strong><strong>!<\/strong><\/p>\n<p><strong>Tai giganti\u0161kas pasaulinio garso rei\u0161kinys, kuris \u012fsikurs 16 000 kv. m. u\u017eiman\u010diose Litexpo erdv\u0117se.<br \/>\n<\/strong><\/p>\n<p style=\"text-align: justify;\">Renginio metu, moksleiviai tur\u0117s galimyb\u0119<strong> SUSITIKTI<\/strong> su \u017evaig\u017ed\u0117mis i\u0161 garsiausi\u0173 Holivudo projekt\u0173 ir televizijos serial\u0173! <strong>PAMATYTI<\/strong> naujausi\u0173 kino film\u0173 pristatymus ir i\u0161bandyk kitok\u012f kino potyr\u012f virtualios realyb\u0117s kino teatre.&nbsp;<strong>NUSIFOTOGRAFUOTI<\/strong> prie kvap\u0105 gniau\u017eian\u010di\u0173 dekoracij\u0173 i\u0161 kultini\u0173 kino film\u0173.&nbsp;<strong>I\u0160BANDYTI <\/strong>naujausius ir klasika tapusius \u017eaidimus.&nbsp; <strong>M\u0116GAUKITIS<\/strong> did\u017eiausiu Baltijos \u0161alyse Cosplay konkursu. <strong>DALYVAUTI <\/strong>\u012fvairiuose mokymuose ir dirbtuv\u0117se.<\/p>\n<p style=\"text-align: justify;\"><strong>#CCBaltics #\u010ciaSusitinkaHerojai<\/strong><\/p>\n<p>[\/vc_column_text][\/vc_column][vc_column width=&#8221;1\/2&#8243;][vc_single_image image=&#8221;3635&#8243; img_size=&#8221;full&#8221;][\/vc_column][\/vc_row][vc_row full_width=&#8221;stretch_row&#8221; el_id=&#8221;red-row&#8221; css=&#8221;.vc_custom_1642001817908{padding-top: 75px !important;padding-bottom: 75px !important;background-image: url(https:\/\/ccbaltics.com\/wp-content\/uploads\/2022\/01\/tiketa-cover-png.png?id=5853) !important;background-position: center !important;background-repeat: no-repeat !important;background-size: cover !important;}&#8221;][vc_column][vc_column_text]<span style=\"color: #ffffff;\"><strong>Pagrindin\u0117 renginio kalba \u2013 angl\u0173<\/strong>. Tai puiki galimyb\u0117 surengti neformali\u0105 angl\u0173 kalbos pamok\u0105 mokiniams ir pritaikyti angl\u0173 kalbos \u017einias praktikoje.<\/span><\/p>\n<p><span style=\"color: #ffffff;\"><strong> \u201eComic Con Baltics\u201c<\/strong> dalyvauja Lietuvos ir u\u017esienio kino profesionalai, pramog\u0173 pasaulio atstovai, technologij\u0173 k\u016br\u0117jai, universitetai ir kt. Rengiamos specialios dirbtuv\u0117s ir paskaitos, moksleiviai supa\u017eindinami su \u012fvairiomis profesijomis.<\/span><\/p>\n<p><strong><span style=\"color: #ffffff;\">Edukacin\u0117 renginio programa:<\/span><\/strong><br \/>\n<span style=\"color: #ffffff;\">* Neformali angl\u0173 kalbos pamoka;<\/span><br \/>\n<span style=\"color: #ffffff;\">* Angl\u0173 kalbos praktinis pritaikymas;<\/span><br \/>\n<span style=\"color: #ffffff;\">* Mokini\u0173 supa\u017eindinimas su \u012fviariomis&nbsp; profesijomis;<\/span><br \/>\n<span style=\"color: #ffffff;\">* Naujausi\u0173 technologij\u0173 pristatymas ir galimyb\u0117 i\u0161bandyti;<\/span>[\/vc_column_text][\/vc_column][\/vc_row][vc_row][vc_column][vc_column_text]<\/p>\n<h2 style=\"text-align: center;\">PRISIMINIMAI I\u0160 COMIC CON BALTICS<\/h2>\n<p>[\/vc_column_text][vc_video link=&#8221;https:\/\/youtu.be\/cc6l6DswXcE&#8221; el_width=&#8221;60&#8243; align=&#8221;center&#8221;][\/vc_column][\/vc_row]<\/p>\n<\/div>","protected":false},"excerpt":{"rendered":"<p>[vc_row][vc_column width=&#8221;1\/2&#8243;][vc_column_text] \u201eComic Con Baltics\u201c \u2013 kasmetinis populiariosios kult\u016bros renginys sugr\u012f\u017eta \u012f Vilni\u0173 2022 m. gegu\u017e\u0117s 21-22 dienomis! Tai giganti\u0161kas pasaulinio garso rei\u0161kinys, kuris \u012fsikurs 16 000 kv. m. u\u017eiman\u010diose Litexpo erdv\u0117se. Renginio metu, moksleiviai tur\u0117s galimyb\u0119 SUSITIKTI su \u017evaig\u017ed\u0117mis i\u0161 garsiausi\u0173 Holivudo projekt\u0173 ir televizijos serial\u0173! PAMATYTI naujausi\u0173 kino film\u0173 pristatymus ir i\u0161bandyk kitok\u012f [&hellip;]<\/p>\n","protected":false},"author":1,"featured_media":5856,"parent":0,"menu_order":0,"comment_status":"closed","ping_status":"closed","template":"","meta":{"_acf_changed":false,"ngg_post_thumbnail":0,"iawp_total_views":27,"footnotes":""},"class_list":["post-3063","page","type-page","status-publish","has-post-thumbnail","hentry"],"acf":[],"toolset-meta":{"mobile-app-post-data":{"show-guest-in-app":{"type":"checkbox","raw":""},"guest-app-feature-image":{"type":"image","raw":"","attachment_id":null},"guest-description":{"type":"wysiwyg","raw":""},"guest-role":{"type":"textfield","raw":""},"guest-known-for":{"type":"textfield","raw":""}},"field-group-for-pages":[]},"publishpress_future_action":{"enabled":false,"date":"2026-04-16 04:04:48","action":"change-status","newStatus":"draft","terms":[],"taxonomy":"translation_priority","extraData":[]},"publishpress_future_workflow_manual_trigger":{"enabledWorkflows":[]},"_links":{"self":[{"href":"https:\/\/ccbaltics.com\/lt\/wp-json\/wp\/v2\/pages\/3063","targetHints":{"allow":["GET"]}}],"collection":[{"href":"https:\/\/ccbaltics.com\/lt\/wp-json\/wp\/v2\/pages"}],"about":[{"href":"https:\/\/ccbaltics.com\/lt\/wp-json\/wp\/v2\/types\/page"}],"author":[{"embeddable":true,"href":"https:\/\/ccbaltics.com\/lt\/wp-json\/wp\/v2\/users\/1"}],"replies":[{"embeddable":true,"href":"https:\/\/ccbaltics.com\/lt\/wp-json\/wp\/v2\/comments?post=3063"}],"version-history":[{"count":49,"href":"https:\/\/ccbaltics.com\/lt\/wp-json\/wp\/v2\/pages\/3063\/revisions"}],"predecessor-version":[{"id":5861,"href":"https:\/\/ccbaltics.com\/lt\/wp-json\/wp\/v2\/pages\/3063\/revisions\/5861"}],"wp:featuredmedia":[{"embeddable":true,"href":"https:\/\/ccbaltics.com\/lt\/wp-json\/wp\/v2\/media\/5856"}],"wp:attachment":[{"href":"https:\/\/ccbaltics.com\/lt\/wp-json\/wp\/v2\/media?parent=3063"}],"curies":[{"name":"wp","href":"https:\/\/api.w.org\/{rel}","templated":true}]}}