{"id":2772,"date":"2018-06-06T21:48:13","date_gmt":"2018-06-06T21:48:13","guid":{"rendered":"https:\/\/ccbaltics.com\/\/informacija\/for-artists\/"},"modified":"2026-01-27T13:17:08","modified_gmt":"2026-01-27T11:17:08","slug":"for-artists","status":"publish","type":"page","link":"https:\/\/ccbaltics.com\/lt\/informacija\/for-artists\/","title":{"rendered":"Men\u0173 al\u0117jos taisykl\u0117s"},"content":{"rendered":"<div class=\"wpb-content-wrapper\"><p>[vc_row][vc_column][vc_text_separator title=&#8221;BENDRA INFORMACIJA&#8221; border_width=&#8221;5&#8243;][vc_column_text css=&#8221;&#8221;]Comic Con Baltics Men\u0173 Al\u0117ja vyks 2026 m. gegu\u017e\u0117s m. 22-24 dienomis. \u0160i erdv\u0117 yra atvira visiems menininkams \u2013 nuo pradedan\u010di\u0173j\u0173 iki profesional\u0173.<\/p>\n<p>Norint dalyvauti Comic Con Baltics Men\u0173 Al\u0117joje reikia u\u017epildyti registracijos anket\u0105, kuri\u0105 rasite <a href=\"https:\/\/ccbaltics.com\/lt\/menu-aleja-reg\/\"><strong>\u010cIA<\/strong><\/a>, ir sulaukti registracij\u0105 patvirtinan\u010dio elektroninio lai\u0161ko.<\/p>\n<p>Teisingai u\u017epildyta anketa negarantuoja patekimo \u012f Men\u0173 Al\u0117j\u0105. Dalyvi\u0173 atrank\u0105 vykdo Comic Con Baltics Men\u0173 Al\u0117jos komanda, o patvirtinimai bus siun\u010diami atskiru lai\u0161ku po registracijos u\u017edarymo ir atrankos. I\u0161samesn\u0117 informacija pateikta skiltyje \u201eDalyvio registracija ir patvirtinimas\u201c.<\/p>\n<p>Men\u0173 Al\u0117joje gali dalyvauti visi asmenys, festivalio metu turintys atitinkam\u0105 dokument\u0105, pagal Lietuvos Respublikos \u012fstatymus leid\u017eiant\u012f prekiauti savo turima produkcija.<\/p>\n<p>Registruodamasis \u012f Comic Con Baltics Men\u0173 Al\u0117j\u0105 dalyvis patvirtina, kad pateik\u0117 teisingus duomenis ir sutinka, kad jo asmens duomenys bus saugomi Comic Con Baltics Men\u0173 Al\u0117jos organizavimo tikslais. Taip pat dalyvis sutinka, kad jo dalyvavimas festivalyje ir sukurti darbai gali b\u016bti vie\u0161inami festivalio reklamin\u0117je sklaidoje pasitelkiant \u012fvairi\u0105 vaizdin\u0119 med\u017eiag\u0105.<\/p>\n<p>ATKREIPIAME D\u0116MES\u012e, jog nuo 2025 met\u0173 pasikeit\u0117 Comic Con Baltics Men\u0173 Al\u0117jos taisykl\u0117s. Rekomenduojame kiekvienam b\u016bsimam dalyviui skirti laiko ir \u012fd\u0117miai perskaityti vis\u0105 pateikt\u0105 informacij\u0105.<\/p>\n<p>D\u0116MESIO! Nuo 2025 m. Men\u0173 Al\u0117ja vyksta visas tris festivalio dienas.[\/vc_column_text][\/vc_column][\/vc_row][vc_row][vc_column][vc_text_separator title=&#8221;DALYVAVIMAS MEN\u0172 AL\u0116JOJE&#8221; border_width=&#8221;5&#8243;][vc_column_text css=&#8221;&#8221;]Nuo 2025 m. menininkas registruodamasis \u012f Men\u0173 Al\u0117j\u0105 anketoje gali pasirinkti u\u017e atitinkam\u0105 mokest\u012f pageidaujam\u0105 stalo dyd\u012f: 138x80cm arba 180x80cm. Siekiant u\u017etikrinti kuo \u012fvairesn\u012f meninink\u0173 dalyvavim\u0105, kiekvienam dalyviui skiriamas tik vienas stalas. Prie vieno stalo gali b\u016bti ne daugiau kaip du \u017emon\u0117s.<\/p>\n<p>Men\u0173 Al\u0117jos erdv\u0117je menininkams bus suteiktas bendro naudojimo dalyvi\u0173 elektros \u012fvadas, kuriame bus galima pasikrauti asmeninius \u012frenginius. \u0160is \u012fvadas suteikiamas nemokamai, ta\u010diau su ribotu kiekiu jung\u010di\u0173. Norint tur\u0117ti individual\u0173 elektros \u012fvad\u0105, pra\u0161ome apie tai nurodyti registracijos formoje (taikomas papildomas mokestis).[\/vc_column_text][\/vc_column][\/vc_row][vc_row][vc_column][vc_text_separator title=&#8221;DALYVAVIMO MOKESTIS&#8221; border_width=&#8221;5&#8243;][vc_column_text css=&#8221;&#8221;]138x80cm stalo nuoma + Dalyvio kortel\u0117 \u21d2\u21d2\u21d2\u21d2 90 EUR<br \/>\n180x80cm stalo nuoma + Dalyvio kortel\u0117 \u21d2\u21d2\u21d2\u21d2 110 EUR<br \/>\nPapildoma Dalyvio kortel\u0117 \u21d2\u21d2\u21d2\u21d2 50 EUR<br \/>\nIndividualus elektros \u012fvadas (pagal poreik\u012f) \u21d2\u21d2\u21d2\u21d2 45 EUR[\/vc_column_text][\/vc_column][\/vc_row][vc_row][vc_column][vc_text_separator title=&#8221;DALYVIO REGISTRACIJA IR PAVIRTINIMAS&#8221; border_width=&#8221;5&#8243;][vc_column_text css=&#8221;&#8221;]\u012esid\u0117m\u0117kite, kad registracija \u012f Men\u0173 Al\u0117j\u0105 baigiasi 2026 m. kovo 20 d. 23:59. Jei norite dalyvauti Comic Con Baltics Men\u0173 Al\u0117joje \u2013 iki \u0161io laiko turite pilnai u\u017epildyti registracijos anket\u0105, kuri\u0105 rasite: <strong>\u010cIA<\/strong>.<\/p>\n<p>Teisingai u\u017epildyta anketa negarantuoja dalyvavimo Men\u0173 Al\u0117joje. Tai patvirtins Comic Con Baltics Men\u0173 Al\u0117jos komanda atskiru lai\u0161ku.<\/p>\n<p>\u201eComic Con Baltics\u201c komanda, atrinktam dalyviui i\u0161siun\u010dia sutart\u012f bei s\u0105skait\u0105-fakt\u016br\u0105. Sutartis \u012fsigalioja nuo abiej\u0173 \u0161ali\u0173 pasira\u0161ymo datos ir galioja iki paskutin\u0117s t\u0173 met\u0173 \u201eComic Con Baltics\u201c festivalio dienos. Dalyvio registracija patvirtinama tik apmok\u0117jus s\u0105skait\u0105. Jeigu dalyvis pa\u017eeid\u017eia \u0161i\u0173 taisykli\u0173 s\u0105lygas ir per proting\u0105 laiko termin\u0105 nei\u0161taiso klaid\u0173, \u201eComic Con Baltics\u201c komanda pasilieka teis\u0119 nutraukti sutart\u012f, reikalauti dalyv\u012f atlaisvinti stal\u0105 ir palikti festivalio patalpas.<\/p>\n<p>Anketoje privaloma nurodyti tikr\u0105 vard\u0105 ir pavard\u0119, veikiant\u012f telefono numer\u012f (formatas: +370 xxx xxxxx, +371 xxx xxxxx ir t.t.) bei el. pa\u0161t\u0105, kur\u012f da\u017enai tikrinate. Greita komunikacija \u2013 kelias \u012f s\u0117kming\u0105 festival\u012f.<\/p>\n<p>Comic Con Baltics Men\u0173 Al\u0117joje viet\u0173 kiekis yra ribotas, tod\u0117l esant dideliam dalyvi\u0173 kiekiui, negal\u0117sime priimti vis\u0173 norin\u010di\u0173 dalyvauti.<\/p>\n<p>Men\u0173 Al\u0117jos komanda pasilieka piln\u0105 teis\u0119 bet kuriuo metu keisti ar kitaip koreguoti dalyvavimo taisykles.[\/vc_column_text][\/vc_column][\/vc_row][vc_row][vc_column][vc_text_separator title=&#8221;APMOK\u0116JIMO TERMINAI&#8221; border_width=&#8221;5&#8243;][vc_column_text css=&#8221;&#8221;]<\/p>\n<p style=\"text-align: justify;\">Dalyvis privalo sumok\u0117ti u\u017e dalyvavim\u0105 ,,Comic Con Baltics 2026\u201c Men\u0173 al\u0117joje per penkiolika darbo dien\u0173 nuo s\u0105skaitos-fakt\u016bros gavimo. \u201eComic Con Baltics\u201c komanda pasilieka teis\u0119 nutraukti registracij\u0105 be i\u0161ankstinio prane\u0161imo ir neleisti dalyvauti Men\u0173 al\u0117joje, jeigu nebuvo gautas apmok\u0117jimas.<\/p>\n<p>[\/vc_column_text][\/vc_column][\/vc_row][vc_row][vc_column][vc_text_separator title=&#8221;PASIRUO\u0160IMAS IR TVARKA FESTIVALIO METU&#8221; border_width=&#8221;5&#8243; css=&#8221;&#8221;][vc_column_text css=&#8221;&#8221;]Pasiruo\u0161imas Men\u0173 Al\u0117jai vyks 2026 m. gegu\u017e\u0117s 21 d. nuo 10:00 val. iki 20:00 val. arba 2026 m. gegu\u017e\u0117s 22 d. nuo 8:00 val. iki 9:30 val. Men\u0173 Al\u0117jos stalai bus sunumeruoti, menininkui priskirtas stalo numeris bus i\u0161si\u0173stas kartu su informaciniu lai\u0161ku iki festivalio prad\u017eios. ,,Comic Con Baltics\u201c komanda pasilieka teis\u0119 keisti Men\u0173 Al\u0117jos viet\u0105, dalyvio stalo viet\u0105 bei pasiruo\u0161imo laikus. Jeigu dalyviui nepavyksta iki festivalio prad\u017eios \u012fsirengti prekybos vietos ar festivalio metu palieka prekybos viet\u0105 nepri\u017ei\u016br\u0117t\u0105, \u201eComic Con Baltics\u201c komanda turi teis\u0119 imtis veiksm\u0173 ir pa\u0161alinti neaptarnaujam\u0105 stal\u0105 i\u0161 Men\u0173 Al\u0117jos. Tokiu atveju pinigai dalyviui u\u017e dalyvavim\u0105 festivalyje nebus gr\u0105\u017einami.[\/vc_column_text][\/vc_column][\/vc_row][vc_row][vc_column][vc_text_separator title=&#8221;DALYVIO KORTEL\u0116&#8221; border_width=&#8221;5&#8243;][vc_column_text css=&#8221;&#8221;]\u201eDalyvio kortel\u0117\u201c dalyviui suteikiama festivalio registracijos dien\u0105. Kortel\u0117 suteikiama tik tam, kuris apmok\u0117jo i\u0161ra\u0161yt\u0105 s\u0105skait\u0105 fakt\u016br\u0105. Kartu su kortele dalyviui priskiriamas stalas festivalyje ir viena k\u0117d\u0117. Dalyvis gali \u012fsigyti papildom\u0105 vien\u0105 kortel\u0119 &#8211; \u0161i\u0105 informacij\u0105 pa\u017eym\u0117kite anketoje registracijos metu arba kreipkit\u0117s elektroniniu pa\u0161tu artist@ccbaltics.com.[\/vc_column_text][\/vc_column][\/vc_row][vc_row][vc_column][vc_text_separator title=&#8221;PRIE\u0160 FESTIVAL\u012e DALYVIUI SIUN\u010cIAMA INFORMACIJA&#8221; border_width=&#8221;5&#8243; css=&#8221;&#8221;][vc_column_text css=&#8221;&#8221;]Prie\u0161 festival\u012f \u012f nurodyt\u0105 el. pa\u0161to adres\u0105 bus atsi\u0173sta reikiama informacija. Lai\u0161ke bus apra\u0161yta, kada galima \u012fsirengti prekybin\u012f plot\u0105 ir kada bus galima j\u012f susitvarkyti, taip pat apra\u0161yta registracijos eiga, stal\u0173 ir daikt\u0173 laikymo taisykl\u0117s.<\/p>\n<p>Dalyvis yra atsakingas u\u017e registracijoje nurodyt\u0105 teising\u0105 el. pa\u0161to adres\u0105.[\/vc_column_text][\/vc_column][\/vc_row][vc_row][vc_column][vc_text_separator title=&#8221;SAUGUMAS&#8221; border_width=&#8221;5&#8243;][vc_column_text css=&#8221;&#8221;]Dalyvis privalo laikytis nustatyt\u0173 deramo elgesio norm\u0173. Stalas turi b\u016bti tvarkingas, dekoruotas laikantis gero skonio standart\u0173. Gyvi gyv\u016bnai, nuogyb\u0117s, karnaval\u0173 tipo lo\u0161imai, loterijos*, azartiniai \u017eaidimai yra draud\u017eiami. Reklama ir skelbimai, kurie yra nesusij\u0119 su dalyvio darbais, yra draud\u017eiami. Visos dalyvio med\u017eiagos turi b\u016bti laikomos po stalu, j\u0173 pad\u0117jimas ir pra\u0117jim\u0173 u\u017edarymas yra draud\u017eiamas.<\/p>\n<p>*I\u0160IMTIS &#8211; leid\u017eiamas loterijos tipas -\u201dall tickets are winners\u201d, kai loterijos bilieto kaina yra ma\u017eiausio prizo kaina.<\/p>\n<p>\u017dmon\u0117s, dirbantys dalyvio stende, kartu su dalyviu privalo stov\u0117ti nustatytoje stalo erdv\u0117je ir turi tur\u0117ti dalyvio korteles.<\/p>\n<p>Dalyviams draud\u017eiama garsiai leisti muzik\u0105 ar naudoti daiktus kurie sukelia didel\u012f triuk\u0161m\u0105 (varpai, ragai, b\u016bgnai, megafonai ir kt.).<\/p>\n<p>Dalyvis privalo laikytis prie\u0161gaisrin\u0117s saugos \u012fstatyme nustatyt\u0173 <a href=\"https:\/\/e-seimas.lrs.lt\/portal\/legalAct\/lt\/TAD\/TAIS.197461\/asr\" target=\"_blank\" rel=\"noopener\">taisykli\u0173<\/a>. Dalyvis yra atsakingas u\u017e savo veiksmus.<\/p>\n<p>Festivalyje draud\u017eiama parduoti, platinti ar rodyti turin\u012f, kuris pa\u017eeid\u017eia bet kokias autoriaus, prekinio \u017eenklo, patento, komercin\u0117s paslapties, privatumo ar vie\u0161inimo teises, yra \u0161mei\u017eiki\u0161kas ar pa\u017eeid\u017eiantis bet kurio asmens ar subjekto privatum\u0105. Dalyvis atstovauja ir garantuoja, kad jo prekybiniame plote n\u0117ra jokio \u012fstatymus pa\u017eeid\u017eian\u010dio turinio. Parduodamas, platinamas ar pateikiamas turinys yra legalus.<\/p>\n<p>Visi daiktai parduodami ir rodomi dalyvio turi b\u016bti jo paties kurti autoriniai k\u016briniai. Dalyvis negali kopijuoti, parduoti ar rodyti padirbt\u0173 ar oficiali\u0173 produkt\u0173 ar preki\u0173, nepriklausomai nuo to, ar dalyvis turi intelektin\u0117s nuosavyb\u0117s savininko licencij\u0105 tai padaryti.<\/p>\n<p>Jokie \u0161altieji ar \u0161aunamieji ginklai, N-18 turinys, pornografija ar erotika negali b\u016bti pardavin\u0117jama \u201eMen\u0173 al\u0117joje\u201c.[\/vc_column_text][\/vc_column][\/vc_row][vc_row][vc_column][vc_text_separator title=&#8221;LEIDIMAI IR MOKES\u010cIAI&#8221; border_width=&#8221;5&#8243;][vc_column_text css=&#8221;&#8221;]Dalyvis \u012fsipareigoja gauti bet kokias licencijas, leidimus ar patvirtinimus pagal vietos \u012fstatymus, taikomus jo veiklai festivalyje. Tai yra dalyvio ka\u0161tai.<\/p>\n<p>Dalyvis turi gauti visus reikalingus leidimus ir privalo pasidom\u0117ti d\u0117l vis\u0173 galim\u0173 mokes\u010di\u0173, kurie gali atsirasti d\u0117l jo veiklos festivalyje.[\/vc_column_text][\/vc_column][\/vc_row][vc_row][vc_column][vc_text_separator title=&#8221;DALYVAVIMO AT\u0160AUKIMAS&#8221; border_width=&#8221;5&#8243;][vc_column_text css=&#8221;&#8221;]Dalyvis gali at\u0161aukti dalyvavim\u0105 festivalyje informav\u0119s apie savo sprendim\u0105 ra\u0161tu ,,Comic Con Baltics\u201d komand\u0105. Ra\u0161tas turi b\u016bti i\u0161si\u0173stas \u012f el. pa\u0161t\u0105: artist@ccbaltics.com . Jeigu ,,Comic Con Baltics\u201d komanda gauna pra\u0161ym\u0105 likus iki festivalio 30 dien\u0173, ,,Comic Con Baltics\u201d pasilieka 50% nuo dalyvio mokes\u010dio sumos ir gr\u0105\u017eina likusi\u0105 pus\u0119 sumos 50% Dalyviui. Jeigu ,,Comic Con Baltics\u201d gauna prane\u0161im\u0105 apie nedalyvavim\u0105 iki festivalio likus ma\u017eiau nei 30 dien\u0173 arba jei dalyvis neatvyksta \u012f festival\u012f ir tokiu b\u016bdu pa\u017eeid\u017eia sutarties taisykles, visa (100%) sumok\u0117ta suma n\u0117ra gr\u0105\u017einama.[\/vc_column_text][\/vc_column][\/vc_row][vc_row][vc_column][vc_text_separator title=&#8221;APRIBOJIMAI IR \u012eSP\u0116JIMAI&#8221; border_width=&#8221;5&#8243;][vc_column_text css=&#8221;&#8221;]<\/p>\n<div class=\"col\">\n<p>,,Comic Con Baltics\u201d komanda gali nutraukti dalyvavimo sutart\u012f, jeigu dalyvio parduodamas turinys yra netinkamas, draud\u017eiamas ar nelegalus, jeigu dalyvis pa\u017eeid\u017eia bendrines tvarkos taisykles ar kitaip nesilaiko \u012fsipareigojim\u0173. Gavus \u012fsp\u0117jim\u0105 i\u0161 ,,Comic Con Baltics\u201d atstov\u0173 dalyvis i\u0161 karto privalo pa\u0161alinti \u012fsp\u0117jimo prie\u017eastis. ,,Comic Con Baltics\u201d neturi joki\u0173 \u012fsipareigojim\u0173 susigr\u0105\u017einti dalyvio pateiktus mok\u0117jimus, jeigu dalyviui d\u0117l jo veiksm\u0173 ar netinkamo parduodamo turinio buvo u\u017edrausta prekiauti festivalyje.<\/p>\n<\/div>\n<p>[\/vc_column_text][vc_single_image image=&#8221;13485&#8243; img_size=&#8221;full&#8221; alignment=&#8221;center&#8221; onclick=&#8221;custom_link&#8221; css=&#8221;&#8221; link=&#8221;https:\/\/ccbaltics.com\/lt\/menu-aleja-reg\/&#8221;][\/vc_column][\/vc_row]<\/p>\n<\/div>","protected":false},"excerpt":{"rendered":"<p>[vc_row][vc_column][vc_text_separator title=&#8221;BENDRA INFORMACIJA&#8221; border_width=&#8221;5&#8243;][vc_column_text css=&#8221;&#8221;]Comic Con Baltics Men\u0173 Al\u0117ja vyks 2026 m. gegu\u017e\u0117s m. 22-24 dienomis. \u0160i erdv\u0117 yra atvira visiems menininkams \u2013 nuo pradedan\u010di\u0173j\u0173 iki profesional\u0173. Norint dalyvauti Comic Con Baltics Men\u0173 Al\u0117joje reikia u\u017epildyti registracijos anket\u0105, kuri\u0105 rasite \u010cIA, ir sulaukti registracij\u0105 patvirtinan\u010dio elektroninio lai\u0161ko. Teisingai u\u017epildyta anketa negarantuoja patekimo \u012f Men\u0173 Al\u0117j\u0105. [&hellip;]<\/p>\n","protected":false},"author":1,"featured_media":5585,"parent":1102,"menu_order":0,"comment_status":"closed","ping_status":"closed","template":"","meta":{"_acf_changed":false,"ngg_post_thumbnail":0,"iawp_total_views":2071,"footnotes":""},"class_list":["post-2772","page","type-page","status-publish","has-post-thumbnail","hentry"],"acf":[],"toolset-meta":{"mobile-app-post-data":{"show-guest-in-app":{"type":"checkbox","raw":"0"},"guest-app-feature-image":{"type":"image","raw":"","attachment_id":null},"guest-description":{"type":"wysiwyg","raw":""},"guest-role":{"type":"textfield","raw":""},"guest-known-for":{"type":"textfield","raw":""}},"field-group-for-pages":[]},"publishpress_future_action":{"enabled":false,"date":"2026-04-11 08:03:02","action":"change-status","newStatus":"draft","terms":[],"taxonomy":"translation_priority","extraData":[]},"publishpress_future_workflow_manual_trigger":{"enabledWorkflows":[]},"_links":{"self":[{"href":"https:\/\/ccbaltics.com\/lt\/wp-json\/wp\/v2\/pages\/2772","targetHints":{"allow":["GET"]}}],"collection":[{"href":"https:\/\/ccbaltics.com\/lt\/wp-json\/wp\/v2\/pages"}],"about":[{"href":"https:\/\/ccbaltics.com\/lt\/wp-json\/wp\/v2\/types\/page"}],"author":[{"embeddable":true,"href":"https:\/\/ccbaltics.com\/lt\/wp-json\/wp\/v2\/users\/1"}],"replies":[{"embeddable":true,"href":"https:\/\/ccbaltics.com\/lt\/wp-json\/wp\/v2\/comments?post=2772"}],"version-history":[{"count":43,"href":"https:\/\/ccbaltics.com\/lt\/wp-json\/wp\/v2\/pages\/2772\/revisions"}],"predecessor-version":[{"id":13603,"href":"https:\/\/ccbaltics.com\/lt\/wp-json\/wp\/v2\/pages\/2772\/revisions\/13603"}],"up":[{"embeddable":true,"href":"https:\/\/ccbaltics.com\/lt\/wp-json\/wp\/v2\/pages\/1102"}],"wp:featuredmedia":[{"embeddable":true,"href":"https:\/\/ccbaltics.com\/lt\/wp-json\/wp\/v2\/media\/5585"}],"wp:attachment":[{"href":"https:\/\/ccbaltics.com\/lt\/wp-json\/wp\/v2\/media?parent=2772"}],"curies":[{"name":"wp","href":"https:\/\/api.w.org\/{rel}","templated":true}]}}