{"id":13899,"date":"2026-04-15T09:55:38","date_gmt":"2026-04-15T07:55:38","guid":{"rendered":"https:\/\/ccbaltics.com\/?page_id=13899"},"modified":"2026-04-15T13:57:12","modified_gmt":"2026-04-15T11:57:12","slug":"programa-2026","status":"publish","type":"page","link":"https:\/\/ccbaltics.com\/lt\/programa-2026\/","title":{"rendered":"Programa 2026"},"content":{"rendered":"<div class=\"wpb-content-wrapper\"><p>[vc_row][vc_column][vc_message css=&#8221;&#8221;]<\/p>\n<h1>Comic Con Baltics 2026 programa jau \u010dia!<\/h1>\n<p>[\/vc_message][\/vc_column][\/vc_row][vc_row][vc_column][vc_message css=&#8221;&#8221;]Organizatoriai pasilieka teis\u0119 koreguoti tvarkara\u0161t\u012f.[\/vc_message][\/vc_column][\/vc_row]<\/p>\n<\/div>","protected":false},"excerpt":{"rendered":"<p>[vc_row][vc_column][vc_message css=&#8221;&#8221;] Comic Con Baltics 2026 programa jau \u010dia! [\/vc_message][\/vc_column][\/vc_row][vc_row][vc_column][vc_message css=&#8221;&#8221;]Organizatoriai pasilieka teis\u0119 koreguoti tvarkara\u0161t\u012f.[\/vc_message][\/vc_column][\/vc_row]<\/p>\n","protected":false},"author":1,"featured_media":13742,"parent":0,"menu_order":0,"comment_status":"closed","ping_status":"closed","template":"templates\/schedule.php","meta":{"_acf_changed":false,"ngg_post_thumbnail":0,"iawp_total_views":347,"footnotes":""},"class_list":["post-13899","page","type-page","status-publish","has-post-thumbnail","hentry"],"acf":{"event_day":[{"date":"20260522","where":[{"place":"1 Hall Baltics Gaming Expo","entry":[{"time":"11:00-13:00","title":"SHOWMATCH TBA","img":13710,"description":""},{"time":"13:00-17:00","title":"Valorant Finals presented by Skytech and Lenovo","img":13710,"description":""},{"time":"17:00-19:00","title":"2xKO Finals presented by HALLS","img":13710,"description":""}]},{"place":"3 Hall. Main Stage","entry":[{"time":"11:30 - 15:30","title":"#CCBalticsPresents HOBIVERSE street dance tournament 2026 (EN)","img":13708,"description":"Gegu\u017e\u0117s 22 d. kvie\u010diame visus hip-hop ir breaking \u0161ok\u0117jus susitikti scenoje, i\u0161bandyti savo lyg\u012f 1vs1 kovose ir parodyti choreografijas.\r\n\r\nTurnyro kategorijos\r\n1) 1vs1 Hip-hop\r\nBeginners (iki 3 met\u0173 patirties)\r\nOpen (3 metai ir daugiau)\r\n2) 1vs1 Breaking\r\nBeginners (iki 3 met\u0173 patirties)\r\nOpen (3 metai ir daugiau)\r\n3) Choreography Contest\r\ngrupin\u0117s choreografijos\r\n\r\nDaugiau informacijos:\r\nhttps:\/\/www.facebook.com\/events\/s\/comic-con-baltics-presents-hob\/2288521428224501\/"},{"time":"16:30 - 18:30","title":"#CCBalticsPresents \u017daidim\u0173 Balsas LIVE podcast (LT)","img":13708,"description":"Ved\u0117jai: Sigitas Vy\u0161nauskas, Edgaras Ko\u017euchovskis, Rokas Luko\u0161aitis "}]},{"place":"5.1 \u017dMON\u0116S Hall","entry":[{"time":"12:00 - 12:45","title":" #CCBalticsPresents Chris McCoy (Endagered Comics) (EN)","img":13708,"description":"Guests: Todd W. Langen  and Chris McCoy \r\nModerator: Paul Takahashi"},{"time":"13:00 - 13:45","title":"TBA","img":13708,"description":""},{"time":"14:00 - 14:45","title":"#CCBalticsPresents The Wizard & The Barbarian: Tim Downie & Samantha B\u00e9art on Quests, Companionship and Moral Dilemmas in BALDUR'S GATE 3 (EN)","img":13708,"description":"Guests: Tim Downie, Samantha B\u00e9art \r\nModerator: Tarass Meten\u010duks (Jar of Jam)"},{"time":"15:00 - 15:45","title":"#CCBalticsPresents Benjamin Byron Davis and Peter Blomquist (Red Dead Redemption 2) (EN)","img":13708,"description":"Guests: Benjamin Byron Davis and Peter Blomquist\r\nModerator:  Xanos"},{"time":"16:00 - 16:45","title":"#CCBalticsPresents The Road So Far: Mark Pellegrino (SUPERNATURAL, LOST) on Performance, Philosophy, and Paying It Forward (EN)","img":13708,"description":"Guest: Mark Pellegrino\r\nModerator:  Goda Raibyt\u0117-Aleksa"}]},{"place":"5.2 CHAZZ Hall","entry":[{"time":"12:00 - 12:45","title":"#VUPristato Fizikos teismas Holivudo kino filmams (LT)","img":"","description":""},{"time":"13:00 - 13:45","title":"#GenerationGeekPresents With great power there must also come great storytelling \u2014 Spider-Man through decades (EN)","img":"","description":"Moderator: Jaq Greenspon "},{"time":"14:00 - 14:45","title":"TBA","img":"","description":""},{"time":"15:00 - 15:45","title":"#CCBalticsPresents\u00a0Kaip kolekcionavimas sujungia \u017emones: nuo hobio iki bendruomen\u0117s su \u201eBarbie\u201c kolekcioniere R\u016bta Voitechovi\u010di\u016bt\u0117 (LT)","img":13708,"description":"Guest: R\u016bta Voitechovi\u010di\u016bt\u0117 \r\nModerator: Silvija \u0160umskien\u0117"},{"time":"16:00 - 16:45","title":"#CCBalticsPresents Mike Hollingsworth (BoJack Horseman) (EN)","img":13708,"description":"Guests: Mike Hollingsworth\r\nModerator: Gediminas Skyrius"}]},{"place":"5.3 GO Botanicals Hall","entry":[{"time":"12:00 - 12:45","title":"TBA","img":"","description":""},{"time":"13:00 - 13:45","title":"#MeetLithuanianFilmIndustry Animacinio filmo \u201eKirstuk\u0173 mi\u0161ko prana\u0161yst\u0117\u201c pristatymas ir k\u016brybinio proceso u\u017ekulisiai su dailininku Gediminu Skyriumi (LT)","img":"","description":"Sve\u010dias: Gediminas Skyrius\r\nModeratorius: Silvija \u0160umskien\u0117"},{"time":"14:00 - 14:45","title":"#CCBalticsPresents Staying Authentic In Hollywood: DJ Qualls (ROAD TRIP, BREAKING BAD, SUPERNATURAL) on Fame, Fans & Finding His Way (EN)","img":13708,"description":"Guest: DJ Qualls\r\nModerator: Tim\u016bras Augucevi\u010dius"},{"time":"15:00 - 15:45","title":"#CCBalticsPresents The Weight of a Role: Finn Jones (IRON FIST, GAME OF THRONES) on Pressure, Preparation & Perseverance (EN)","img":13708,"description":"Guest: Finn Jones\r\nModerator: Goda Raibyt\u0117-Aleksa"},{"time":"16:00 - 16:45","title":"#CCBalticsPresents Dragons, Lasers & Pigs?! The Wild World of Split Fiction with Kaja Chan & Elsie Bennett (SPLIT FICTION) (EN)","img":13708,"description":"Guests: Kaja Chan and Elsie Bennett \r\nModerator: Tarass Meten\u010duks (Jar of Jam)"}]}]},{"date":"20260523","where":[{"place":"1 Hall Baltics Gaming Expo","entry":[{"time":"10:00 - 14:00","title":"Rocket League Finals presented by SUN YAN","img":13710,"description":""},{"time":"14:00 - 18:00","title":"Counter-Strike 2 Finals presented by Monster Energy","img":13710,"description":""},{"time":"18:00 - 20:00","title":"Tekken 8 Finals presented by HALLS","img":13710,"description":""}]},{"place":"3 Hall. Main Stage","entry":[{"time":"11:00 - 13:00","title":"#CCBalticsPresents K-Pop Dance Contest (Part I) (EN)","img":13708,"description":""},{"time":"14:00 - 16:00","title":"#CCBalticsPresents Cosplay Contest (Part I) (EN)","img":13708,"description":""},{"time":"16:30 - 18:30","title":"#CCBalticsPresents Cosplay Contest (Part II) (EN)","img":13708,"description":""}]},{"place":"5.1 \u017dMON\u0116S Hall","entry":[{"time":"12:00 - 12:45","title":"#CCBalticsPresents Stage, Screen & Studio: Acting Across Mediums with Tim Downie (BALDUR'S GATE 3, PADDINGTON, OUTLANDER) & Samantha B\u00e9art (BALDUR'S GATE 3) (EN)","img":13708,"description":"Guests:  Tim Downie, Samantha B\u00e9art \r\nModerator: Dominykas \u0160umskis"},{"time":"13:00 - 13:45","title":" #CCBalticsPresents Inside the Toxic Partnership of Dutch and Micah with Benjamin Byron Davis (Red Dead Redemption, Red Dead Redemption 2) & Peter Blomquist (Red Dead Redemption 2) (EN)","img":13708,"description":"Guests: Benjamin Byron Davis and Peter Blomquist\r\nModerator: Edgaras Ko\u017euchovskis (\u017daidim\u0173 Balsas)"},{"time":"14:00 - 14:45","title":"#CCBalticsPresents From Swords to Stillness: Finn Jones (Iron Fist, Game of Thrones) on Becoming a Warrior on Screen (EN)","img":13708,"description":"Guest: Finn Jones\r\nModerator: Paul de Miko"},{"time":"15:00 - 15:45","title":"TBA","img":13708,"description":""},{"time":"16:00 - 16:45","title":"#CCBalticsPresents Mark Pellegrino (Supernatural, Lost, Dexter) (EN)","img":13708,"description":"Guest: Mark Pellegrino\r\nModerator: Ignas Grinevi\u010dius"},{"time":"17:00 - 17:45","title":"#CCBalticsPresents Two Sides of the Same Story: Rivalry, Friendship, and Co-op Chemistry with Kaja Chan & Elsie Bennett (SPLIT FICTION) (EN)","img":13708,"description":"Guests: Kaja Chan and Elsie Bennet\r\nModerators: Lukas \u010cestovas and Xanos"}]},{"place":"5.2  CHAZZ sal\u0117","entry":[{"time":"12:00 - 12:45","title":"TBA","img":"","description":""},{"time":"13:00 - 13:45","title":"#CCBalticsPresents Gyvi nuotykiai: stalo vaidmen\u0173 \u017eaidimai (LT)","img":13708,"description":"Prane\u0161\u0117jas: Aleksandr Akimov (RPG House)"},{"time":"14:00 - 14:45","title":"TBA","img":"","description":""},{"time":"15:00 - 15:45","title":"TBA","img":"","description":""},{"time":"16:00 - 16:45","title":"#MeetLithuanianFilmIndustry Kamera u\u017e kameros: kino aik\u0161tel\u0117s akimirkos per fotografo objektyv\u0105 su Luku \u0160alna (SISI, THE LAST CZARS) (LT)","img":"","description":"Sve\u010dias: Lukas \u0160alna\r\nModeratorius: Oskar Wyganowski"},{"time":"17:00 - 17:45","title":"#CCBalticsPresents Meil\u0117, magija ir \u201eromantasy\u201c fenomenas \u2013 kod\u0117l visas pasaulis pamet\u0117 galv\u0105? (LT)","img":13708,"description":""}]},{"place":"5.3  GO Botanicals sal\u0117","entry":[{"time":"12:00 - 12:45","title":"#CCBalticsPresents Mike Hollingsworth (BoJack Horseman) (EN)","img":13708,"description":"Guest: Mike Hollingsworth\r\nModerator: Paulius Ambrazevi\u010dius"},{"time":"13:00 - 13:45","title":"TBA","img":"","description":""},{"time":"14:00 - 14:45","title":"#CCBalticsPresents Chris McCoy (Endagered Comics) (EN)","img":13708,"description":"Guests: Chris McCoy \r\nModerator: Gediminas Skyrius"},{"time":"15:00 - 15:45","title":"#CCBalticsPresents Nathan Kress (iCarly) (EN)","img":13708,"description":"Guest: Nathan Kress\r\nModerator: R\u016bta A\u0161vydyt\u0117"},{"time":"16:00 - 16:45","title":"#MeetLithuanianFilmIndustry Filmavimas po vandeniu ir filmo \u201eNuskendusi \u017eem\u0117\u201c pristatymas su Veronika Tamulionyte (LT)","img":"","description":"Sve\u010dias: Veronika Tamulionyt\u0117\r\nModeratorius: Silvija \u0160umskien\u0117"},{"time":"17:00 - 17:45","title":"TBA","img":"","description":""}]}]},{"date":"20260524","where":[{"place":"1 Hall Baltics Gaming Expo","entry":[{"time":"10:00 - 14:00","title":"League of Legends Finals","img":13710,"description":""},{"time":"14:00 - 17:00","title":"Trackmania Finals","img":13710,"description":""},{"time":"17:00 - 19:00","title":"Street Fighter 6 Finals presented by HALLS","img":13710,"description":""}]},{"place":"3 Hall. Main Stage","entry":[{"time":"11:00 - 13:00","title":"#CCBalticsPresents K-Pop Dance Contest (Part II) (EN)","img":13708,"description":""},{"time":"13:15 - 15:45","title":"#CCBalticsPresents Cosplay Contest (Part III) (EN)","img":13708,"description":""},{"time":"16:00 - 16:30","title":"#CCBalticsPresents Cosplay Masquerade (EN)","img":13708,"description":""},{"time":"16:30 - 17:00","title":"#CCBalticsPresents K-Pop Awards Ceremony(EN)","img":13708,"description":""},{"time":"17:00 - 17:45","title":"#CCBalticsPresents Cosplay Awards Ceremony (EN)","img":13708,"description":""}]},{"place":"5.1 \u017dMON\u0116S Hall","entry":[{"time":"12:00 - 12:45","title":"#CCBalticsPresents Charisma, Contempt, and Chaos in Red Dead Redemption 2 with Benjamin Byron Davis & Peter Blomquist (EN)","img":13708,"description":"Guests:  Benjamin Byron Davis and Peter Blomquist \r\nModerator: Paul de Miko"},{"time":"13:00 - 13:45","title":"TBA","img":13708,"description":""},{"time":"14:00 - 14:45","title":"#CCBalticsPresents Strength Isn\u2019t Always Loud: Vulnerability as Power in Fantasy Heroes with Finn Jones (Iron Fist, Game of Thrones) (EN)","img":13708,"description":"Guest: Finn Jones\r\nModerator: Paulius Ambrazevi\u010dius"},{"time":"15:00 - 15:45","title":"#CCBalticsPresents Tim Downie and Samantha B\u00e9art (Baldur\u2019s Gate 3) (EN)","img":13708,"description":"Guests: Tim Downie, Samantha B\u00e9art \r\nModerators: Edgaras Ko\u017euchovskis ir Rokas Luko\u0161aitis (\u017daidim\u0173 Balsas)"},{"time":"16:00 - 16:45","title":"#CCBalticsPresents The Devil & The Hunter: Lucifer, Garth & Life After Supernatural With Mark Pellegrino & DJ Qualls (EN)","img":13708,"description":"Guest: Mark Pellegrino and Donald Joseph (DJ) Qualls\r\nModerator: Simas Anu\u017eis (Svarbeuse dariti)"}]},{"place":"5.2  CHAZZ sal\u0117","entry":[{"time":"12:00 - 12:45","title":"#CCBalticsPresents More Than Just a Costume: Sleepy Moth on Craftsmanship, Performance and Cosplay Build Books (EN) ","img":13708,"description":"Guest: Sleepy Moth\r\nModerator: Paulius Kardauskas"},{"time":"13:00 - 13:45","title":"TBA","img":"","description":""},{"time":"14:00 - 14:45","title":"#MeetLithuanianMusicIndustry Nuo legend\u0173 iki pamir\u0161t\u0173: Lietuvos Eurovizijos atstov\u0173 \u201etier list\u201c kartu su Eurodiena.lt (LT)","img":"","description":""},{"time":"15:00 - 15:45","title":"#MeetLithuanianFilmIndustry Detal\u0117s, kurios kuria istorij\u0105: scenografija ir rekvizitai kine su Dovu Vy\u0161niausku (STRANGER THINGS, CLARK) ir Gintaru Linkevi\u010diumi (HEADHUNTERS, CLARK)  (LT)","img":"","description":"Sve\u010diai: Dovas Vy\u0161niauskas ir Gintaras Linkevi\u010dius\r\nModeratorius: Paulius Ambrazevi\u010dius"},{"time":"16:00 - 16:45","title":"#MeetLithuanianFilmIndustry Siaubo film\u0173 formul\u0117 \u2013 kas i\u0161 ties\u0173 g\u0105sdina? (LT)","img":"","description":"Sve\u010diai: Jonas Trukanas, Andrius Kauklys ir Raimundas Bilinskas\r\nModeratorius: Oskar Wyganowski"}]},{"place":"5.3  GO Botanicals sal\u0117","entry":[{"time":"12:00 - 12:45","title":"#CCBalticsPresents From iCarly to Now: Nathan Kress on Growing Up Alongside a Generation of Viewers (EN)","img":13708,"description":"Guest: Nathan Kress\r\nModerator: Goda Raibyt\u0117-Aleksa"},{"time":"13:00 - 13:45","title":"#CCBalticsPresents Building a Shared Reality: Kaja Chan & Elsie Bennett (SPLIT FICTION) on Collaboration in Motion & Physical Storytelling (EN)","img":13708,"description":"Guests: Kaja Chan and Elsie Bennett \r\nModerator: Dominykas \u0160umskis"},{"time":"14:00 - 14:45","title":"#CCBalticsPresents and Chris McCoy (Endagered Comics) (EN)","img":13708,"description":"Guests: Chris McCoy \r\nModerator: Jaq Greenspon"},{"time":"15:00 - 15:45","title":"TBA","img":"","description":""},{"time":"16:00 - 16:45","title":"#CCBalticsPresents Mike Hollingsworth (BoJack Horseman) (EN)","img":13708,"description":"Guest: Mike Hollingsworth\r\nModerator: Ignas Grinevi\u010dius"}]}]}]},"toolset-meta":{"mobile-app-post-data":{"show-guest-in-app":{"type":"checkbox","raw":"0"},"guest-app-feature-image":{"type":"image","raw":"","attachment_id":null},"guest-description":{"type":"wysiwyg","raw":""},"guest-role":{"type":"textfield","raw":""},"guest-known-for":{"type":"textfield","raw":""}},"field-group-for-pages":[]},"publishpress_future_action":{"enabled":false,"date":"2026-04-29 17:43:39","action":"change-status","newStatus":"draft","terms":[],"taxonomy":"translation_priority","extraData":[]},"publishpress_future_workflow_manual_trigger":{"enabledWorkflows":[]},"_links":{"self":[{"href":"https:\/\/ccbaltics.com\/lt\/wp-json\/wp\/v2\/pages\/13899","targetHints":{"allow":["GET"]}}],"collection":[{"href":"https:\/\/ccbaltics.com\/lt\/wp-json\/wp\/v2\/pages"}],"about":[{"href":"https:\/\/ccbaltics.com\/lt\/wp-json\/wp\/v2\/types\/page"}],"author":[{"embeddable":true,"href":"https:\/\/ccbaltics.com\/lt\/wp-json\/wp\/v2\/users\/1"}],"replies":[{"embeddable":true,"href":"https:\/\/ccbaltics.com\/lt\/wp-json\/wp\/v2\/comments?post=13899"}],"version-history":[{"count":2,"href":"https:\/\/ccbaltics.com\/lt\/wp-json\/wp\/v2\/pages\/13899\/revisions"}],"predecessor-version":[{"id":13916,"href":"https:\/\/ccbaltics.com\/lt\/wp-json\/wp\/v2\/pages\/13899\/revisions\/13916"}],"wp:featuredmedia":[{"embeddable":true,"href":"https:\/\/ccbaltics.com\/lt\/wp-json\/wp\/v2\/media\/13742"}],"wp:attachment":[{"href":"https:\/\/ccbaltics.com\/lt\/wp-json\/wp\/v2\/media?parent=13899"}],"curies":[{"name":"wp","href":"https:\/\/api.w.org\/{rel}","templated":true}]}}