{"id":13592,"date":"2025-01-23T15:15:30","date_gmt":"2025-01-23T13:15:30","guid":{"rendered":"https:\/\/ccbaltics.com\/registration-to-artist-alley-2\/"},"modified":"2026-03-21T14:33:59","modified_gmt":"2026-03-21T12:33:59","slug":"menu-aleja-reg","status":"publish","type":"page","link":"https:\/\/ccbaltics.com\/lt\/menu-aleja-reg\/","title":{"rendered":"REGISTRACIJA \u012e M\u0116N\u0172 AL\u0116J\u0104 U\u017dDARYTA"},"content":{"rendered":"<div class=\"wpb-content-wrapper\"><p>[vc_row][vc_column][vc_column_text css=&#8221;&#8221;]<\/p>\n<div class=\"wp-block-contact-form-7-contact-form-selector\">\n<div class=\"vc_row wpb_row vc_row-fluid\">\n<div class=\"wpb_column vc_column_container vc_col-sm-12\">\n<div class=\"vc_column-inner\">\n<div class=\"wpb_wrapper\">\n<div class=\"wpb_text_column wpb_content_element \">\n<div class=\"wpb_wrapper\">\n<p><span id=\"cch_f2188274a9b70c6\" class=\"_mh6 _wsc\"><span data-offset-key=\"17m1a-0-0\"><strong>Registracija \u012f COMIC CON BALTICS 2026 MEN\u0172 AL\u0116J\u0104. Daugiau naujien\u0173 m\u016bs\u0173 <a href=\"https:\/\/www.facebook.com\/CCBaltics\/\" target=\"_blank\" rel=\"noopener noreferrer\">Facebook<\/a>!&nbsp;<\/strong><\/span><\/span><\/p>\n<p>Turi klausim\u0173? Ra\u0161yki: <a href=\"mailto:artist@ccbaltics.com\">artist@ccbaltics.com<\/a><\/p>\n<\/div>\n<div class=\"wp-block-contact-form-7-contact-form-selector\">\n<div class=\"vc_row wpb_row vc_row-fluid\">\n<div class=\"wpb_column vc_column_container vc_col-sm-12\">\n<div class=\"vc_column-inner\">\n<div class=\"wpb_wrapper\">\n<div class=\"wpb_text_column wpb_content_element \">\n<div class=\"wpb_wrapper\">\n<p>&nbsp;<\/p>\n<\/div>\n<\/div>\n<\/div>\n<\/div>\n<\/div>\n<\/div>\n<div class=\"vc_row wpb_row vc_row-fluid\">\n<div class=\"wpb_column vc_column_container vc_col-sm-12\">\n<div class=\"vc_column-inner\">\n<div class=\"wpb_wrapper\">\n<div class=\"wpb_text_column wpb_content_element \">\n<div class=\"wpb_wrapper\">\n<div class=\"oSioSc\">\n<div id=\"tw-target\">\n<div id=\"kAz1tf\" class=\"g9WsWb\">\n<div id=\"tw-target-text-container\" class=\"tw-ta-container F0azHf tw-nfl\" tabindex=\"0\">\n<div class=\"QmZWSe\">\n<div class=\"DHcWmd\">\n<div id=\"tw-target\">\n<div id=\"kAz1tf\" class=\"g9WsWb\">\n<div id=\"tw-target-text-container\" class=\"tw-ta-container F0azHf tw-nfl\" tabindex=\"0\">\n<pre id=\"tw-target-text\" class=\"tw-data-text tw-text-large tw-ta\" dir=\"ltr\" data-placeholder=\"Translation\"><strong><span class=\"Y2IQFc\" lang=\"en\">Registracija \u012f 2026 met\u0173 Comic Con Baltis Men\u0173 Al\u0117j\u0105 yra u\u017edaryta.\r\n<\/span><\/strong><\/pre>\n<\/div>\n<\/div>\n<\/div>\n<\/div>\n<\/div>\n<\/div>\n<\/div>\n<\/div>\n<\/div>\n<\/div>\n<\/div>\n<\/div>\n<\/div>\n<\/div>\n<\/div>\n<\/div>\n<\/div>\n<\/div>\n<\/div>\n<\/div>\n<\/div>\n<\/div>\n<p>[\/vc_column_text][\/vc_column][\/vc_row][vc_row][vc_column][\/vc_column][\/vc_row]<\/p>\n<\/div>","protected":false},"excerpt":{"rendered":"<p>[vc_row][vc_column][vc_column_text css=&#8221;&#8221;] Registracija \u012f COMIC CON BALTICS 2026 MEN\u0172 AL\u0116J\u0104. Daugiau naujien\u0173 m\u016bs\u0173 Facebook!&nbsp; Turi klausim\u0173? Ra\u0161yki: artist@ccbaltics.com &nbsp; Registracija \u012f 2026 met\u0173 Comic Con Baltis Men\u0173 Al\u0117j\u0105 yra u\u017edaryta. [\/vc_column_text][\/vc_column][\/vc_row][vc_row][vc_column][\/vc_column][\/vc_row]<\/p>\n","protected":false},"author":1,"featured_media":0,"parent":0,"menu_order":0,"comment_status":"closed","ping_status":"closed","template":"","meta":{"_acf_changed":false,"ngg_post_thumbnail":0,"iawp_total_views":609,"footnotes":""},"class_list":["post-13592","page","type-page","status-publish","hentry"],"acf":[],"toolset-meta":{"mobile-app-post-data":{"show-guest-in-app":{"type":"checkbox","raw":"0"},"guest-app-feature-image":{"type":"image","raw":"","attachment_id":null},"guest-description":{"type":"wysiwyg","raw":""},"guest-role":{"type":"textfield","raw":""},"guest-known-for":{"type":"textfield","raw":""}},"field-group-for-pages":[]},"publishpress_future_action":{"enabled":false,"date":"2026-04-11 04:22:38","action":"change-status","newStatus":"draft","terms":[],"taxonomy":"translation_priority","extraData":[]},"publishpress_future_workflow_manual_trigger":{"enabledWorkflows":[]},"_links":{"self":[{"href":"https:\/\/ccbaltics.com\/lt\/wp-json\/wp\/v2\/pages\/13592","targetHints":{"allow":["GET"]}}],"collection":[{"href":"https:\/\/ccbaltics.com\/lt\/wp-json\/wp\/v2\/pages"}],"about":[{"href":"https:\/\/ccbaltics.com\/lt\/wp-json\/wp\/v2\/types\/page"}],"author":[{"embeddable":true,"href":"https:\/\/ccbaltics.com\/lt\/wp-json\/wp\/v2\/users\/1"}],"replies":[{"embeddable":true,"href":"https:\/\/ccbaltics.com\/lt\/wp-json\/wp\/v2\/comments?post=13592"}],"version-history":[{"count":5,"href":"https:\/\/ccbaltics.com\/lt\/wp-json\/wp\/v2\/pages\/13592\/revisions"}],"predecessor-version":[{"id":13810,"href":"https:\/\/ccbaltics.com\/lt\/wp-json\/wp\/v2\/pages\/13592\/revisions\/13810"}],"wp:attachment":[{"href":"https:\/\/ccbaltics.com\/lt\/wp-json\/wp\/v2\/media?parent=13592"}],"curies":[{"name":"wp","href":"https:\/\/api.w.org\/{rel}","templated":true}]}}