{"id":13587,"date":"2025-01-21T11:52:52","date_gmt":"2025-01-21T09:52:52","guid":{"rendered":"https:\/\/ccbaltics.com\/savanoriai\/"},"modified":"2026-01-20T12:38:27","modified_gmt":"2026-01-20T10:38:27","slug":"savanoriai","status":"publish","type":"page","link":"https:\/\/ccbaltics.com\/lt\/savanoriai\/","title":{"rendered":"Savanoriai"},"content":{"rendered":"<div class=\"wpb-content-wrapper\"><p>[vc_row full_width=&#8221;stretch_row_content&#8221; content_placement=&#8221;middle&#8221; el_class=&#8221;rte-heading-wrapper&#8221; css=&#8221;.vc_custom_1502748512373{margin-bottom: 80px !important;}&#8221;][vc_column][vc_custom_heading text=&#8221;Tu, taip, TU!&#8221; font_container=&#8221;tag:h2|font_size:30|text_align:center|line_height:30px&#8221; google_fonts=&#8221;font_family:Open%20Sans%3A300%2C300italic%2Cregular%2Citalic%2C600%2C600italic%2C700%2C700italic%2C800%2C800italic|font_style:700%20bold%20regular%3A700%3Anormal&#8221; el_class=&#8221;home-red-heading-rte&#8221;][\/vc_column][\/vc_row][vc_row][vc_column width=&#8221;1\/2&#8243;][vc_column_text]Kaip da\u017enai turi prog\u0105 leisti laik\u0105 su \u017emon\u0117mis kaip ir tu, m\u0117gstan\u010diais filmus, serialus, komiksus, Cosplay, \u017eaidimus ir kitus smagius u\u017esi\u0117mimus? <strong>Tapk \u201eComic Con Baltics\u201c savanoriu ir b\u016bk fantasti\u0161ko renginio dalimi!<\/strong><\/p>\n<p>K\u0105 u\u017e vis\u0105 tai gausi?<\/p>\n<p>Gal\u0117si gyvai i\u0161vysti, kaip organizuojamas didelio m\u0105sto tarptautinis renginys, susipa\u017einsi su \u012fdomiais \u017emon\u0117mis, i\u0161 arti pamatysi garsius k\u016br\u0117jus ir Holivudo \u017evaig\u017edes, dalyvausi \u012fvairiausiose veiklose, gausi nemokamus oficialius \u201eComic Con Baltics\u201c savanorio mar\u0161kin\u0117lius, maitinim\u0105 ir dar daug kit\u0173 dalyk\u0173. O k\u0105 jau kalb\u0117ti apie smagiai praleist\u0105 laik\u0105![\/vc_column_text][\/vc_column][vc_column width=&#8221;1\/2&#8243;][vc_column_text]<span style=\"font-weight: 400;\">\u0160iais metais \u201eComic Con Baltics\u201c savanoriavimui bus taikomas gr\u0105\u017eintinas depozitas. Kod\u0117l j\u012f taikome?<\/span><\/p>\n<p><b>Depozitas &#8211; jau seniai taikomas \u012frankis \u012fvairiuose renginiuose, kuriuose renkama savanori\u0173 komanda. Tai yra <\/b><b>organizacijos<\/b><b> garantas, kad savanoris atvyks numatytu laiku \u012f ,,Comic Con Baltics\u201d rengin\u012f ir tinkamai atliks sutartas funkcijas. Jei savanoris atlieka visas sutartyje numatytas pareigas, depozitas savanoriui yra gr\u0105\u017einamas.<\/b>[\/vc_column_text][\/vc_column][\/vc_row][vc_row][vc_column][vc_raw_html]JTVCY29udGFjdC1mb3JtLTclMjBpZCUzRCUyMjk2NTAlMjIlMjB0aXRsZSUzRCUyMlNhdmFub3JpJUM1JUIzJTIwcmVnaXN0cmFjaWphJTIwMjAyNCUyMiU1RA==[\/vc_raw_html][\/vc_column][\/vc_row][vc_row][vc_column][vc_column_text]<\/p>\n<p>ngg_shortcode_0_placeholder[\/vc_column_text][\/vc_column][\/vc_row]<\/p>\n<\/div>","protected":false},"excerpt":{"rendered":"<p>[vc_row full_width=&#8221;stretch_row_content&#8221; content_placement=&#8221;middle&#8221; el_class=&#8221;rte-heading-wrapper&#8221; css=&#8221;.vc_custom_1502748512373{margin-bottom: 80px !important;}&#8221;][vc_column][vc_custom_heading text=&#8221;Tu, taip, TU!&#8221; font_container=&#8221;tag:h2|font_size:30|text_align:center|line_height:30px&#8221; google_fonts=&#8221;font_family:Open%20Sans%3A300%2C300italic%2Cregular%2Citalic%2C600%2C600italic%2C700%2C700italic%2C800%2C800italic|font_style:700%20bold%20regular%3A700%3Anormal&#8221; el_class=&#8221;home-red-heading-rte&#8221;][\/vc_column][\/vc_row][vc_row][vc_column width=&#8221;1\/2&#8243;][vc_column_text]Kaip da\u017enai turi prog\u0105 leisti laik\u0105 su \u017emon\u0117mis kaip ir tu, m\u0117gstan\u010diais filmus, serialus, komiksus, Cosplay, \u017eaidimus ir kitus smagius u\u017esi\u0117mimus? Tapk \u201eComic Con Baltics\u201c savanoriu ir b\u016bk fantasti\u0161ko renginio dalimi! K\u0105 u\u017e vis\u0105 tai gausi? Gal\u0117si gyvai i\u0161vysti, kaip organizuojamas didelio [&hellip;]<\/p>\n","protected":false},"author":1,"featured_media":0,"parent":0,"menu_order":0,"comment_status":"closed","ping_status":"closed","template":"","meta":{"_acf_changed":false,"ngg_post_thumbnail":0,"iawp_total_views":3555,"footnotes":""},"class_list":["post-13587","page","type-page","status-publish","hentry"],"acf":[],"toolset-meta":{"mobile-app-post-data":{"show-guest-in-app":{"type":"checkbox","raw":"0"},"guest-app-feature-image":{"type":"image","raw":"","attachment_id":null},"guest-description":{"type":"wysiwyg","raw":""},"guest-role":{"type":"textfield","raw":""},"guest-known-for":{"type":"textfield","raw":""}},"field-group-for-pages":[]},"publishpress_future_action":{"enabled":false,"date":"2026-04-21 14:17:02","action":"change-status","newStatus":"draft","terms":[],"taxonomy":"translation_priority","extraData":[]},"publishpress_future_workflow_manual_trigger":{"enabledWorkflows":[]},"_links":{"self":[{"href":"https:\/\/ccbaltics.com\/lt\/wp-json\/wp\/v2\/pages\/13587","targetHints":{"allow":["GET"]}}],"collection":[{"href":"https:\/\/ccbaltics.com\/lt\/wp-json\/wp\/v2\/pages"}],"about":[{"href":"https:\/\/ccbaltics.com\/lt\/wp-json\/wp\/v2\/types\/page"}],"author":[{"embeddable":true,"href":"https:\/\/ccbaltics.com\/lt\/wp-json\/wp\/v2\/users\/1"}],"replies":[{"embeddable":true,"href":"https:\/\/ccbaltics.com\/lt\/wp-json\/wp\/v2\/comments?post=13587"}],"version-history":[{"count":1,"href":"https:\/\/ccbaltics.com\/lt\/wp-json\/wp\/v2\/pages\/13587\/revisions"}],"predecessor-version":[{"id":13588,"href":"https:\/\/ccbaltics.com\/lt\/wp-json\/wp\/v2\/pages\/13587\/revisions\/13588"}],"wp:attachment":[{"href":"https:\/\/ccbaltics.com\/lt\/wp-json\/wp\/v2\/media?parent=13587"}],"curies":[{"name":"wp","href":"https:\/\/api.w.org\/{rel}","templated":true}]}}