{"id":11644,"date":"2024-09-24T12:44:29","date_gmt":"2024-09-24T10:44:29","guid":{"rendered":"https:\/\/ccbaltics.com\/?page_id=11644"},"modified":"2024-09-24T12:44:29","modified_gmt":"2024-09-24T10:44:29","slug":"sveciai-2024","status":"publish","type":"page","link":"https:\/\/ccbaltics.com\/lt\/sveciai-2024\/","title":{"rendered":"Sve\u010diai 2024"},"content":{"rendered":"<div class=\"wpb-content-wrapper\"><p>[vc_row][vc_column][vc_row_inner][vc_column_inner][vc_column_text]<\/p>\n<h3 style=\"text-align: center;\">Aktoriai atvyksta \u012f Vilni\u0173! Susitik ir pabendrauk su savo m\u0117gstamiausiais aktoriais, komiksistais ir cosplay menininkais!<\/h3>\n<p>[\/vc_column_text][\/vc_column_inner][\/vc_row_inner][vc_row_inner][vc_column_inner width=&#8221;1\/2&#8243;][vc_column_text]<\/p>\n<h4 style=\"text-align: justify;\"><strong>Susitik su m\u0117gstamais aktoriais<\/strong><\/h4>\n<p style=\"text-align: justify;\">Atvyk \u012f \u201eComic Con Baltics\u201c ir susitik su m\u0117gstamiausiais aktoriais i\u0161 film\u0173 ir serial\u0173. B\u016bk pasireng\u0119s renginyje i\u0161vysti daugyb\u0119 tarptautini\u0173 sve\u010di\u0173 i\u0161 pa\u010di\u0173 \u012fvairiausi\u0173 populiariosios kult\u016bros at\u0161ak\u0173. Ir ne tik aktori\u0173, bet ir kino industrijos, komiks\u0173 ir Cosplay pasaulio atstov\u0173.<\/p>\n<h4 style=\"text-align: justify;\"><strong>Specialios konferencijos ir pokalbiai<\/strong><\/h4>\n<p style=\"text-align: justify;\">Renginio metu vyksta daugyb\u0117 konferencij\u0173 ir klausim\u0173-atsakym\u0173 sesij\u0173 su visais m\u016bs\u0173 sve\u010diais. Per \u0161ias dvi superheroj\u0173 dienas galima paklausyti apie esamus ir b\u016bsimus, taip pat ir buvusius aktori\u0173 projektus. Taip pat, \u012fvairi\u0173 profesional\u0173 (kino industrijos ar cosplay) darbo u\u017ekulisius ir specifik\u0105.<\/p>\n<p style=\"text-align: justify;\">Visi aktoriai \u201eComic Con Baltics\u201c bus abi renginio dienas, jei programoje nepara\u0161yta kitaip.<\/p>\n<p>[\/vc_column_text][\/vc_column_inner][vc_column_inner width=&#8221;1\/2&#8243;][vc_column_text]<\/p>\n<h4 style=\"text-align: justify;\">K\u0105 verta \u017einoti?<\/h4>\n<p style=\"text-align: justify;\">Atvyk\u0119 sve\u010diai dalyvauja vadinamosiose autograf\u0173 dalinimo ir fotografij\u0173 sesijose. Jos vyksta atskirai, kad sp\u0117tum\u0117te nusifotografuoti su visais sve\u010diais bei gauti j\u0173 para\u0161us. Be to, J\u016bs galite pra\u0161yti para\u0161o ne tik ant j\u0173 paruo\u0161tos nuotraukos, bet ir ant savo atsine\u0161t\u0173 fotografij\u0173 ar daikt\u0173: plakat\u0173, knyg\u0173, mar\u0161kin\u0117li\u0173. <strong>Bilietai autografams parduodami renginyje<\/strong>.<\/p>\n<p style=\"text-align: justify;\">Taip pat visuomet yra galimyb\u0117 ir nusifotografuoti su J\u016bs\u0173 m\u0117gstama \u017evaig\u017ede ir tur\u0117ti i\u0161skirtin\u0119 nuotrauk\u0105. Jums tereikia atsistoti prie foto sienel\u0117s su savo herojumi ir mes atspausdinsime j\u0105 per kelias minutes. <strong>Fotosesijos bilietai parduodami renginyje.<\/strong><\/p>\n<p>Pla\u010diau apie tai skaitykite \u201eAutograf\u0173 ir fotosesij\u0173\u201c skiltyje.[\/vc_column_text][\/vc_column_inner][\/vc_row_inner][vc_row_inner][vc_column_inner][vc_column_text]<\/p>\n<div class=\"custom-batman-image-wrapper\">\n<div class=\"custom-batman-image\"><img decoding=\"async\" class=\"size-full wp-image-505 aligncenter\" src=\"http:\/\/www.ccbaltics.com\/wp-content\/uploads\/2017\/07\/batman-ears.png\" alt=\"\" width=\"236\" height=\"169\" srcset=\"https:\/\/ccbaltics.com\/wp-content\/uploads\/2017\/07\/batman-ears.png 236w, https:\/\/ccbaltics.com\/wp-content\/uploads\/2017\/07\/batman-ears-154x110.png 154w\" sizes=\"(max-width: 236px) 100vw, 236px\" \/><\/div>\n<\/div>\n<p>[\/vc_column_text][vc_column_text]<strong>PASTABA: <\/strong>Nuotraukos su sve\u010diais ir j\u0173 autografai yra mokami. Taip pat, visi sve\u010diai yra be galo u\u017eimtos asmenyb\u0117s ir d\u0117l tam tikr\u0173 su darbu susijusi\u0173 \u012fsipareigojim\u0173 gali <strong>at\u0161aukti<\/strong> savo pasirodym\u0105 renginyje. D\u0117l sve\u010di\u0173 pasirodymo at\u0161aukimo organizatoriai neatsako ir pinig\u0173 u\u017e biliet\u0105 negr\u0105\u017eina.[\/vc_column_text][\/vc_column_inner][\/vc_row_inner][\/vc_column][\/vc_row]<\/p>\n<\/div>","protected":false},"excerpt":{"rendered":"<p>[vc_row][vc_column][vc_row_inner][vc_column_inner][vc_column_text] Aktoriai atvyksta \u012f Vilni\u0173! Susitik ir pabendrauk su savo m\u0117gstamiausiais aktoriais, komiksistais ir cosplay menininkais! [\/vc_column_text][\/vc_column_inner][\/vc_row_inner][vc_row_inner][vc_column_inner width=&#8221;1\/2&#8243;][vc_column_text] Susitik su m\u0117gstamais aktoriais Atvyk \u012f \u201eComic Con Baltics\u201c ir susitik su m\u0117gstamiausiais aktoriais i\u0161 film\u0173 ir serial\u0173. B\u016bk pasireng\u0119s renginyje i\u0161vysti daugyb\u0119 tarptautini\u0173 sve\u010di\u0173 i\u0161 pa\u010di\u0173 \u012fvairiausi\u0173 populiariosios kult\u016bros at\u0161ak\u0173. Ir ne tik aktori\u0173, bet ir [&hellip;]<\/p>\n","protected":false},"author":1,"featured_media":0,"parent":0,"menu_order":0,"comment_status":"closed","ping_status":"closed","template":"templates\/guest-page.php","meta":{"_acf_changed":false,"ngg_post_thumbnail":0,"iawp_total_views":1160,"footnotes":""},"class_list":["post-11644","page","type-page","status-publish","hentry"],"acf":[],"toolset-meta":{"mobile-app-post-data":{"show-guest-in-app":{"type":"checkbox","raw":"0"},"guest-app-feature-image":{"type":"image","raw":"","attachment_id":null},"guest-description":{"type":"wysiwyg","raw":""},"guest-role":{"type":"textfield","raw":""},"guest-known-for":{"type":"textfield","raw":""}},"field-group-for-pages":[]},"publishpress_future_action":{"enabled":false,"date":"2026-04-17 18:43:06","action":"change-status","newStatus":"draft","terms":[],"taxonomy":"translation_priority","extraData":[]},"publishpress_future_workflow_manual_trigger":{"enabledWorkflows":[]},"_links":{"self":[{"href":"https:\/\/ccbaltics.com\/lt\/wp-json\/wp\/v2\/pages\/11644","targetHints":{"allow":["GET"]}}],"collection":[{"href":"https:\/\/ccbaltics.com\/lt\/wp-json\/wp\/v2\/pages"}],"about":[{"href":"https:\/\/ccbaltics.com\/lt\/wp-json\/wp\/v2\/types\/page"}],"author":[{"embeddable":true,"href":"https:\/\/ccbaltics.com\/lt\/wp-json\/wp\/v2\/users\/1"}],"replies":[{"embeddable":true,"href":"https:\/\/ccbaltics.com\/lt\/wp-json\/wp\/v2\/comments?post=11644"}],"version-history":[{"count":1,"href":"https:\/\/ccbaltics.com\/lt\/wp-json\/wp\/v2\/pages\/11644\/revisions"}],"predecessor-version":[{"id":11645,"href":"https:\/\/ccbaltics.com\/lt\/wp-json\/wp\/v2\/pages\/11644\/revisions\/11645"}],"wp:attachment":[{"href":"https:\/\/ccbaltics.com\/lt\/wp-json\/wp\/v2\/media?parent=11644"}],"curies":[{"name":"wp","href":"https:\/\/api.w.org\/{rel}","templated":true}]}}