{"id":1112,"date":"2017-08-16T16:05:43","date_gmt":"2017-08-16T16:05:43","guid":{"rendered":"http:\/\/www.ccbaltics.com\/lt\/?page_id=1112"},"modified":"2025-12-08T12:39:54","modified_gmt":"2025-12-08T10:39:54","slug":"apie-mus","status":"publish","type":"page","link":"https:\/\/ccbaltics.com\/lt\/informacija\/apie-mus\/","title":{"rendered":"Apie mus"},"content":{"rendered":"<div class=\"wpb-content-wrapper\"><p>[vc_row][vc_column][vc_row_inner][vc_column_inner][vc_column_text css=&#8221;&#8221;]<\/p>\n<h3 style=\"text-align: center;\"><strong>COMIC CON BALTICS &#8211; \u010cIA SUSITINKA HEROJAI!<\/strong><\/h3>\n<p>[\/vc_column_text][vc_column_text css=&#8221;&#8221;]<strong>\u201eComic Con Baltics\u201c \u2013 naujos kartos pramog\u0173 festivalis, kasmet suburiantis 37 t\u016bkstan\u010dius lankytoj\u0173 i\u0161 viso Baltijos regiono. Trij\u0173 dien\u0173 festivalis vyksta Vilniuje, LITEXPO, kur susitinka kino, komiks\u0173, \u017eaidim\u0173, cosplay, K-Pop, technologij\u0173 bei kitos bendruomen\u0117s.<\/strong><\/p>\n<p>Festivalio tikslas \u2013 \u012fkv\u0117pti ir sudominti kuo platesn\u0119 auditorij\u0105 populiariosios kult\u016bros \u012fvairove. \u010cia pristatomi nauji kino projektai ir serialai, suteikiama galimyb\u0117 susitikti su \u017einomais film\u0173, serial\u0173 ir \u017eaidim\u0173 aktoriais, k\u016br\u0117jais ir industrijos profesionalais. Lankytojai gali i\u0161bandyti naujus ir kultiniais tapusius kompiuterinius \u017eaidimus, dalyvauti k\u016brybin\u0117se veiklose, steb\u0117ti \u012fsp\u016bdingus Cosplay bei K-Pop \u0161oki\u0173 pasirodymus, fotografuotis temin\u0117se erdv\u0117se ar atrasti i\u0161skirtin\u0117s atributikos.<\/p>\n<p>\u010cia vyksta ir Baltics Gaming Expo. Tai atskira, \u017eaidim\u0173 kult\u016brai skirta erdv\u0117 \u012fsik\u016brusi senuosiuose LITEXPO r\u016bmuose, kurioje laukia kompiuteriniai ir konsoli\u0173 \u017eaidimai, tarptautiniai esporto turnyrai, technologij\u0173 naujienos, \u017eaidim\u0173 k\u016br\u0117j\u0173 terasa, \u012fvair\u016bs simuliatoriai, retro \u017eaidim\u0173 erdv\u0117s ir daugyb\u0117 kit\u0173 pramog\u0173 kiekvienam \u017eaidim\u0173 entuziastui.<\/p>\n<p>\u201eComic Con Baltics\u201c \u2013 vieta, draugi\u0161ka visai \u0161eimai. Ma\u017eiesiems festivalio herojams skiriamos edukacin\u0117s veiklos, interaktyvios zonos, persona\u017eai, konkursai ir staigmenos. Vaikams iki 6 met\u0173 (imtinai) \u012f\u0117jimas nemokamas.<\/p>\n<p><strong>KOD\u0116L VERTA DALYVAUTI?<\/strong><\/p>\n<p>Tik \u010dia galima paspausti rank\u0105 aktoriui i\u0161 m\u0117gstamo filmo ar serialo, gauti autograf\u0105, nusifotografuoti kartu ar pirmiesiems pamatyti b\u016bsimo kino projekt\u0173 i\u0161skirtinius kadrus. Tai proga pa\u017evelgti \u012f kino industrijos u\u017ekulisius, i\u0161bandyti k\u016br\u0117j\u0173 technik\u0105, dalyvauti dirbtuv\u0117se ir susipa\u017einti su profesionalais i\u0161 arti.<\/p>\n<p>Nors festivalis tarptautinis, \u010dia gausu veikl\u0173 ir lietuvi\u0173 kalba. Prireikus pagalbos, visada pagelb\u0117s \u0161aunioji savanori\u0173 komanda.<\/p>\n<p>\u201eComic Con Baltics\u201c \u2013 puiki vieta atskleisti k\u016brybin\u012f potencial\u0105 ir pristatyti savo id\u0117jas ar produktus. Norintys prisid\u0117ti ar tapti dalimi festivalio kvie\u010diami para\u0161yti el. pa\u0161tu: <a href=\"mailto:info@ccbaltics.com\">info@ccbaltics.com<\/a>[\/vc_column_text][\/vc_column_inner][\/vc_row_inner][\/vc_column][\/vc_row]<\/p>\n<\/div>","protected":false},"excerpt":{"rendered":"<p>[vc_row][vc_column][vc_row_inner][vc_column_inner][vc_column_text css=&#8221;&#8221;] COMIC CON BALTICS &#8211; \u010cIA SUSITINKA HEROJAI! [\/vc_column_text][vc_column_text css=&#8221;&#8221;]\u201eComic Con Baltics\u201c \u2013 naujos kartos pramog\u0173 festivalis, kasmet suburiantis 37 t\u016bkstan\u010dius lankytoj\u0173 i\u0161 viso Baltijos regiono. Trij\u0173 dien\u0173 festivalis vyksta Vilniuje, LITEXPO, kur susitinka kino, komiks\u0173, \u017eaidim\u0173, cosplay, K-Pop, technologij\u0173 bei kitos bendruomen\u0117s. Festivalio tikslas \u2013 \u012fkv\u0117pti ir sudominti kuo platesn\u0119 auditorij\u0105 populiariosios kult\u016bros [&hellip;]<\/p>\n","protected":false},"author":1,"featured_media":13444,"parent":1102,"menu_order":0,"comment_status":"closed","ping_status":"closed","template":"","meta":{"_acf_changed":false,"ngg_post_thumbnail":0,"iawp_total_views":2957,"footnotes":""},"class_list":["post-1112","page","type-page","status-publish","has-post-thumbnail","hentry"],"acf":[],"toolset-meta":{"mobile-app-post-data":{"show-guest-in-app":{"type":"checkbox","raw":"0"},"guest-app-feature-image":{"type":"image","raw":"","attachment_id":null},"guest-description":{"type":"wysiwyg","raw":""},"guest-role":{"type":"textfield","raw":""},"guest-known-for":{"type":"textfield","raw":""}},"field-group-for-pages":[]},"publishpress_future_action":{"enabled":false,"date":"2026-04-17 21:54:54","action":"change-status","newStatus":"draft","terms":[],"taxonomy":"translation_priority","extraData":[]},"publishpress_future_workflow_manual_trigger":{"enabledWorkflows":[]},"_links":{"self":[{"href":"https:\/\/ccbaltics.com\/lt\/wp-json\/wp\/v2\/pages\/1112","targetHints":{"allow":["GET"]}}],"collection":[{"href":"https:\/\/ccbaltics.com\/lt\/wp-json\/wp\/v2\/pages"}],"about":[{"href":"https:\/\/ccbaltics.com\/lt\/wp-json\/wp\/v2\/types\/page"}],"author":[{"embeddable":true,"href":"https:\/\/ccbaltics.com\/lt\/wp-json\/wp\/v2\/users\/1"}],"replies":[{"embeddable":true,"href":"https:\/\/ccbaltics.com\/lt\/wp-json\/wp\/v2\/comments?post=1112"}],"version-history":[{"count":28,"href":"https:\/\/ccbaltics.com\/lt\/wp-json\/wp\/v2\/pages\/1112\/revisions"}],"predecessor-version":[{"id":13440,"href":"https:\/\/ccbaltics.com\/lt\/wp-json\/wp\/v2\/pages\/1112\/revisions\/13440"}],"up":[{"embeddable":true,"href":"https:\/\/ccbaltics.com\/lt\/wp-json\/wp\/v2\/pages\/1102"}],"wp:featuredmedia":[{"embeddable":true,"href":"https:\/\/ccbaltics.com\/lt\/wp-json\/wp\/v2\/media\/13444"}],"wp:attachment":[{"href":"https:\/\/ccbaltics.com\/lt\/wp-json\/wp\/v2\/media?parent=1112"}],"curies":[{"name":"wp","href":"https:\/\/api.w.org\/{rel}","templated":true}]}}