{"id":1110,"date":"2017-08-16T16:05:52","date_gmt":"2017-08-16T16:05:52","guid":{"rendered":"http:\/\/www.ccbaltics.com\/lt\/?page_id=1110"},"modified":"2023-02-18T21:50:30","modified_gmt":"2023-02-18T19:50:30","slug":"prekybininkams","status":"publish","type":"page","link":"https:\/\/ccbaltics.com\/lt\/informacija\/prekybininkams\/","title":{"rendered":"Prekybininkams \/ Partneriams"},"content":{"rendered":"<div class=\"wpb-content-wrapper\"><p>[vc_row][vc_column][vc_column_text]<\/p>\n<h1 style=\"text-align: left;\">\u201eComic Con Baltics\u201c yra vienas did\u017eiausi\u0173 ir laukiamiausi\u0173 populiariosios kult\u016bros rengini\u0173 Baltijos \u0161alyse.<\/h1>\n<p style=\"text-align: justify;\">Tai tikriausiai vienintelis renginys Baltijos \u0161alyse, kuriame apjungiama tiek daug \u012fvairiausi\u0173 veikl\u0173: filmai ir serialai, kompiuteriniai ir stalo \u017eaidimai, \u0161iuolaikin\u0117s technologijos, komiksai, anime, kino industrija, technologijos, muzika, apranga, \u017eaislai ir kt.<\/p>\n<p style=\"text-align: justify;\">Mes Jums si\u016blome unikali\u0105 ir pasaulyje puikiai \u017einom\u0105 platform\u0105, kurios pagalba gal\u0117site lengvai pasiekti ir u\u017emegzti stiprius ry\u0161ius su savo tiksline auditorija.<br \/>\n<strong>Jei norite tapti prekybininku, ar pristatyti savo produkt\u0105\/paslaug\u0105 renginyje \u201eComic Con Baltics 2022\u201c, u\u017epildykite form\u0105 apa\u010dioje, arba ra\u0161ykite sales@ccbaltics.com ir mes suteiksime vis\u0105 Jums reikiam\u0105 informacij\u0105.<\/strong><\/p>\n<p>&nbsp;[\/vc_column_text][vc_images_carousel images=&#8221;7688,7674,7678,7676,7666,7680,7684,7682,7668,7670,7672,7686&#8243; img_size=&#8221;large&#8221; onclick=&#8221;link_no&#8221; slides_per_view=&#8221;4&#8243; autoplay=&#8221;yes&#8221; hide_pagination_control=&#8221;yes&#8221; hide_prev_next_buttons=&#8221;yes&#8221;][\/vc_column][\/vc_row][vc_row][vc_column][vc_text_separator title=&#8221;Registracijos forma&#8221;][\/vc_column][\/vc_row][vc_row][vc_column]<div class=\"wpforms-container wpforms-container-full\" id=\"wpforms-5369\"><form id=\"wpforms-form-5369\" class=\"wpforms-validate wpforms-form\" data-formid=\"5369\" method=\"post\" enctype=\"multipart\/form-data\" action=\"\/lt\/wp-json\/wp\/v2\/pages\/1110\" data-token=\"e896cba50d327bc58202ac3343f7159a\" data-token-time=\"1775839465\"><noscript class=\"wpforms-error-noscript\">Please enable JavaScript in your browser to complete this form.<\/noscript><div class=\"wpforms-field-container\"><div id=\"wpforms-5369-field_0-container\" class=\"wpforms-field wpforms-field-name\" data-field-id=\"0\"><label class=\"wpforms-field-label\" for=\"wpforms-5369-field_0\">\u012emon\u0117s atstovo vardas ir pavard\u0117 <span class=\"wpforms-required-label\">*<\/span><\/label><input type=\"text\" id=\"wpforms-5369-field_0\" class=\"wpforms-field-medium wpforms-field-required\" name=\"wpforms[fields][0]\" required><\/div><div id=\"wpforms-5369-field_3-container\" class=\"wpforms-field wpforms-field-text\" data-field-id=\"3\"><label class=\"wpforms-field-label\" for=\"wpforms-5369-field_3\">\u012emon\u0117s pavadinimas ir statusas (Jeigu neturite, para\u0161ykite veiklos form\u0105 pvz - individuali veikla)  <span class=\"wpforms-required-label\">*<\/span><\/label><input type=\"text\" id=\"wpforms-5369-field_3\" class=\"wpforms-field-medium wpforms-field-required\" name=\"wpforms[fields][3]\" required><div class=\"wpforms-field-description\">Pvz.: UAB \u012emon\u0117s Pavadinimas<\/div><\/div><div id=\"wpforms-5369-field_4-container\" class=\"wpforms-field wpforms-field-number\" data-field-id=\"4\"><label class=\"wpforms-field-label\" for=\"wpforms-5369-field_4\">\u012emon\u0117s kodas (Jeigu neturite, \u012fra\u0161ykite - 0) <span class=\"wpforms-required-label\">*<\/span><\/label><input type=\"number\" id=\"wpforms-5369-field_4\" class=\"wpforms-field-medium wpforms-field-required\" name=\"wpforms[fields][4]\" step=\"any\" required><\/div><div id=\"wpforms-5369-field_5-container\" class=\"wpforms-field wpforms-field-text\" data-field-id=\"5\"><label class=\"wpforms-field-label\" for=\"wpforms-5369-field_5\">\u012emon\u0117s PVM kodas <\/label><input type=\"text\" id=\"wpforms-5369-field_5\" class=\"wpforms-field-medium\" name=\"wpforms[fields][5]\" ><\/div><div id=\"wpforms-5369-field_9-container\" class=\"wpforms-field wpforms-field-text\" data-field-id=\"9\"><label class=\"wpforms-field-label\" for=\"wpforms-5369-field_9\">Internetinio puslapio adresas<\/label><input type=\"text\" id=\"wpforms-5369-field_9\" class=\"wpforms-field-medium\" name=\"wpforms[fields][9]\" ><div class=\"wpforms-field-description\">Jeigu neturite, nurodykite socialinio tinklo adres\u0105<\/div><\/div><div id=\"wpforms-5369-field_1-container\" class=\"wpforms-field wpforms-field-email\" data-field-id=\"1\"><label class=\"wpforms-field-label\" for=\"wpforms-5369-field_1\">El. Pa\u0161tas <span class=\"wpforms-required-label\">*<\/span><\/label><input type=\"email\" id=\"wpforms-5369-field_1\" class=\"wpforms-field-medium wpforms-field-required\" name=\"wpforms[fields][1]\" spellcheck=\"false\" required><\/div><div id=\"wpforms-5369-field_6-container\" class=\"wpforms-field wpforms-field-number\" data-field-id=\"6\"><label class=\"wpforms-field-label\" for=\"wpforms-5369-field_6\">Telefono numeris <span class=\"wpforms-required-label\">*<\/span><\/label><input type=\"number\" id=\"wpforms-5369-field_6\" class=\"wpforms-field-medium wpforms-field-required\" name=\"wpforms[fields][6]\" step=\"any\" required><\/div><div id=\"wpforms-5369-field_8-container\" class=\"wpforms-field wpforms-field-number\" data-field-id=\"8\"><label class=\"wpforms-field-label\" for=\"wpforms-5369-field_8\">Pageidaujamas plotas renginyje<\/label><input type=\"number\" id=\"wpforms-5369-field_8\" class=\"wpforms-field-medium\" name=\"wpforms[fields][8]\" step=\"any\" ><div class=\"wpforms-field-description\">nurodykite planuojamo stendo dyd\u012f, kiek kvadratini\u0173 metr\u0173 nor\u0117tum\u0117te rezervuotis<\/div><\/div><div id=\"wpforms-5369-field_7-container\" class=\"wpforms-field wpforms-field-textarea\" data-field-id=\"7\"><label class=\"wpforms-field-label\" for=\"wpforms-5369-field_7\">Veiklos sritis <span class=\"wpforms-required-label\">*<\/span><\/label><textarea id=\"wpforms-5369-field_7\" class=\"wpforms-field-medium wpforms-field-required\" name=\"wpforms[fields][7]\" required><\/textarea><div class=\"wpforms-field-description\">para\u0161ykite kokius produkt\u0105\/us, paslaug\u0105\/as planuojate pristatyti \"Comic Con Baltics\" renginyje<\/div><\/div><div id=\"wpforms-5369-field_2-container\" class=\"wpforms-field wpforms-field-textarea\" data-field-id=\"2\"><label class=\"wpforms-field-label\" for=\"wpforms-5369-field_2\">Komentaras, pastabos, norai  <span class=\"wpforms-required-label\">*<\/span><\/label><textarea id=\"wpforms-5369-field_2\" class=\"wpforms-field-medium wpforms-field-required\" name=\"wpforms[fields][2]\" required><\/textarea><div class=\"wpforms-field-description\">para\u0161ykite: ar reikalinga stendo \u012frengimo paslauga, el. \u012fvadas (kokio galingumo ir kiek ta\u0161k\u0173), ar reikalinga stende kilimin\u0117 danga, k\u0117d\u0117s, stalai ir kt. <\/div><\/div><\/div><!-- .wpforms-field-container --><div class=\"wpforms-field wpforms-field-hp\"><label for=\"wpforms-5369-field-hp\" class=\"wpforms-field-label\">Name<\/label><input type=\"text\" name=\"wpforms[hp]\" id=\"wpforms-5369-field-hp\" class=\"wpforms-field-medium\"><\/div><div class=\"wpforms-recaptcha-container wpforms-is-recaptcha wpforms-is-recaptcha-type-v3\" ><input type=\"hidden\" name=\"wpforms[recaptcha]\" value=\"\"><\/div><div class=\"wpforms-submit-container\" ><input type=\"hidden\" name=\"wpforms[id]\" value=\"5369\"><input type=\"hidden\" name=\"page_title\" value=\"\"><input type=\"hidden\" name=\"page_url\" value=\"https:\/\/ccbaltics.com\/lt\/wp-json\/wp\/v2\/pages\/1110\"><input type=\"hidden\" name=\"url_referer\" value=\"\"><button type=\"submit\" name=\"wpforms[submit]\" id=\"wpforms-submit-5369\" class=\"wpforms-submit\" data-alt-text=\"Sending...\" data-submit-text=\"Submit\" aria-live=\"assertive\" value=\"wpforms-submit\">Submit<\/button><\/div><\/form><\/div>  <!-- .wpforms-container -->[\/vc_column][\/vc_row]<\/p>\n<\/div>","protected":false},"excerpt":{"rendered":"<p>[vc_row][vc_column][vc_column_text] \u201eComic Con Baltics\u201c yra vienas did\u017eiausi\u0173 ir laukiamiausi\u0173 populiariosios kult\u016bros rengini\u0173 Baltijos \u0161alyse. Tai tikriausiai vienintelis renginys Baltijos \u0161alyse, kuriame apjungiama tiek daug \u012fvairiausi\u0173 veikl\u0173: filmai ir serialai, kompiuteriniai ir stalo \u017eaidimai, \u0161iuolaikin\u0117s technologijos, komiksai, anime, kino industrija, technologijos, muzika, apranga, \u017eaislai ir kt. Mes Jums si\u016blome unikali\u0105 ir pasaulyje puikiai \u017einom\u0105 platform\u0105, kurios [&hellip;]<\/p>\n","protected":false},"author":1,"featured_media":5589,"parent":1102,"menu_order":0,"comment_status":"closed","ping_status":"closed","template":"","meta":{"_acf_changed":false,"ngg_post_thumbnail":0,"iawp_total_views":772,"footnotes":""},"class_list":["post-1110","page","type-page","status-publish","has-post-thumbnail","hentry"],"acf":[],"toolset-meta":{"mobile-app-post-data":{"show-guest-in-app":{"type":"checkbox","raw":""},"guest-app-feature-image":{"type":"image","raw":"","attachment_id":null},"guest-description":{"type":"wysiwyg","raw":""},"guest-role":{"type":"textfield","raw":""},"guest-known-for":{"type":"textfield","raw":""}},"field-group-for-pages":[]},"publishpress_future_action":{"enabled":false,"date":"2026-04-17 18:44:25","action":"change-status","newStatus":"draft","terms":[],"taxonomy":"translation_priority","extraData":[]},"publishpress_future_workflow_manual_trigger":{"enabledWorkflows":[]},"_links":{"self":[{"href":"https:\/\/ccbaltics.com\/lt\/wp-json\/wp\/v2\/pages\/1110","targetHints":{"allow":["GET"]}}],"collection":[{"href":"https:\/\/ccbaltics.com\/lt\/wp-json\/wp\/v2\/pages"}],"about":[{"href":"https:\/\/ccbaltics.com\/lt\/wp-json\/wp\/v2\/types\/page"}],"author":[{"embeddable":true,"href":"https:\/\/ccbaltics.com\/lt\/wp-json\/wp\/v2\/users\/1"}],"replies":[{"embeddable":true,"href":"https:\/\/ccbaltics.com\/lt\/wp-json\/wp\/v2\/comments?post=1110"}],"version-history":[{"count":32,"href":"https:\/\/ccbaltics.com\/lt\/wp-json\/wp\/v2\/pages\/1110\/revisions"}],"predecessor-version":[{"id":7692,"href":"https:\/\/ccbaltics.com\/lt\/wp-json\/wp\/v2\/pages\/1110\/revisions\/7692"}],"up":[{"embeddable":true,"href":"https:\/\/ccbaltics.com\/lt\/wp-json\/wp\/v2\/pages\/1102"}],"wp:featuredmedia":[{"embeddable":true,"href":"https:\/\/ccbaltics.com\/lt\/wp-json\/wp\/v2\/media\/5589"}],"wp:attachment":[{"href":"https:\/\/ccbaltics.com\/lt\/wp-json\/wp\/v2\/media?parent=1110"}],"curies":[{"name":"wp","href":"https:\/\/api.w.org\/{rel}","templated":true}]}}