{"id":1109,"date":"2017-08-16T16:05:58","date_gmt":"2017-08-16T16:05:58","guid":{"rendered":"http:\/\/www.ccbaltics.com\/lt\/?page_id=1109"},"modified":"2023-04-07T07:30:26","modified_gmt":"2023-04-07T05:30:26","slug":"kontaktai-comic-con-baltics","status":"publish","type":"page","link":"https:\/\/ccbaltics.com\/lt\/informacija\/kontaktai-comic-con-baltics\/","title":{"rendered":"Kontaktai"},"content":{"rendered":"<div class=\"wpb-content-wrapper\"><p>[vc_row][vc_column width=&#8221;1\/2&#8243;][vc_column_text]<strong>Norite dalyvauti renginyje ar ie\u0161kote daugiau informacijos?<br \/>\n<\/strong>Darius Krasauskas: <a href=\"mailto:darius@ccbaltics.com\">darius@ccbaltics.com<\/a>, m. +370 678 37310<\/p>\n<p><strong>Norite tapti partneriais \/ r\u0117m\u0117jais?<\/strong>&nbsp;<br \/>\nTomas Vievesis: <a href=\"mailto:tomas@ccbaltics.com\">tomas@ccbaltics.com<\/a>, m. +370 627 73155[\/vc_column_text][vc_column_text]<\/p>\n<p style=\"text-align: justify;\">Pra\u0161ome patikrinti m\u016bs\u0173 <a href=\"https:\/\/ccbaltics.com\/\/lt\/informacija\/duk\/\"><strong>D.U.K.<\/strong><\/a> skilt\u012f, galb\u016bt mes jau esame atsak\u0119 \u012f jums r\u016bpim\u0105 klausim\u0105.<\/p>\n<p>Jei turite kit\u0173 klausim\u0173, susijusi\u0173 su \u201eComic Con Baltics\u201c, kreipkit\u0117s \u012f mus per pateikt\u0105 kontakt\u0173 form\u0105.[\/vc_column_text][\/vc_column][vc_column width=&#8221;1\/2&#8243;][vc_gmaps link=&#8221;#E-8_JTNDaWZyYW1lJTIwc3JjJTNEJTIyaHR0cHMlM0ElMkYlMkZtYXBzLmdvb2dsZS5jb20lMkZtYXBzJTNGd2lkdGglM0QxMDAlMjUlMjZhbXAlM0JoZWlnaHQlM0Q2MDAlMjZhbXAlM0JobCUzRGVuJTI2YW1wJTNCcSUzRExhaXN2JTI1QzQlMjU5N3MlMjUyMHByLiUyNTIwNSUyNTJDJTI1MjAwNDIxNSUyNTJDJTI1MjBWaWxuaXVzJTI1MkMlMjUyMExpZXR1dmElMkIlMjhDb21pYyUyNTIwQ29uJTI1MjBCYWx0aWNzJTI1MjAyMDE4JTI5JTI2YW1wJTNCaWUlM0RVVEY4JTI2YW1wJTNCdCUzRCUyNmFtcCUzQnolM0QxNCUyNmFtcCUzQml3bG9jJTNEQSUyNmFtcCUzQm91dHB1dCUzRGVtYmVkJTIyJTIwd2lkdGglM0QlMjI2MDAlMjIlMjBoZWlnaHQlM0QlMjI0NTAlMjIlMjBmcmFtZWJvcmRlciUzRCUyMjAlMjIlMjBzdHlsZSUzRCUyMmJvcmRlciUzQTAlMjIlMjBhbGxvd2Z1bGxzY3JlZW4lM0UlM0MlMkZpZnJhbWUlM0U=&#8221;][\/vc_column][\/vc_row][vc_row full_width=&#8221;stretch_row&#8221; parallax=&#8221;content-moving&#8221; css=&#8221;.vc_custom_1567687005388{padding-top: 10px !important;padding-bottom: 10px !important;background-position: center;background-repeat: no-repeat !important;background-size: cover !important;}&#8221; el_class=&#8221;with-background&#8221;][vc_column]\n<div class=\"wpcf7 no-js\" id=\"wpcf7-f1315-o1\" lang=\"en-US\" dir=\"ltr\" data-wpcf7-id=\"1315\">\n<div class=\"screen-reader-response\"><p role=\"status\" aria-live=\"polite\" aria-atomic=\"true\"><\/p> <ul><\/ul><\/div>\n<form action=\"\/lt\/wp-json\/wp\/v2\/pages\/1109#wpcf7-f1315-o1\" method=\"post\" class=\"wpcf7-form init\" aria-label=\"Contact form\" novalidate=\"novalidate\" data-status=\"init\">\n<div style=\"display: none;\">\n<input type=\"hidden\" name=\"_wpcf7\" value=\"1315\" \/>\n<input type=\"hidden\" name=\"_wpcf7_version\" value=\"6.0.6\" \/>\n<input type=\"hidden\" name=\"_wpcf7_locale\" value=\"en_US\" \/>\n<input type=\"hidden\" name=\"_wpcf7_unit_tag\" value=\"wpcf7-f1315-o1\" \/>\n<input type=\"hidden\" name=\"_wpcf7_container_post\" value=\"0\" \/>\n<input type=\"hidden\" name=\"_wpcf7_posted_data_hash\" value=\"\" \/>\n<input type=\"hidden\" name=\"_wpcf7cf_hidden_group_fields\" value=\"[]\" \/>\n<input type=\"hidden\" name=\"_wpcf7cf_hidden_groups\" value=\"[]\" \/>\n<input type=\"hidden\" name=\"_wpcf7cf_visible_groups\" value=\"[]\" \/>\n<input type=\"hidden\" name=\"_wpcf7cf_repeaters\" value=\"[]\" \/>\n<input type=\"hidden\" name=\"_wpcf7cf_steps\" value=\"{}\" \/>\n<input type=\"hidden\" name=\"_wpcf7cf_options\" value=\"{&quot;form_id&quot;:1315,&quot;conditions&quot;:[],&quot;settings&quot;:{&quot;animation&quot;:&quot;yes&quot;,&quot;animation_intime&quot;:200,&quot;animation_outtime&quot;:200,&quot;conditions_ui&quot;:&quot;normal&quot;,&quot;notice_dismissed&quot;:false}}\" \/>\n<input type=\"hidden\" name=\"_wpcf7_recaptcha_response\" value=\"\" \/>\n<\/div>\n<div class=\"cc_form form-wrapper\">\n<div class=\"row\">\n<div class=\"col-12 bg p-xl-5 p-lg-5 p-md-5 p-sm-5 p-3\">\n\t<div class=\"\">\n\t\t<div class=\"form-group row\">\n\t\t\t<div class=\"col-sm-6\">\n\t\t\t\t<label>Vardas*<\/label>\n\t\t\t\t<span class=\"wpcf7-form-control-wrap\" data-name=\"your-name\"><input size=\"40\" maxlength=\"400\" class=\"wpcf7-form-control wpcf7-text wpcf7-validates-as-required form-control\" aria-required=\"true\" aria-invalid=\"false\" value=\"\" type=\"text\" name=\"your-name\" \/><\/span>\n\t\t\t<\/div>\n            <div class=\"col-sm-6\">\n                <label>El. pa\u0161tas*<\/label>\n                <span class=\"wpcf7-form-control-wrap\" data-name=\"your-email\"><input size=\"40\" maxlength=\"400\" class=\"wpcf7-form-control wpcf7-email wpcf7-validates-as-required wpcf7-text wpcf7-validates-as-email form-control\" aria-required=\"true\" aria-invalid=\"false\" value=\"\" type=\"email\" name=\"your-email\" \/><\/span>\n            <\/div>\n\t\t<\/div>\n        \n\t\t<div class=\"form-group row\">\n\t\t\t<div class=\"col-sm-12\">\n\t\t\t\t<label>\u017dinut\u0117*<\/label>\n\t\t\t\t<span class=\"reg-comment\">Ko nor\u0117tum\u0117te paklausti?<\/span>\n\t\t\t\t<span class=\"wpcf7-form-control-wrap\" data-name=\"your-message\"><textarea cols=\"40\" rows=\"10\" maxlength=\"2000\" class=\"wpcf7-form-control wpcf7-textarea form-control\" aria-invalid=\"false\" name=\"your-message\"><\/textarea><\/span>\n\t\t\t<\/div>\n\t\t<\/div>\n\n\t\t<div class=\"form-group row\">\n\t\t\t<div class=\"col-sm-12 text-center\">\n\t\t\t\t\n\t\t\t<\/div>\n\t\t<\/div>\n\n\t\t<div class=\"contact-btn-wrapper\"><input class=\"wpcf7-form-control wpcf7-submit has-spinner\" type=\"submit\" value=\"Si\u0173sti\" \/><\/div>\n\t<\/div>\n<\/div>\n\t<\/div>\n<\/div><input type='hidden' class='wpcf7-pum' value='{\"closepopup\":false,\"closedelay\":0,\"openpopup\":false,\"openpopup_id\":0}' \/><div class=\"wpcf7-response-output\" aria-hidden=\"true\"><\/div>\n<\/form>\n<\/div>\n[\/vc_column][\/vc_row]<\/p>\n<\/div>","protected":false},"excerpt":{"rendered":"<p>[vc_row][vc_column width=&#8221;1\/2&#8243;][vc_column_text]Norite dalyvauti renginyje ar ie\u0161kote daugiau informacijos? Darius Krasauskas: darius@ccbaltics.com, m. +370 678 37310 Norite tapti partneriais \/ r\u0117m\u0117jais?&nbsp; Tomas Vievesis: tomas@ccbaltics.com, m. +370 627 73155[\/vc_column_text][vc_column_text] Pra\u0161ome patikrinti m\u016bs\u0173 D.U.K. skilt\u012f, galb\u016bt mes jau esame atsak\u0119 \u012f jums r\u016bpim\u0105 klausim\u0105. Jei turite kit\u0173 klausim\u0173, susijusi\u0173 su \u201eComic Con Baltics\u201c, kreipkit\u0117s \u012f mus per pateikt\u0105 [&hellip;]<\/p>\n","protected":false},"author":1,"featured_media":8094,"parent":1102,"menu_order":0,"comment_status":"closed","ping_status":"closed","template":"","meta":{"_acf_changed":false,"ngg_post_thumbnail":0,"iawp_total_views":1459,"footnotes":""},"class_list":["post-1109","page","type-page","status-publish","has-post-thumbnail","hentry"],"acf":[],"toolset-meta":{"mobile-app-post-data":{"show-guest-in-app":{"type":"checkbox","raw":""},"guest-app-feature-image":{"type":"image","raw":"","attachment_id":null},"guest-description":{"type":"wysiwyg","raw":""},"guest-role":{"type":"textfield","raw":""},"guest-known-for":{"type":"textfield","raw":""}},"field-group-for-pages":[]},"publishpress_future_action":{"enabled":false,"date":"2026-04-17 18:42:04","action":"change-status","newStatus":"draft","terms":[],"taxonomy":"translation_priority","extraData":[]},"publishpress_future_workflow_manual_trigger":{"enabledWorkflows":[]},"_links":{"self":[{"href":"https:\/\/ccbaltics.com\/lt\/wp-json\/wp\/v2\/pages\/1109","targetHints":{"allow":["GET"]}}],"collection":[{"href":"https:\/\/ccbaltics.com\/lt\/wp-json\/wp\/v2\/pages"}],"about":[{"href":"https:\/\/ccbaltics.com\/lt\/wp-json\/wp\/v2\/types\/page"}],"author":[{"embeddable":true,"href":"https:\/\/ccbaltics.com\/lt\/wp-json\/wp\/v2\/users\/1"}],"replies":[{"embeddable":true,"href":"https:\/\/ccbaltics.com\/lt\/wp-json\/wp\/v2\/comments?post=1109"}],"version-history":[{"count":12,"href":"https:\/\/ccbaltics.com\/lt\/wp-json\/wp\/v2\/pages\/1109\/revisions"}],"predecessor-version":[{"id":5588,"href":"https:\/\/ccbaltics.com\/lt\/wp-json\/wp\/v2\/pages\/1109\/revisions\/5588"}],"up":[{"embeddable":true,"href":"https:\/\/ccbaltics.com\/lt\/wp-json\/wp\/v2\/pages\/1102"}],"wp:featuredmedia":[{"embeddable":true,"href":"https:\/\/ccbaltics.com\/lt\/wp-json\/wp\/v2\/media\/8094"}],"wp:attachment":[{"href":"https:\/\/ccbaltics.com\/lt\/wp-json\/wp\/v2\/media?parent=1109"}],"curies":[{"name":"wp","href":"https:\/\/api.w.org\/{rel}","templated":true}]}}