{"id":1108,"date":"2017-08-16T16:06:02","date_gmt":"2017-08-16T16:06:02","guid":{"rendered":"http:\/\/www.ccbaltics.com\/lt\/?page_id=1108"},"modified":"2025-01-06T16:01:56","modified_gmt":"2025-01-06T14:01:56","slug":"cosplay","status":"publish","type":"page","link":"https:\/\/ccbaltics.com\/lt\/informacija\/cosplay\/","title":{"rendered":"Registracija \u012f konkurs\u0105"},"content":{"rendered":"<div class=\"wpb-content-wrapper\"><p>[vc_row][vc_column][vc_column_text]<\/p>\n<p style=\"text-align: justify;\"><strong>Registracija \u012f COMIC CON BALTICS 2025 Cosplay konkurs\u0105. Sekite naujienas m\u016bs\u0173 <a href=\"https:\/\/www.facebook.com\/CCBaltics\/\" target=\"_blank\" rel=\"noopener noreferrer\">Facebook paskyroje<\/a>.<\/strong><\/p>\n<p>Turite klausim\u0173? Ra\u0161ykite <a href=\"mailto:cosplay@ccbaltics.com\">cosplay@ccbaltics.com<\/a>[\/vc_column_text][\/vc_column][\/vc_row][vc_row][vc_column][vc_column_text]<strong>Registracija \u012f 2025 met\u0173 Comic Con Baltics Cosplay konkurs\u0105 yra u\u017edaryta.<\/strong>[\/vc_column_text][\/vc_column][\/vc_row]<\/p>\n<\/div>","protected":false},"excerpt":{"rendered":"<p>[vc_row][vc_column][vc_column_text] Registracija \u012f COMIC CON BALTICS 2025 Cosplay konkurs\u0105. Sekite naujienas m\u016bs\u0173 Facebook paskyroje. Turite klausim\u0173? Ra\u0161ykite cosplay@ccbaltics.com[\/vc_column_text][\/vc_column][\/vc_row][vc_row][vc_column][vc_column_text]Registracija \u012f 2025 met\u0173 Comic Con Baltics Cosplay konkurs\u0105 yra u\u017edaryta.[\/vc_column_text][\/vc_column][\/vc_row]<\/p>\n","protected":false},"author":1,"featured_media":0,"parent":1102,"menu_order":0,"comment_status":"closed","ping_status":"closed","template":"","meta":{"_acf_changed":false,"ngg_post_thumbnail":0,"iawp_total_views":2013,"footnotes":""},"class_list":["post-1108","page","type-page","status-publish","hentry"],"acf":[],"toolset-meta":{"mobile-app-post-data":{"show-guest-in-app":{"type":"checkbox","raw":"0"},"guest-app-feature-image":{"type":"image","raw":"","attachment_id":null},"guest-description":{"type":"wysiwyg","raw":""},"guest-role":{"type":"textfield","raw":""},"guest-known-for":{"type":"textfield","raw":""}},"field-group-for-pages":[]},"publishpress_future_action":{"enabled":false,"date":"2026-05-08 18:33:55","action":"change-status","newStatus":"draft","terms":[],"taxonomy":"translation_priority","extraData":[]},"publishpress_future_workflow_manual_trigger":{"enabledWorkflows":[]},"_links":{"self":[{"href":"https:\/\/ccbaltics.com\/lt\/wp-json\/wp\/v2\/pages\/1108","targetHints":{"allow":["GET"]}}],"collection":[{"href":"https:\/\/ccbaltics.com\/lt\/wp-json\/wp\/v2\/pages"}],"about":[{"href":"https:\/\/ccbaltics.com\/lt\/wp-json\/wp\/v2\/types\/page"}],"author":[{"embeddable":true,"href":"https:\/\/ccbaltics.com\/lt\/wp-json\/wp\/v2\/users\/1"}],"replies":[{"embeddable":true,"href":"https:\/\/ccbaltics.com\/lt\/wp-json\/wp\/v2\/comments?post=1108"}],"version-history":[{"count":40,"href":"https:\/\/ccbaltics.com\/lt\/wp-json\/wp\/v2\/pages\/1108\/revisions"}],"predecessor-version":[{"id":11781,"href":"https:\/\/ccbaltics.com\/lt\/wp-json\/wp\/v2\/pages\/1108\/revisions\/11781"}],"up":[{"embeddable":true,"href":"https:\/\/ccbaltics.com\/lt\/wp-json\/wp\/v2\/pages\/1102"}],"wp:attachment":[{"href":"https:\/\/ccbaltics.com\/lt\/wp-json\/wp\/v2\/media?parent=1108"}],"curies":[{"name":"wp","href":"https:\/\/api.w.org\/{rel}","templated":true}]}}