{"id":1107,"date":"2017-08-16T16:05:25","date_gmt":"2017-08-16T16:05:25","guid":{"rendered":"http:\/\/www.ccbaltics.com\/lt\/?page_id=1107"},"modified":"2025-05-18T22:03:57","modified_gmt":"2025-05-18T20:03:57","slug":"duk","status":"publish","type":"page","link":"https:\/\/ccbaltics.com\/lt\/informacija\/duk\/","title":{"rendered":"Da\u017enai u\u017eduodami klausimai"},"content":{"rendered":"<div class=\"wpb-content-wrapper\"><p>[vc_row 0=&#8221;&#8221;][vc_column 0=&#8221;&#8221;][vc_text_separator title=&#8221;Bendrin\u0117 informacija&#8221; i_icon_fontawesome=&#8221;fa fa-key&#8221; i_color=&#8221;pink&#8221; color=&#8221;blue&#8221; add_icon=&#8221;true&#8221;][vc_toggle title=&#8221;Kas yra \u201eComic Con Baltics\u201c?&#8221; css=&#8221;&#8221;]\u201eComic Con Baltics\u201c \u2013 naujos kartos pramog\u0173 festivalis. Vien\u0105 kart\u0105 metuose vykstantis Vilniuje, parod\u0173 r\u016bmuose \u201eLITEXPO\u201c. Daugiau galite paskaityti <a href=\"http:\/\/www.ccbaltics.com\/info\/about-us\/\">\u010dia.<\/a>[\/vc_toggle][\/vc_column][\/vc_row][vc_row 0=&#8221;&#8221;][vc_column 0=&#8221;&#8221;][vc_toggle title=&#8221;Kada atsidaromos ir u\u017esidaromos \u201eComic Con Baltics\u201c durys?&#8221;]Penktadien\u012f renginys prasideda 10.00 valand\u0105 ryto, durys u\u017edaromos 18.00 valand\u0105. \u0160e\u0161tadien\u012f renginys prasideda 10.00 valand\u0105 ryto, durys u\u017edaromos 19.00 valand\u0105. Sekmadien\u012f durys atidaromos 10.00 ryto, u\u017edaromos 18.00 valand\u0105.[\/vc_toggle][\/vc_column][\/vc_row][vc_row][vc_column][vc_toggle title=&#8221;Ar parod\u0173 r\u016bmuose bus bevielis internetas?&#8221;]Renginio metu veikia vietinis bevielis internetas, ta\u010diau renginio metu d\u0117l didelio \u017emoni\u0173 srauto galimi interneto sutrikimai, tad b\u016bkite kantr\u016bs![\/vc_toggle][\/vc_column][\/vc_row][vc_row][vc_column][vc_toggle title=&#8221;Atvyksiu su automobiliu. Ar bus kur pasistatyti ma\u0161in\u0105?&#8221;]Tikrai taip. \u0160alia LITEXPO yra didel\u0117 <strong>mokama<\/strong> parkavimo aik\u0161tel\u0117. Rekomenduojame kooperuotis su draugais ir atvykti vienu automobiliu.[\/vc_toggle][\/vc_column][\/vc_row][vc_row][vc_column][vc_toggle title=&#8221;Ar man reikia tur\u0117ti gryn\u0173j\u0173 pinig\u0173?&#8221;]<\/p>\n<p style=\"text-align: justify;\">Jeigu renginyje i\u0161 prekybinink\u0173 planuojate k\u0105 nors \u012fsigyti, rekomenduojame su savimi tur\u0117ti gryn\u0173j\u0173 pinig\u0173. Vietiniai pardav\u0117jai suteiks galimyb\u0119 atsiskaityti kortel\u0117mis, ta\u010diau prekybininkai i\u0161 u\u017esienio nor\u0117s atsiskaitymo grynaisiais.<\/p>\n<p>[\/vc_toggle][\/vc_column][\/vc_row][vc_row][vc_column][vc_toggle title=&#8221;Ar parod\u0173 r\u016bmuose yra gryn\u0173j\u0173 pinig\u0173 bankomatas?&#8221;]<\/p>\n<p style=\"text-align: justify;\">Taip, ta\u010diau tik vienas.<\/p>\n<p>[\/vc_toggle][\/vc_column][\/vc_row][vc_row][vc_column][vc_toggle title=&#8221;Ar kur nors gal\u0117siu palikti savo striuk\u0119 ir krep\u0161\u012f?&#8221;]<\/p>\n<p style=\"text-align: justify;\">Taip. Parod\u0173 r\u016bmuose yra drabu\u017ein\u0117s, kuriose gal\u0117site saugiai palikti savo palt\u0105. Tur\u0117kite omenyje, kad drabu\u017ein\u0117se viet\u0173 skai\u010dius yra ribotas, tad v\u0117liausiai atvykusiems gali tekti palt\u0105 pasine\u0161ioti su savimi. Krep\u0161ius rekomenduojame visuomet ne\u0161iotis su savimi ir nepalikti j\u0173 be prie\u017ei\u016bros.<\/p>\n<p>[\/vc_toggle][\/vc_column][\/vc_row][vc_row][vc_column][vc_toggle title=&#8221;Ar apsauga tikrins mano daiktus?&#8221;]<\/p>\n<p style=\"text-align: justify;\">Taip. Apsauga bus labai grie\u017eta. Apsaugos personalas tikrins kiekvieno \u012f rengin\u012f ateinan\u010dio krep\u0161i\u0173 turin\u012f. Nesine\u0161kite \u012f rengin\u012f joki\u0173 neleistin\u0173 daikt\u0173, nes jie i\u0161kart bus i\u0161metami. Jokie a\u0161tr\u016bs daiktai (peiliai, kardai, str\u0117l\u0117s ir t.t.), sprogmenys (\u012fskaitant ir ma\u017e\u0105j\u0105 pirotechnik\u0105) ar \u0161aunamieji ginklai n\u0117ra leid\u017eiami renginyje. Po kiekvieno i\u0161\u0117jimo i\u0161 renginio, bandant sugr\u012f\u017eti, visi dar kart\u0105 bus patikrinami.<\/p>\n<p>[\/vc_toggle][\/vc_column][\/vc_row][vc_row][vc_column][vc_toggle title=&#8221;Ar galima \u012fsine\u0161ti maist\u0105 ir g\u0117rimus?&#8221; css=&#8221;&#8221;]<\/p>\n<div class=\"flex max-w-full flex-col grow\">\n<div class=\"min-h-8 text-message relative flex w-full flex-col items-end gap-2 text-start break-words whitespace-normal [.text-message+&amp;]:mt-5\" dir=\"auto\" data-message-author-role=\"assistant\" data-message-id=\"05115088-cff5-451e-80a8-57cb8488c307\" data-message-model-slug=\"gpt-4o\">\n<div class=\"flex w-full flex-col gap-1 empty:hidden first:pt-[3px]\">\n<div class=\"markdown prose dark:prose-invert w-full break-words light\">\n<p class=\"\" data-start=\"75\" data-end=\"236\">Taip, u\u017ekand\u017eiai tikrai pravers nuotyki\u0173 kupinoje dienoje! Galite atsine\u0161ti ir vandens buteliuk\u0105, tik labai svarbu, kad jis neb\u016bt\u0173 stiklinis. Primename, kad <strong>alkoholinius g\u0117rimus \u012f festivalio teritorij\u0105 \u012fsine\u0161ti draud\u017eiama.<br \/>\n<\/strong><\/p>\n<p class=\"\" data-start=\"306\" data-end=\"506\">Jeigu pritr\u016bksite energijos, pasistiprinti gal\u0117site maisto furgon\u0117li\u0173 erdv\u0117je \u2013 ten tikrai netr\u016bks skani\u0173 pasirinkim\u0173!<\/p>\n<\/div>\n<\/div>\n<\/div>\n<\/div>\n<div class=\"flex justify-start\">&nbsp;<\/div>\n<p>[\/vc_toggle][\/vc_column][\/vc_row][vc_row][vc_column][vc_toggle title=&#8221;Ar galiu renginyje filmuoti ir fotografuoti?&#8221;]<\/p>\n<p style=\"text-align: justify;\">\u017dinoma! Mes net skatiname tai daryti. V\u0117liau visk\u0105 kelkite \u012f socialines erdves, pa\u017eym\u0117kite nuotraukas specialiais \u017eenklais (&#8220;grota\u017eym\u0117mis&#8221;) #CCBaltics ir mes visk\u0105 per\u017evelgsime! Visi gali fotografuoti ir filmuoti, svarbiausia &#8211; neu\u017eimti vietos. LITEXPO parod\u0173 centras bus labai u\u017eimtas, tad vietos daug nebus. Pra\u0161ome nenaudoti trikoj\u0173 ar kit\u0173 stov\u0173 savai technikai. Ten, kur fotografuoti ar filmuoti bus draud\u017eiama, bus skelbiama atskirai.<\/p>\n<p>[\/vc_toggle][\/vc_column][\/vc_row][vc_row 0=&#8221;&#8221;][vc_column 0=&#8221;&#8221;][vc_toggle title=&#8221;Kur galiu rasti \u201eComic Con Baltics\u201c program\u0105?&#8221;]Oficiali renginio programa bus paskelbta m\u016bs\u0173 svetain\u0117je likus savaitei iki renginio.[\/vc_toggle][vc_row_inner][vc_column_inner][vc_text_separator title=&#8221;Bilietai&#8221; i_icon_fontawesome=&#8221;fa fa-credit-card&#8221; color=&#8221;pink&#8221; add_icon=&#8221;true&#8221;][\/vc_column_inner][\/vc_row_inner][\/vc_column][\/vc_row][vc_row 0=&#8221;&#8221;][vc_column 0=&#8221;&#8221;][vc_toggle 0=&#8221;&#8221; title=&#8221;Kada bus prad\u0117ta prekiauti bilietais \u012f \u201eComic Con Baltics\u201c?&#8221;]Bilietus platina Tiketa.lt. Art\u0117jant renginiui bilietai brangs, tod\u0117l dabar yra geriausias metas juos \u012fsigyti. Tai galite padaryti paspaud\u0119 ant nuorodos &#8211; www.ccbaltics.com\/lt\/bilietai[\/vc_toggle][\/vc_column][\/vc_row][vc_row 0=&#8221;&#8221;][vc_column 0=&#8221;&#8221;][vc_toggle title=&#8221;Su savimi atsivedu vaik\u0105, ar jam reikia atskiro bilieto?&#8221;]Vaikai iki 7 met\u0173 \u012f rengin\u012f patenka nemokamai. Vedantis vyresnius vaikus, galima \u012fsigyti \u0161eimos biliet\u0105.[\/vc_toggle][\/vc_column][\/vc_row][vc_row 0=&#8221;&#8221;][vc_column 0=&#8221;&#8221;][vc_toggle title=&#8221;\u012esigijau biliet\u0105, bet nebegaliu dalyvauti renginyje. Ar galiu atgauti pinigus?&#8221;]Deja, gr\u0105\u017einti pinig\u0173 u\u017e bilietus negalime, ta\u010diau biliet\u0105 galite perduoti savo draugui, jis tikrai apsid\u017eiaugs![\/vc_toggle][\/vc_column][\/vc_row][vc_row][vc_column][vc_toggle title=&#8221;Ar gal\u0117siu susitikti su \u012f\u017eymybe, net jei neturiu Superherojaus bilieto?&#8221;]Tikrai taip. Visi lankytojai gal\u0117si susipa\u017einti su kviestiniais sve\u010diais \u012fsigij\u0119 Nuotrauk\u0173 ar Autograf\u0173 bilietus. Taip pat, u\u017eduoti jiems klausimus konferencij\u0173 metu.[\/vc_toggle][\/vc_column][\/vc_row][vc_row][vc_column][vc_toggle title=&#8221;Ar \u201eComic Con Baltics\u201c yra am\u017eiaus apribojim\u0173?&#8221;]<\/p>\n<p style=\"text-align: justify;\">Mes laukiame atvykstan\u010di\u0173 bet kokio am\u017eiaus lankytoj\u0173. Tiesa, rekomenduojame jaunesnius nei 16 met\u0173 jaunuolius b\u016bti su suaugusi\u0173j\u0173 palyda, nes renginys bus be galo didelis ir yra tikimyb\u0117 pasiklysti, prarasti asmenin\u012f turt\u0105. Taip pat, grup\u0119 jaunesni\u0173 nei 16 met\u0173 jaunuoli\u0173 gali lyd\u0117ti vienas suaugusysis.<\/p>\n<p style=\"text-align: justify;\">\u012esp\u0117jame, kad yra tikimyb\u0117, jog \u201eComic Con Baltics\u201c renginyje bus pristatomi \u017eaidimai, kurie yra skirti vyresnio am\u017eiaus asmenims.<\/p>\n<p>[\/vc_toggle][\/vc_column][\/vc_row][vc_row][vc_column][vc_toggle title=&#8221;Ar galiu \u012fsigyti biliet\u0105 prie \u012f\u0117jimo?&#8221;]<\/p>\n<p style=\"text-align: justify;\">\u012esigyti bilietus prie \u012f\u0117jimo tikrai bus galima, ta\u010diau rekomenduojame pasir\u016bpinti jais i\u0161 anksto. Taip i\u0161vengsime gr\u016bs\u010di\u0173 ir galimo nusivylimo. Jei bilietai bus i\u0161parduoti anks\u010diau, prie dur\u0173 j\u0173 nebus galima \u012fsigyti.<\/p>\n<p>[\/vc_toggle][\/vc_column][\/vc_row][vc_row][vc_column][vc_toggle title=&#8221;Ar man reikia mok\u0117ti daugiau u\u017e galimyb\u0119 patekti \u012f konferencij\u0105?&#8221;]<\/p>\n<div id=\"heading_citem_3d29-81ea\" class=\"panel-heading\" role=\"tab\">\n<p style=\"text-align: justify;\">Konferencijos, klausim\u0173 ir atsakym\u0173 sesijos, pokalbiai ir kiti pristatymai yra \u012fskai\u010diuoti \u012f bilieto kain\u0105, papildomai mok\u0117ti nereikia.<\/p>\n<\/div>\n<p>[\/vc_toggle][\/vc_column][\/vc_row][vc_row][vc_column][vc_toggle title=&#8221;Kiek kainuoja autografas?&#8221;]<\/p>\n<div id=\"heading_citem_7757-1fc3\" class=\"panel-heading\" role=\"tab\">\n<p>Autograf\u0173 kainos skirsis priklausomai nuo sve\u010dio ir jo pageidaujamos sumos. Pla\u010diau skaitykite sve\u010di\u0173 skiltyje.<\/p>\n<\/div>\n<p>[\/vc_toggle][\/vc_column][\/vc_row][vc_row][vc_column][vc_toggle title=&#8221;Kiek kainuoja nuotrauka su aktoriumi?&#8221;]<\/p>\n<div id=\"heading_citem_189f-170f\" class=\"panel-heading\" role=\"tab\">\n<p>Kaip ir autograf\u0173, taip ir nuotrauk\u0173 kainas nustato sve\u010diai. Jos skirsis priklausomai nuo sve\u010dio pageidaujamos sumos. Pla\u010diau skaitykite sve\u010di\u0173 skiltyje.<\/p>\n<\/div>\n<p>[\/vc_toggle][\/vc_column][\/vc_row][vc_row][vc_column][vc_text_separator title=&#8221;Prekybininkai&#8221; i_icon_fontawesome=&#8221;fa fa-balance-scale&#8221; i_color=&#8221;pink&#8221; color=&#8221;blue&#8221; add_icon=&#8221;true&#8221;][\/vc_column][\/vc_row][vc_row][vc_column][vc_toggle title=&#8221;Kas prekiaus renginyje?&#8221;]<\/p>\n<div id=\"heading_citem_41b7-64b2\" class=\"panel-heading\" style=\"text-align: justify;\" role=\"tab\">Visus prekeivius, kartu su detaliu planu, paskelbsime savo svetain\u0117je ir socialin\u0117s medijos kanaluose dar iki prasidedant renginiui. Vis\u0173 prekeivi\u0173 s\u0105ra\u0161as ir renginio \u017eem\u0117lapis bus platinamas renginyje ir savait\u0119 prie\u0161 virtualioje erdv\u0117je.<\/div>\n<p>[\/vc_toggle][\/vc_column][\/vc_row][vc_row][vc_column][vc_toggle title=&#8221;Kaip man tapti prekybininku?&#8221;]<\/p>\n<div class=\"panel panel-default\">\n<div id=\"heading_citem_be4c-b5ce\" class=\"panel-heading\" role=\"tab\">\n<h4 class=\"panel-title\">Apsilankykite <a href=\"https:\/\/ccbaltics.com\/\/lt\/informacija\/prekybininkams\/\">\u010dia<\/a> ir su\u017einosite vis\u0105 Jums r\u016bpim\u0105 informacij\u0105.<\/h4>\n<\/div>\n<\/div>\n<p>[\/vc_toggle][\/vc_column][\/vc_row]<\/p>\n<\/div>","protected":false},"excerpt":{"rendered":"<p>[vc_row 0=&#8221;&#8221;][vc_column 0=&#8221;&#8221;][vc_text_separator title=&#8221;Bendrin\u0117 informacija&#8221; i_icon_fontawesome=&#8221;fa fa-key&#8221; i_color=&#8221;pink&#8221; color=&#8221;blue&#8221; add_icon=&#8221;true&#8221;][vc_toggle title=&#8221;Kas yra \u201eComic Con Baltics\u201c?&#8221; css=&#8221;&#8221;]\u201eComic Con Baltics\u201c \u2013 naujos kartos pramog\u0173 festivalis. Vien\u0105 kart\u0105 metuose vykstantis Vilniuje, parod\u0173 r\u016bmuose \u201eLITEXPO\u201c. Daugiau galite paskaityti \u010dia.[\/vc_toggle][\/vc_column][\/vc_row][vc_row 0=&#8221;&#8221;][vc_column 0=&#8221;&#8221;][vc_toggle title=&#8221;Kada atsidaromos ir u\u017esidaromos \u201eComic Con Baltics\u201c durys?&#8221;]Penktadien\u012f renginys prasideda 10.00 valand\u0105 ryto, durys u\u017edaromos 18.00 valand\u0105. \u0160e\u0161tadien\u012f [&hellip;]<\/p>\n","protected":false},"author":1,"featured_media":5595,"parent":1102,"menu_order":0,"comment_status":"closed","ping_status":"closed","template":"","meta":{"_acf_changed":false,"ngg_post_thumbnail":0,"iawp_total_views":1731,"footnotes":""},"class_list":["post-1107","page","type-page","status-publish","has-post-thumbnail","hentry"],"acf":[],"toolset-meta":{"mobile-app-post-data":{"show-guest-in-app":{"type":"checkbox","raw":"0"},"guest-app-feature-image":{"type":"image","raw":"","attachment_id":null},"guest-description":{"type":"wysiwyg","raw":""},"guest-role":{"type":"textfield","raw":""},"guest-known-for":{"type":"textfield","raw":""}},"field-group-for-pages":[]},"publishpress_future_action":{"enabled":false,"date":"2026-04-18 12:04:25","action":"change-status","newStatus":"draft","terms":[],"taxonomy":"translation_priority","extraData":[]},"publishpress_future_workflow_manual_trigger":{"enabledWorkflows":[]},"_links":{"self":[{"href":"https:\/\/ccbaltics.com\/lt\/wp-json\/wp\/v2\/pages\/1107","targetHints":{"allow":["GET"]}}],"collection":[{"href":"https:\/\/ccbaltics.com\/lt\/wp-json\/wp\/v2\/pages"}],"about":[{"href":"https:\/\/ccbaltics.com\/lt\/wp-json\/wp\/v2\/types\/page"}],"author":[{"embeddable":true,"href":"https:\/\/ccbaltics.com\/lt\/wp-json\/wp\/v2\/users\/1"}],"replies":[{"embeddable":true,"href":"https:\/\/ccbaltics.com\/lt\/wp-json\/wp\/v2\/comments?post=1107"}],"version-history":[{"count":19,"href":"https:\/\/ccbaltics.com\/lt\/wp-json\/wp\/v2\/pages\/1107\/revisions"}],"predecessor-version":[{"id":12615,"href":"https:\/\/ccbaltics.com\/lt\/wp-json\/wp\/v2\/pages\/1107\/revisions\/12615"}],"up":[{"embeddable":true,"href":"https:\/\/ccbaltics.com\/lt\/wp-json\/wp\/v2\/pages\/1102"}],"wp:featuredmedia":[{"embeddable":true,"href":"https:\/\/ccbaltics.com\/lt\/wp-json\/wp\/v2\/media\/5595"}],"wp:attachment":[{"href":"https:\/\/ccbaltics.com\/lt\/wp-json\/wp\/v2\/media?parent=1107"}],"curies":[{"name":"wp","href":"https:\/\/api.w.org\/{rel}","templated":true}]}}