{"id":1101,"date":"2017-08-16T16:04:47","date_gmt":"2017-08-16T16:04:47","guid":{"rendered":"http:\/\/www.ccbaltics.com\/lt\/?page_id=1101"},"modified":"2018-12-05T09:13:54","modified_gmt":"2018-12-05T09:13:54","slug":"litexpo","status":"publish","type":"page","link":"https:\/\/ccbaltics.com\/lt\/vieta\/litexpo\/","title":{"rendered":"Litexpo"},"content":{"rendered":"<div class=\"wpb-content-wrapper\"><p>[vc_row][vc_column width=&#8221;1\/2&#8243;][vc_column_text 0=&#8221;&#8221;]<\/p>\n<p style=\"text-align: justify;\"><strong>LITEXPO &#8211; Parod\u0173 ir kongres\u0173 centras.<\/strong> Tai vienintelis parod\u0173 centras Baltijos \u0161alyse, nuo 2006 met\u0173 priklausantis UFI Pasaulinei Parod\u0173 industrijos asociacijai. LITEXPO &#8211; did\u017eiausi parod\u0173 r\u016bmai Baltijos \u0161alyse, esantys Vilniuje, Lietuvoje.<\/p>\n<p><strong>Daugiau informacijos &#8211; <\/strong><a href=\"http:\/\/litexpo.lt\/\" target=\"_blank\" rel=\"noopener\"><strong>www.litexpo.lt, <\/strong><\/a>Laisv\u0117s pr. 5, LT-04215 Vilnius[\/vc_column_text][vc_column_text 0=&#8221;&#8221;]<\/p>\n<p>&nbsp;<\/p>\n<p>[\/vc_column_text][\/vc_column][vc_column width=&#8221;1\/4&#8243;][vc_single_image image=&#8221;1355&#8243;][\/vc_column][vc_column width=&#8221;1\/4&#8243;][vc_single_image image=&#8221;1357&#8243;][\/vc_column][\/vc_row][vc_row full_width=&#8221;stretch_row&#8221; css=&#8221;.vc_custom_1502101823905{margin-bottom: -50px !important;padding-top: 80px !important;padding-bottom: 110px !important;background-image: url(http:\/\/www.ccbaltics.com\/wp-content\/uploads\/2017\/07\/bubble-background.jpg?id=523) !important;}&#8221;][\/vc_row]<\/p>\n<\/div>","protected":false},"excerpt":{"rendered":"<p>[vc_row][vc_column width=&#8221;1\/2&#8243;][vc_column_text 0=&#8221;&#8221;] LITEXPO &#8211; Parod\u0173 ir kongres\u0173 centras. Tai vienintelis parod\u0173 centras Baltijos \u0161alyse, nuo 2006 met\u0173 priklausantis UFI Pasaulinei Parod\u0173 industrijos asociacijai. LITEXPO &#8211; did\u017eiausi parod\u0173 r\u016bmai Baltijos \u0161alyse, esantys Vilniuje, Lietuvoje. Daugiau informacijos &#8211; www.litexpo.lt, Laisv\u0117s pr. 5, LT-04215 Vilnius[\/vc_column_text][vc_column_text 0=&#8221;&#8221;] &nbsp; [\/vc_column_text][\/vc_column][vc_column width=&#8221;1\/4&#8243;][vc_single_image image=&#8221;1355&#8243;][\/vc_column][vc_column width=&#8221;1\/4&#8243;][vc_single_image image=&#8221;1357&#8243;][\/vc_column][\/vc_row][vc_row full_width=&#8221;stretch_row&#8221; css=&#8221;.vc_custom_1502101823905{margin-bottom: -50px !important;padding-top: 80px [&hellip;]<\/p>\n","protected":false},"author":1,"featured_media":3574,"parent":1097,"menu_order":0,"comment_status":"closed","ping_status":"closed","template":"","meta":{"_acf_changed":false,"ngg_post_thumbnail":0,"iawp_total_views":21,"footnotes":""},"class_list":["post-1101","page","type-page","status-publish","has-post-thumbnail","hentry"],"acf":[],"toolset-meta":{"mobile-app-post-data":{"show-guest-in-app":{"type":"checkbox","raw":""},"guest-app-feature-image":{"type":"image","raw":"","attachment_id":null},"guest-description":{"type":"wysiwyg","raw":""},"guest-role":{"type":"textfield","raw":""},"guest-known-for":{"type":"textfield","raw":""}},"field-group-for-pages":[]},"publishpress_future_action":{"enabled":false,"date":"2026-05-13 00:25:20","action":"change-status","newStatus":"draft","terms":[],"taxonomy":"translation_priority","extraData":[]},"publishpress_future_workflow_manual_trigger":{"enabledWorkflows":[]},"_links":{"self":[{"href":"https:\/\/ccbaltics.com\/lt\/wp-json\/wp\/v2\/pages\/1101","targetHints":{"allow":["GET"]}}],"collection":[{"href":"https:\/\/ccbaltics.com\/lt\/wp-json\/wp\/v2\/pages"}],"about":[{"href":"https:\/\/ccbaltics.com\/lt\/wp-json\/wp\/v2\/types\/page"}],"author":[{"embeddable":true,"href":"https:\/\/ccbaltics.com\/lt\/wp-json\/wp\/v2\/users\/1"}],"replies":[{"embeddable":true,"href":"https:\/\/ccbaltics.com\/lt\/wp-json\/wp\/v2\/comments?post=1101"}],"version-history":[{"count":6,"href":"https:\/\/ccbaltics.com\/lt\/wp-json\/wp\/v2\/pages\/1101\/revisions"}],"predecessor-version":[{"id":1423,"href":"https:\/\/ccbaltics.com\/lt\/wp-json\/wp\/v2\/pages\/1101\/revisions\/1423"}],"up":[{"embeddable":true,"href":"https:\/\/ccbaltics.com\/lt\/wp-json\/wp\/v2\/pages\/1097"}],"wp:featuredmedia":[{"embeddable":true,"href":"https:\/\/ccbaltics.com\/lt\/wp-json\/wp\/v2\/media\/3574"}],"wp:attachment":[{"href":"https:\/\/ccbaltics.com\/lt\/wp-json\/wp\/v2\/media?parent=1101"}],"curies":[{"name":"wp","href":"https:\/\/api.w.org\/{rel}","templated":true}]}}