{"id":1100,"date":"2017-08-16T16:04:41","date_gmt":"2017-08-16T16:04:41","guid":{"rendered":"http:\/\/www.ccbaltics.com\/lt\/?page_id=1100"},"modified":"2022-05-21T07:57:44","modified_gmt":"2022-05-21T05:57:44","slug":"kaip-nuvykti","status":"publish","type":"page","link":"https:\/\/ccbaltics.com\/lt\/vieta\/kaip-nuvykti\/","title":{"rendered":"Kaip nuvykti?"},"content":{"rendered":"<div class=\"wpb-content-wrapper\"><p>[vc_row][vc_column width=&#8221;1\/2&#8243;][vc_column_text]<\/p>\n<p style=\"text-align: justify;\">*<strong>Vie\u0161asis transportas.<\/strong> Atvykti iki renginio bus galima ir vie\u0161uoju transportu. Daugiau informacijos rasite paspaud\u0119 ant nuorodos : shorturl.at\/vGN39<\/p>\n<p>[\/vc_column_text][\/vc_column][vc_column width=&#8221;1\/2&#8243;][vc_gmaps link=&#8221;#E-8_JTNDaWZyYW1lJTIwc3JjJTNEJTIyaHR0cHMlM0ElMkYlMkZ3d3cuZ29vZ2xlLmNvbSUyRm1hcHMlMkZlbWJlZCUzRnBiJTNEJTIxMW0xOCUyMTFtMTIlMjExbTMlMjExZDIzMDYuNzYyMTgyNzg4MzQyNyUyMTJkMjUuMjIyODExMzE1NjM4NjA1JTIxM2Q1NC42Nzg2MTQwODE3ODYwNjYlMjEybTMlMjExZjAlMjEyZjAlMjEzZjAlMjEzbTIlMjExaTEwMjQlMjEyaTc2OCUyMTRmMTMuMSUyMTNtMyUyMTFtMiUyMTFzMHg0NmRkOTM5MDdiMWZhNjhkJTI1M0EweDJiNmUwYzkzYjZmMjBhOTklMjEyc0xJVEVYUE8lMjUyQyUyQlZpbG5pdXMlMkIwNDIxNSUyMTVlMCUyMTNtMiUyMTFzZW4lMjEyc2x0JTIxNHYxNTAwOTA4Nzk5MDgzJTIyJTIwd2lkdGglM0QlMjI2MDAlMjIlMjBoZWlnaHQlM0QlMjIyMDAlMjIlMjBmcmFtZWJvcmRlciUzRCUyMjAlMjIlMjBzdHlsZSUzRCUyMmJvcmRlciUzQTAlMjIlMjBhbGxvd2Z1bGxzY3JlZW4lM0UlM0MlMkZpZnJhbWUlM0U=&#8221;][\/vc_column][\/vc_row][vc_row][vc_column][\/vc_column][\/vc_row][vc_row][vc_column][\/vc_column][\/vc_row]<\/p>\n<\/div>","protected":false},"excerpt":{"rendered":"<p>[vc_row][vc_column width=&#8221;1\/2&#8243;][vc_column_text] *Vie\u0161asis transportas. Atvykti iki renginio bus galima ir vie\u0161uoju transportu. Daugiau informacijos rasite paspaud\u0119 ant nuorodos : shorturl.at\/vGN39 [\/vc_column_text][\/vc_column][vc_column width=&#8221;1\/2&#8243;][vc_gmaps link=&#8221;#E-8_JTNDaWZyYW1lJTIwc3JjJTNEJTIyaHR0cHMlM0ElMkYlMkZ3d3cuZ29vZ2xlLmNvbSUyRm1hcHMlMkZlbWJlZCUzRnBiJTNEJTIxMW0xOCUyMTFtMTIlMjExbTMlMjExZDIzMDYuNzYyMTgyNzg4MzQyNyUyMTJkMjUuMjIyODExMzE1NjM4NjA1JTIxM2Q1NC42Nzg2MTQwODE3ODYwNjYlMjEybTMlMjExZjAlMjEyZjAlMjEzZjAlMjEzbTIlMjExaTEwMjQlMjEyaTc2OCUyMTRmMTMuMSUyMTNtMyUyMTFtMiUyMTFzMHg0NmRkOTM5MDdiMWZhNjhkJTI1M0EweDJiNmUwYzkzYjZmMjBhOTklMjEyc0xJVEVYUE8lMjUyQyUyQlZpbG5pdXMlMkIwNDIxNSUyMTVlMCUyMTNtMiUyMTFzZW4lMjEyc2x0JTIxNHYxNTAwOTA4Nzk5MDgzJTIyJTIwd2lkdGglM0QlMjI2MDAlMjIlMjBoZWlnaHQlM0QlMjIyMDAlMjIlMjBmcmFtZWJvcmRlciUzRCUyMjAlMjIlMjBzdHlsZSUzRCUyMmJvcmRlciUzQTAlMjIlMjBhbGxvd2Z1bGxzY3JlZW4lM0UlM0MlMkZpZnJhbWUlM0U=&#8221;][\/vc_column][\/vc_row][vc_row][vc_column][\/vc_column][\/vc_row][vc_row][vc_column][\/vc_column][\/vc_row]<\/p>\n","protected":false},"author":1,"featured_media":0,"parent":1097,"menu_order":0,"comment_status":"closed","ping_status":"closed","template":"","meta":{"_acf_changed":false,"ngg_post_thumbnail":0,"iawp_total_views":718,"footnotes":""},"class_list":["post-1100","page","type-page","status-publish","hentry"],"acf":[],"toolset-meta":{"mobile-app-post-data":{"show-guest-in-app":{"type":"checkbox","raw":""},"guest-app-feature-image":{"type":"image","raw":"","attachment_id":null},"guest-description":{"type":"wysiwyg","raw":""},"guest-role":{"type":"textfield","raw":""},"guest-known-for":{"type":"textfield","raw":""}},"field-group-for-pages":[]},"publishpress_future_action":{"enabled":false,"date":"2026-04-18 15:23:24","action":"change-status","newStatus":"draft","terms":[],"taxonomy":"translation_priority","extraData":[]},"publishpress_future_workflow_manual_trigger":{"enabledWorkflows":[]},"_links":{"self":[{"href":"https:\/\/ccbaltics.com\/lt\/wp-json\/wp\/v2\/pages\/1100","targetHints":{"allow":["GET"]}}],"collection":[{"href":"https:\/\/ccbaltics.com\/lt\/wp-json\/wp\/v2\/pages"}],"about":[{"href":"https:\/\/ccbaltics.com\/lt\/wp-json\/wp\/v2\/types\/page"}],"author":[{"embeddable":true,"href":"https:\/\/ccbaltics.com\/lt\/wp-json\/wp\/v2\/users\/1"}],"replies":[{"embeddable":true,"href":"https:\/\/ccbaltics.com\/lt\/wp-json\/wp\/v2\/comments?post=1100"}],"version-history":[{"count":20,"href":"https:\/\/ccbaltics.com\/lt\/wp-json\/wp\/v2\/pages\/1100\/revisions"}],"predecessor-version":[{"id":3485,"href":"https:\/\/ccbaltics.com\/lt\/wp-json\/wp\/v2\/pages\/1100\/revisions\/3485"}],"up":[{"embeddable":true,"href":"https:\/\/ccbaltics.com\/lt\/wp-json\/wp\/v2\/pages\/1097"}],"wp:attachment":[{"href":"https:\/\/ccbaltics.com\/lt\/wp-json\/wp\/v2\/media?parent=1100"}],"curies":[{"name":"wp","href":"https:\/\/api.w.org\/{rel}","templated":true}]}}