{"id":1099,"date":"2017-07-14T12:12:01","date_gmt":"2017-07-14T12:12:01","guid":{"rendered":"http:\/\/www.ccbaltics.com\/lt\/?page_id=1099"},"modified":"2026-04-16T13:58:23","modified_gmt":"2026-04-16T11:58:23","slug":"kur-apsistoti","status":"publish","type":"page","link":"https:\/\/ccbaltics.com\/lt\/vieta\/kur-apsistoti\/","title":{"rendered":"Kur apsistoti?"},"content":{"rendered":"<div class=\"wpb-content-wrapper\"><p>[vc_row][vc_column][vc_column_text css=&#8221;&#8221;]<\/p>\n<h1><strong>COURTYARD by Marriott<\/strong><\/h1>\n<h3>\u0160IUOLAIKI\u0160KAS KOMFORTAS VILNIAUS \u0160IRDYJE<\/h3>\n<p style=\"font-size: 1.1em; line-height: 1.6;\">Sutikite kiekvien\u0105 dien\u0105 su stiliumi \u201eCourtyard Vilnius City Center&#8221; vie\u0161butyje. Naujas keturi\u0173 \u017evaig\u017edu\u010di\u0173 vie\u0161butis \u012fsik\u016br\u0119s Vilniaus verslo rajone, o pro langus atsiveria vaizdas \u012f vien\u0105 \u017einomiausi\u0173 sostin\u0117s simboli\u0173 \u2013 Gedimino pil\u012f.<\/p>\n<p style=\"line-height: 1.7;\">Esame patogioje vietoje \u2013 vos kelios minut\u0117s p\u0117s\u010diomis iki Senamies\u010dio, verslo centr\u0173 ir populiariausi\u0173 lankytin\u0173 objekt\u0173. Vie\u0161butyje j\u016bs\u0173 laukia 199 erdv\u016bs ir stilingai \u012frengti kambariai, kai kuriuose i\u0161 j\u0173 \u2013 nuostab\u016bs Senamies\u010dio ir Katedros vaizdai. Kambariuose rasite mini \u0161aldytuv\u0105, nemokam\u0105 \u201eWi-Fi&#8221;, modern\u0173 vonios kambar\u012f, televizori\u0173 su kabeline, palydovine ir srautinio turinio prieiga bei so\u010dius pusry\u010dius \u0161vedi\u0161ko stalo principu. Patekti \u012f kambar\u012f gal\u0117site naudodami mobil\u0173j\u012f rakt\u0105 \u2013 greitai ir be r\u016bpes\u010di\u0173.<\/p>\n<p style=\"line-height: 1.7;\">Restorane \u201eSolt Dining&#8221; ragaukite vietin\u0117s ir pasaulio virtuv\u0117s patiekalus bei kokteilius, o \u0161iltuoju met\u0173 laiku pasim\u0117gaukite vakariene terasoje su \u012fsp\u016bdingu pilies vaizdu. U\u017esukite \u012f \u201eThe Market&#8221;, jei norite skanaus u\u017ekand\u017eio \u012f kelion\u0119, arba atsipalaiduokite su g\u0117rimu vestibiulio bare.<\/p>\n<p style=\"line-height: 1.7;\">Pasir\u016bpinkite savo forma moderniame sporto klube. Planuojantiems susitikimus ar renginius pasi\u016blysime keturias eleganti\u0161kas sales, maitinimo paslaugas ir technologijomis apr\u016bpintas darbo zonas ultramoderniame vestibiulyje.<\/p>\n<div style=\"background-color: #f7f2e8; border-left: 4px solid #8a6d3b; padding: 18px 22px; margin: 24px 0;\">\n<p style=\"margin: 0;\">\u201eComic Con Baltics 2026&#8243; lankytojams ir dalyviams taikome <strong>10 % nuolaid\u0105<\/strong> apgyvendinimui su kodu <code style=\"background-color: #1a1a1a; color: #fff; padding: 3px 8px; border-radius: 3px;\"><strong>CCBaltics<\/strong><\/code><\/p>\n<\/div>\n<p><strong>Nor\u0117dami rezervuoti kambar\u012f, ra\u0161ykite el. pa\u0161tu <a href=\"mailto:reservations@courtyardvilnius.com\">reservations@courtyardvilnius.com<\/a>.<\/strong><\/p>\n<p>ngg_shortcode_0_placeholder[\/vc_column_text][\/vc_column][\/vc_row]<\/p>\n<\/div>","protected":false},"excerpt":{"rendered":"<p>[vc_row][vc_column][vc_column_text css=&#8221;&#8221;] COURTYARD by Marriott \u0160IUOLAIKI\u0160KAS KOMFORTAS VILNIAUS \u0160IRDYJE Sutikite kiekvien\u0105 dien\u0105 su stiliumi \u201eCourtyard Vilnius City Center&#8221; vie\u0161butyje. Naujas keturi\u0173 \u017evaig\u017edu\u010di\u0173 vie\u0161butis \u012fsik\u016br\u0119s Vilniaus verslo rajone, o pro langus atsiveria vaizdas \u012f vien\u0105 \u017einomiausi\u0173 sostin\u0117s simboli\u0173 \u2013 Gedimino pil\u012f. Esame patogioje vietoje \u2013 vos kelios minut\u0117s p\u0117s\u010diomis iki Senamies\u010dio, verslo centr\u0173 ir populiariausi\u0173 lankytin\u0173 [&hellip;]<\/p>\n","protected":false},"author":1,"featured_media":0,"parent":1097,"menu_order":0,"comment_status":"closed","ping_status":"closed","template":"","meta":{"_acf_changed":false,"ngg_post_thumbnail":0,"iawp_total_views":546,"footnotes":""},"class_list":["post-1099","page","type-page","status-publish","hentry"],"acf":[],"toolset-meta":{"mobile-app-post-data":{"show-guest-in-app":{"type":"checkbox","raw":"0"},"guest-app-feature-image":{"type":"image","raw":"","attachment_id":null},"guest-description":{"type":"wysiwyg","raw":""},"guest-role":{"type":"textfield","raw":""},"guest-known-for":{"type":"textfield","raw":""}},"field-group-for-pages":[]},"publishpress_future_action":{"enabled":false,"date":"2026-05-10 03:33:20","action":"change-status","newStatus":"draft","terms":[],"taxonomy":"translation_priority","extraData":[]},"publishpress_future_workflow_manual_trigger":{"enabledWorkflows":[]},"_links":{"self":[{"href":"https:\/\/ccbaltics.com\/lt\/wp-json\/wp\/v2\/pages\/1099","targetHints":{"allow":["GET"]}}],"collection":[{"href":"https:\/\/ccbaltics.com\/lt\/wp-json\/wp\/v2\/pages"}],"about":[{"href":"https:\/\/ccbaltics.com\/lt\/wp-json\/wp\/v2\/types\/page"}],"author":[{"embeddable":true,"href":"https:\/\/ccbaltics.com\/lt\/wp-json\/wp\/v2\/users\/1"}],"replies":[{"embeddable":true,"href":"https:\/\/ccbaltics.com\/lt\/wp-json\/wp\/v2\/comments?post=1099"}],"version-history":[{"count":12,"href":"https:\/\/ccbaltics.com\/lt\/wp-json\/wp\/v2\/pages\/1099\/revisions"}],"predecessor-version":[{"id":13932,"href":"https:\/\/ccbaltics.com\/lt\/wp-json\/wp\/v2\/pages\/1099\/revisions\/13932"}],"up":[{"embeddable":true,"href":"https:\/\/ccbaltics.com\/lt\/wp-json\/wp\/v2\/pages\/1097"}],"wp:attachment":[{"href":"https:\/\/ccbaltics.com\/lt\/wp-json\/wp\/v2\/media?parent=1099"}],"curies":[{"name":"wp","href":"https:\/\/api.w.org\/{rel}","templated":true}]}}