{"id":1090,"date":"2017-07-14T12:12:46","date_gmt":"2017-07-14T12:12:46","guid":{"rendered":"http:\/\/www.ccbaltics.com\/lt\/?page_id=1090"},"modified":"2020-02-21T16:17:29","modified_gmt":"2020-02-21T16:17:29","slug":"cosplay-ir-maskaradas","status":"publish","type":"page","link":"https:\/\/ccbaltics.com\/lt\/veiklos\/cosplay-ir-maskaradas\/","title":{"rendered":"Cosplay ir Maskaradas"},"content":{"rendered":"<div class=\"wpb-content-wrapper\"><p>[vc_row full_width=&#8221;stretch_row&#8221; gap=&#8221;35&#8243; full_height=&#8221;yes&#8221; columns_placement=&#8221;stretch&#8221; equal_height=&#8221;yes&#8221; content_placement=&#8221;middle&#8221; disable_element=&#8221;yes&#8221; css=&#8221;.vc_custom_1568146741088{margin-top: 0px !important;margin-bottom: 0px !important;padding-top: 0px !important;padding-bottom: 0px !important;background-image: url(http:\/\/www.ccbaltics.com\/wp-content\/uploads\/2017\/07\/banner.jpg?id=1180) !important;background-position: center !important;background-repeat: no-repeat !important;background-size: cover !important;}&#8221;][vc_column width=&#8221;1\/4&#8243; css=&#8221;.vc_custom_1490271565380{margin-top: 0px !important;margin-bottom: 0px !important;padding-top: 0px !important;padding-bottom: 0px !important;}&#8221;][\/vc_column][vc_column width=&#8221;1\/2&#8243; css=&#8221;.vc_custom_1490271512854{margin-top: 0px !important;margin-bottom: 0px !important;padding-right: 50px !important;padding-left: 50px !important;background-color: rgba(209,58,58,0.8) !important;*background-color: rgb(209,58,58) !important;}&#8221;][vc_column_text]<\/p>\n<p style=\"text-align: justify;\"><span style=\"color: #ffffff;\">Pirm\u0105 kart\u0105 1939 m. JAV 1-iame \u201eWorldcon\u201c, pasirod\u017eiusi Cosplay id\u0117ja nebuvo gerai \u017einoma iki pat 90-\u0173j\u0173, kai padedant Japonijai \u0161i kult\u016bra greit i\u0161plito visame pasaulyje. Dabar tai yra vienas populiariausi\u0173 u\u017esi\u0117mim\u0173, kuriame dalyvauja jauni ir vyresni, moterys ir vyrai \u2013 Cosplay yra visiems! Tai yra nuostabi galimyb\u0117 tapti superherojumi ar princu (-ese), taip pat parodyti savo meninius \u012fg\u016bd\u017eius, atrasti nauj\u0173 draug\u0173, bendramin\u010di\u0173 ir praleisti puik\u0173 laik\u0105 kartu.<\/span><\/p>\n<p>[\/vc_column_text][\/vc_column][vc_column width=&#8221;1\/4&#8243; css=&#8221;.vc_custom_1490271557584{margin-top: 0px !important;margin-bottom: 0px !important;padding-top: 0px !important;padding-bottom: 0px !important;}&#8221;][\/vc_column][\/vc_row][vc_row][vc_column][vc_custom_heading text=&#8221;Cosplay \u2013 u\u017eburiantis modernios pop kult\u016bros fenomenas, dideliu grei\u010diu u\u017ekariaujantis pasaul\u012f.&#8221; font_container=&#8221;tag:h2|font_size:20|text_align:center|color:%23000000&#8243; google_fonts=&#8221;font_family:Montserrat%3Aregular%2C700|font_style:400%20regular%3A400%3Anormal&#8221;][\/vc_column][vc_column][vc_separator][vc_row_inner][vc_column_inner width=&#8221;1\/2&#8243;][vc_column_text]<\/p>\n<p style=\"text-align: justify;\"><strong>\u201eComic Con Baltics\u201c organizuoja did\u017eiausi\u0105 cosplay konkurs\u0105 Baltijos \u0161alyse.<\/strong> Pra\u0117jusiais metais gal\u0117jote steb\u0117ti daugiau nei 140 prikaustan\u010di\u0173 d\u0117mes\u012f pasirodym\u0173. Taip pat, tur\u0117jote prog\u0105 dalyvauti \u012fdomiose bei naudingose diskusijose bei k\u016brybin\u0117se dirbtuv\u0117se. Diskusij\u0173 ir dirbtuvi\u0173 ved\u0117jai &#8211; cosplay profesionalai turintys mil\u017eini\u0161k\u0105 \u017eini\u0173 baga\u017e\u0105.&nbsp;<\/p>\n<p>[\/vc_column_text][\/vc_column_inner][vc_column_inner width=&#8221;1\/2&#8243;][vc_column_text]<\/p>\n<p style=\"text-align: justify;\">Renginio metu vyks su Cosplay menu susijusios specialios dirbtuv\u0117s ir diskusijos. J\u0173 metu visi norintys gal\u0117s i\u0161mokti ka\u017eko naujo ar tiesiog pagilinti savo turimas \u017einias. Cosplay renginiuose kiekvienas ras jam mielos veiklos, nes <strong>COSPLAY SUVIENIJA!<\/strong><\/p>\n<p>[\/vc_column_text][\/vc_column_inner][\/vc_row_inner][\/vc_column][\/vc_row][vc_row][vc_column][vc_column_text]<\/p>\n<p style=\"text-align: justify;\">\u0160iais metais sulauksite dar \u012fsp\u016bdingesnio \u0161ou ir siurpriz\u0173. Ir visai nesvarbu ar esate patyr\u0119s cosplayer\u2018is ar tiesiog patinka steb\u0117ti pasirodymus \u2013 kiekvienas atras k\u0105 nuveikti \u201eComic Con Baltics renginyje\u201c.<\/p>\n<p>[\/vc_column_text][\/vc_column][\/vc_row][vc_row][vc_column][\/vc_column][\/vc_row]<\/p>\n<\/div>","protected":false},"excerpt":{"rendered":"<p>[vc_row full_width=&#8221;stretch_row&#8221; gap=&#8221;35&#8243; full_height=&#8221;yes&#8221; columns_placement=&#8221;stretch&#8221; equal_height=&#8221;yes&#8221; content_placement=&#8221;middle&#8221; disable_element=&#8221;yes&#8221; css=&#8221;.vc_custom_1568146741088{margin-top: 0px !important;margin-bottom: 0px !important;padding-top: 0px !important;padding-bottom: 0px !important;background-image: url(http:\/\/www.ccbaltics.com\/wp-content\/uploads\/2017\/07\/banner.jpg?id=1180) !important;background-position: center !important;background-repeat: no-repeat !important;background-size: cover !important;}&#8221;][vc_column width=&#8221;1\/4&#8243; css=&#8221;.vc_custom_1490271565380{margin-top: 0px !important;margin-bottom: 0px !important;padding-top: 0px !important;padding-bottom: 0px !important;}&#8221;][\/vc_column][vc_column width=&#8221;1\/2&#8243; css=&#8221;.vc_custom_1490271512854{margin-top: 0px !important;margin-bottom: 0px !important;padding-right: 50px !important;padding-left: 50px !important;background-color: rgba(209,58,58,0.8) !important;*background-color: rgb(209,58,58) !important;}&#8221;][vc_column_text] Pirm\u0105 kart\u0105 1939 m. JAV 1-iame [&hellip;]<\/p>\n","protected":false},"author":1,"featured_media":0,"parent":1073,"menu_order":0,"comment_status":"closed","ping_status":"closed","template":"","meta":{"_acf_changed":false,"ngg_post_thumbnail":0,"iawp_total_views":7952,"footnotes":""},"class_list":["post-1090","page","type-page","status-publish","hentry"],"acf":[],"toolset-meta":{"mobile-app-post-data":{"show-guest-in-app":{"type":"checkbox","raw":""},"guest-app-feature-image":{"type":"image","raw":"","attachment_id":null},"guest-description":{"type":"wysiwyg","raw":""},"guest-role":{"type":"textfield","raw":""},"guest-known-for":{"type":"textfield","raw":""}},"field-group-for-pages":[]},"publishpress_future_action":{"enabled":false,"date":"2026-04-11 07:41:04","action":"change-status","newStatus":"draft","terms":[],"taxonomy":"translation_priority","extraData":[]},"publishpress_future_workflow_manual_trigger":{"enabledWorkflows":[]},"_links":{"self":[{"href":"https:\/\/ccbaltics.com\/lt\/wp-json\/wp\/v2\/pages\/1090","targetHints":{"allow":["GET"]}}],"collection":[{"href":"https:\/\/ccbaltics.com\/lt\/wp-json\/wp\/v2\/pages"}],"about":[{"href":"https:\/\/ccbaltics.com\/lt\/wp-json\/wp\/v2\/types\/page"}],"author":[{"embeddable":true,"href":"https:\/\/ccbaltics.com\/lt\/wp-json\/wp\/v2\/users\/1"}],"replies":[{"embeddable":true,"href":"https:\/\/ccbaltics.com\/lt\/wp-json\/wp\/v2\/comments?post=1090"}],"version-history":[{"count":18,"href":"https:\/\/ccbaltics.com\/lt\/wp-json\/wp\/v2\/pages\/1090\/revisions"}],"predecessor-version":[{"id":5377,"href":"https:\/\/ccbaltics.com\/lt\/wp-json\/wp\/v2\/pages\/1090\/revisions\/5377"}],"up":[{"embeddable":true,"href":"https:\/\/ccbaltics.com\/lt\/wp-json\/wp\/v2\/pages\/1073"}],"wp:attachment":[{"href":"https:\/\/ccbaltics.com\/lt\/wp-json\/wp\/v2\/media?parent=1090"}],"curies":[{"name":"wp","href":"https:\/\/api.w.org\/{rel}","templated":true}]}}