{"id":1089,"date":"2017-07-14T12:12:56","date_gmt":"2017-07-14T12:12:56","guid":{"rendered":"http:\/\/www.ccbaltics.com\/lt\/?page_id=1089"},"modified":"2019-09-10T17:22:58","modified_gmt":"2019-09-10T17:22:58","slug":"zaidimu-zona","status":"publish","type":"page","link":"https:\/\/ccbaltics.com\/lt\/veiklos\/zaidimu-zona\/","title":{"rendered":"\u017daidim\u0173 zona"},"content":{"rendered":"<div class=\"wpb-content-wrapper\"><p>[vc_row][vc_column][vc_custom_heading text=&#8221;Kiekvienas, kuris bent ka\u017ekiek yra prisiliet\u0119s prie tokio pasaulinio kult\u016brinio rei\u0161kinio kaip Comic Con tikrai pasakys &#8211; \u017eaidimai neatsiejama \u0161io renginio dalis. Tod\u0117l \u017eaidim\u0173 zona \u201eComic Con Baltics\u201c buvo, yra ir bus viena svarbiausi\u0173 sudedam\u0173j\u0173 dali\u0173.&#8221; font_container=&#8221;tag:h3|font_size:20|text_align:left|color:%23000000&#8243; use_theme_fonts=&#8221;yes&#8221;][vc_column_text]<\/p>\n<ul>\n<li style=\"font-weight: 400;\"><span style=\"font-weight: 400;\">Did\u017eiausias d\u0117mesys \u017eaidim\u0173 zonoje skiriamas naujausiems kompiuterini\u0173 konsoli\u0173, bei asmenini\u0173 kompiuteri\u0173 \u017eaidimams. <\/span><\/li>\n<li style=\"font-weight: 400;\"><span style=\"font-weight: 400;\">Siekiame visus supa\u017eindinti su did\u017ei\u0173j\u0173 kompanij\u0173 naujausiais k\u016briniais, bei inovatyviausiais sprendimais \u017eaidim\u0173 kult\u016bros srityje.<\/span><\/li>\n<li style=\"font-weight: 400;\"><span style=\"font-weight: 400;\">Pristatome naujausi\u0105 \u017eaidimams skirt\u0105 kompiuterin\u0119 technik\u0105 ir jos galimybes leid\u017eiame i\u0161bandyti visiems. <\/span><\/li>\n<li style=\"font-weight: 400;\"><span style=\"font-weight: 400;\">Kvie\u010diame susipa\u017einti su vietin\u0117mis \u017evaig\u017ed\u0117mis, kurios internet\u0173 kanaluose kuria turin\u012f \u017eaidim\u0173 tema. Turime plan\u0173 sulaukti ir visame pasaulyje \u017einom\u0173 \u017eaidim\u0173 kult\u016bros person\u0173.<\/span><\/li>\n<li style=\"font-weight: 400;\"><span style=\"font-weight: 400;\">Tikime elektroninio sporto ateitimi, tod\u0117l visada j\u012f remsime ir atiduosime duokl\u0119 \u0161ios srities fanams.<\/span><\/li>\n<li style=\"font-weight: 400;\"><span style=\"font-weight: 400;\">Kartu su partneriais suteikiame galimyb\u0119 \u012fsigyti (specialia kaina) \u012fvairi\u0173 \u017eaidim\u0173 atributikos, bei aksesorikos J\u016bs\u0173 nam\u0173 \u017eaidim\u0173 kampeliui.<\/span><\/li>\n<li style=\"font-weight: 400;\"><span style=\"font-weight: 400;\">Taip pat, nepamir\u0161tame ir \u201eretro\u201c \u017eaidim\u0173 fan\u0173. <\/span><\/li>\n<\/ul>\n<p>[\/vc_column_text][\/vc_column][\/vc_row][vc_row][vc_column width=&#8221;1\/3&#8243;][vc_single_image image=&#8221;2290&#8243;][\/vc_column][vc_column width=&#8221;1\/3&#8243;][vc_single_image image=&#8221;2291&#8243;][\/vc_column][vc_column width=&#8221;1\/3&#8243;][vc_single_image image=&#8221;2292&#8243;][\/vc_column][\/vc_row][vc_row][vc_column][vc_column_text][vc_column_text 0=&#8221;&#8221;]<\/p>\n<pre>&nbsp;<\/pre>\n<p>[\/vc_column_text][\/vc_column][\/vc_row]<\/p>\n<\/div>","protected":false},"excerpt":{"rendered":"<p>[vc_row][vc_column][vc_custom_heading text=&#8221;Kiekvienas, kuris bent ka\u017ekiek yra prisiliet\u0119s prie tokio pasaulinio kult\u016brinio rei\u0161kinio kaip Comic Con tikrai pasakys &#8211; \u017eaidimai neatsiejama \u0161io renginio dalis. Tod\u0117l \u017eaidim\u0173 zona \u201eComic Con Baltics\u201c buvo, yra ir bus viena svarbiausi\u0173 sudedam\u0173j\u0173 dali\u0173.&#8221; font_container=&#8221;tag:h3|font_size:20|text_align:left|color:%23000000&#8243; use_theme_fonts=&#8221;yes&#8221;][vc_column_text] Did\u017eiausias d\u0117mesys \u017eaidim\u0173 zonoje skiriamas naujausiems kompiuterini\u0173 konsoli\u0173, bei asmenini\u0173 kompiuteri\u0173 \u017eaidimams. Siekiame visus supa\u017eindinti su [&hellip;]<\/p>\n","protected":false},"author":1,"featured_media":0,"parent":1073,"menu_order":0,"comment_status":"closed","ping_status":"closed","template":"","meta":{"_acf_changed":false,"ngg_post_thumbnail":0,"iawp_total_views":6261,"footnotes":""},"class_list":["post-1089","page","type-page","status-publish","hentry"],"acf":[],"toolset-meta":{"mobile-app-post-data":{"show-guest-in-app":{"type":"checkbox","raw":""},"guest-app-feature-image":{"type":"image","raw":"","attachment_id":null},"guest-description":{"type":"wysiwyg","raw":""},"guest-role":{"type":"textfield","raw":""},"guest-known-for":{"type":"textfield","raw":""}},"field-group-for-pages":[]},"publishpress_future_action":{"enabled":false,"date":"2026-04-18 03:02:43","action":"change-status","newStatus":"draft","terms":[],"taxonomy":"translation_priority","extraData":[]},"publishpress_future_workflow_manual_trigger":{"enabledWorkflows":[]},"_links":{"self":[{"href":"https:\/\/ccbaltics.com\/lt\/wp-json\/wp\/v2\/pages\/1089","targetHints":{"allow":["GET"]}}],"collection":[{"href":"https:\/\/ccbaltics.com\/lt\/wp-json\/wp\/v2\/pages"}],"about":[{"href":"https:\/\/ccbaltics.com\/lt\/wp-json\/wp\/v2\/types\/page"}],"author":[{"embeddable":true,"href":"https:\/\/ccbaltics.com\/lt\/wp-json\/wp\/v2\/users\/1"}],"replies":[{"embeddable":true,"href":"https:\/\/ccbaltics.com\/lt\/wp-json\/wp\/v2\/comments?post=1089"}],"version-history":[{"count":13,"href":"https:\/\/ccbaltics.com\/lt\/wp-json\/wp\/v2\/pages\/1089\/revisions"}],"predecessor-version":[{"id":2358,"href":"https:\/\/ccbaltics.com\/lt\/wp-json\/wp\/v2\/pages\/1089\/revisions\/2358"}],"up":[{"embeddable":true,"href":"https:\/\/ccbaltics.com\/lt\/wp-json\/wp\/v2\/pages\/1073"}],"wp:attachment":[{"href":"https:\/\/ccbaltics.com\/lt\/wp-json\/wp\/v2\/media?parent=1089"}],"curies":[{"name":"wp","href":"https:\/\/api.w.org\/{rel}","templated":true}]}}