{"id":1088,"date":"2017-08-16T16:03:39","date_gmt":"2017-08-16T16:03:39","guid":{"rendered":"http:\/\/www.ccbaltics.com\/lt\/?page_id=1088"},"modified":"2019-09-10T20:11:28","modified_gmt":"2019-09-10T20:11:28","slug":"prekybos-zona","status":"publish","type":"page","link":"https:\/\/ccbaltics.com\/lt\/veiklos\/prekybos-zona\/","title":{"rendered":"Comic Con Prekybos zona"},"content":{"rendered":"<div class=\"wpb-content-wrapper\"><p>[vc_row][vc_column width=&#8221;1\/2&#8243;][vc_column_text]<\/p>\n<p style=\"text-align: justify;\">\u201eComic Con Baltics\u201c J\u016bs galite nusipirkti \u012fvairiausi\u0173 daikt\u0173, ta\u010diau ypatingas d\u0117mesys yra skiriamas populiariosios kult\u016bros produkcijai. \u010cia tikrai rasite komiksus, grafines noveles, fig\u016br\u0117les, plakatus, \u012fvairias replikas i\u0161 film\u0173, dekoracij\u0173 namams, film\u0173 dvd, kompiuterinius \u017eaidimus ir kt.&nbsp; Mes priimame prekybininkus, kurie si\u016blo oficiali\u0105 produkcij\u0105, gali pristatyti naujausias ir i\u0161skirtines prekes, parduoda savo k\u016brybos vienetinius k\u016brinius.<\/p>\n<p style=\"text-align: justify;\">Nepamir\u0161tame ir kolekcinink\u0173 ie\u0161kan\u010di\u0173 ekskliuzyvin\u0117s produkcijos. Kas nenor\u0117t\u0173 \u012fsigyti ka\u017eko ypatingo, vienetinio? \u201eComic Con Baltics\u201c prekybos zona yra puiki vieta surasti nepakartojam\u0105 dovan\u0105! \u201eComic Con Baltics 2018\u201c prekybininkai tikrai tur\u0117s k\u0105 pasi\u016blyti kiekvienam lankytojui.<\/p>\n<p>[\/vc_column_text][vc_row_inner][vc_column_inner][vc_btn title=&#8221;Tapk prekybinink\u0173 m\u016bs\u0173 renginyje&#8221; style=&#8221;custom&#8221; custom_background=&#8221;#eb2710&#8243; custom_text=&#8221;#ffffff&#8221; align=&#8221;center&#8221; link=&#8221;url:https%3A%2F%2Fcclive.kstudija.lt%2Flt%2Finformacija%2Fprekybininkams%2F|title:Dalyviams||&#8221;][\/vc_column_inner][\/vc_row_inner][\/vc_column][vc_column width=&#8221;1\/4&#8243;][vc_single_image image=&#8221;586&#8243;][vc_single_image image=&#8221;584&#8243;][\/vc_column][vc_column width=&#8221;1\/4&#8243;][vc_single_image image=&#8221;583&#8243;][vc_single_image image=&#8221;580&#8243;][\/vc_column][\/vc_row]<\/p>\n<\/div>","protected":false},"excerpt":{"rendered":"<p>[vc_row][vc_column width=&#8221;1\/2&#8243;][vc_column_text] \u201eComic Con Baltics\u201c J\u016bs galite nusipirkti \u012fvairiausi\u0173 daikt\u0173, ta\u010diau ypatingas d\u0117mesys yra skiriamas populiariosios kult\u016bros produkcijai. \u010cia tikrai rasite komiksus, grafines noveles, fig\u016br\u0117les, plakatus, \u012fvairias replikas i\u0161 film\u0173, dekoracij\u0173 namams, film\u0173 dvd, kompiuterinius \u017eaidimus ir kt.&nbsp; Mes priimame prekybininkus, kurie si\u016blo oficiali\u0105 produkcij\u0105, gali pristatyti naujausias ir i\u0161skirtines prekes, parduoda savo k\u016brybos vienetinius [&hellip;]<\/p>\n","protected":false},"author":1,"featured_media":0,"parent":1073,"menu_order":0,"comment_status":"closed","ping_status":"closed","template":"","meta":{"_acf_changed":false,"ngg_post_thumbnail":0,"iawp_total_views":2214,"footnotes":""},"class_list":["post-1088","page","type-page","status-publish","hentry"],"acf":[],"toolset-meta":{"mobile-app-post-data":{"show-guest-in-app":{"type":"checkbox","raw":""},"guest-app-feature-image":{"type":"image","raw":"","attachment_id":null},"guest-description":{"type":"wysiwyg","raw":""},"guest-role":{"type":"textfield","raw":""},"guest-known-for":{"type":"textfield","raw":""}},"field-group-for-pages":[]},"publishpress_future_action":{"enabled":false,"date":"2026-04-23 11:48:43","action":"change-status","newStatus":"draft","terms":[],"taxonomy":"translation_priority","extraData":[]},"publishpress_future_workflow_manual_trigger":{"enabledWorkflows":[]},"_links":{"self":[{"href":"https:\/\/ccbaltics.com\/lt\/wp-json\/wp\/v2\/pages\/1088","targetHints":{"allow":["GET"]}}],"collection":[{"href":"https:\/\/ccbaltics.com\/lt\/wp-json\/wp\/v2\/pages"}],"about":[{"href":"https:\/\/ccbaltics.com\/lt\/wp-json\/wp\/v2\/types\/page"}],"author":[{"embeddable":true,"href":"https:\/\/ccbaltics.com\/lt\/wp-json\/wp\/v2\/users\/1"}],"replies":[{"embeddable":true,"href":"https:\/\/ccbaltics.com\/lt\/wp-json\/wp\/v2\/comments?post=1088"}],"version-history":[{"count":10,"href":"https:\/\/ccbaltics.com\/lt\/wp-json\/wp\/v2\/pages\/1088\/revisions"}],"predecessor-version":[{"id":2389,"href":"https:\/\/ccbaltics.com\/lt\/wp-json\/wp\/v2\/pages\/1088\/revisions\/2389"}],"up":[{"embeddable":true,"href":"https:\/\/ccbaltics.com\/lt\/wp-json\/wp\/v2\/pages\/1073"}],"wp:attachment":[{"href":"https:\/\/ccbaltics.com\/lt\/wp-json\/wp\/v2\/media?parent=1088"}],"curies":[{"name":"wp","href":"https:\/\/api.w.org\/{rel}","templated":true}]}}