{"id":1082,"date":"2017-08-16T16:02:50","date_gmt":"2017-08-16T16:02:50","guid":{"rendered":"http:\/\/www.ccbaltics.com\/lt\/?page_id=1082"},"modified":"2019-09-05T12:40:52","modified_gmt":"2019-09-05T12:40:52","slug":"autografai-ir-fotosesijos","status":"publish","type":"page","link":"https:\/\/ccbaltics.com\/lt\/veiklos\/autografai-ir-fotosesijos\/","title":{"rendered":"Autografai ir fotosesijos"},"content":{"rendered":"<div class=\"wpb-content-wrapper\"><p>[vc_row][vc_column width=&#8221;1\/2&#8243;][vc_text_separator title=&#8221;AUTOGRAFAI&#8221;][vc_column_text]<\/p>\n<p style=\"text-align: justify;\">Tai yra puiki galimyb\u0117 susipa\u017einti su savo m\u0117gstamais aktoriais, pasikalb\u0117ti su jais ir gauti autograf\u0105. <strong>Norintiems gauti aktori\u0173 autografus reik\u0117s \u012fsigyti special\u0173 biliet\u0105 renginyje esan\u010dioje kasoje.<\/strong> Atkreipiame d\u0117mes\u012f, kad sve\u010diai para\u0161us dalina tik nurodytu laiku. Tad, nor\u0117dami gauti autograf\u0105, atkreipkite d\u0117mes\u012f \u012f nurodytus j\u0173 dalinimo laikus programoje ir renginio erdv\u0117je. Visi renginio sve\u010diai yra paruo\u0161\u0119 specialias nuotraukas, kurias galite pasirinkti autografui gauti. Taip pat galite atsine\u0161ti ir savo daiktus\/nuotraukas, ta\u010diau paliekame galimyb\u0119 sve\u010diui pa\u010diam nuspr\u0119sti \u2013 priimti ar atsisakyti pasira\u0161yti ant si\u016blom\u0173 daikt\u0173\/nuotrauk\u0173. Su vienu bilietu gaunate tik vien\u0105 autograf\u0105 ant pasirinktos nuotraukos ar j\u016bs\u0173 pateikto daikto (knygos, CD, mar\u0161kin\u0117li\u0173 ir kt.).<\/p>\n<p>[\/vc_column_text][vc_single_image image=&#8221;2326&#8243; img_size=&#8221;600&#215;337&#8243;][\/vc_column][vc_column width=&#8221;1\/2&#8243;][vc_text_separator title=&#8221;FOTOSESIJOS&#8221;][vc_column_text]<\/p>\n<p style=\"text-align: justify;\">\u012esigijus papildom\u0105 biliet\u0105 nuotraukai su sve\u010diu, <strong>j\u016bs\u0173 ypating\u0105 akimirk\u0105 \u012fam\u017eins profesionalus fotografas<\/strong>.<\/p>\n<p style=\"text-align: justify;\">Taip pat jums priklausys ir i\u0161kart vietoje atspausdinta nuotrauka. V\u0117liau visos nuotraukos bus paskelbtos m\u016bs\u0173 \u201eFacebook\u201c puslapyje, tad nepamir\u0161kite apsilankyti ir pa\u017eym\u0117ti save! Sve\u010diai fotografijoms b\u016bna pasiruo\u0161\u0119 nurodytu laiku. Tad, atkreipkite d\u0117mes\u012f \u012f nurodytus fotografij\u0173 laikus programoje ir renginio erdv\u0117je. Tai unikali galimyb\u0117 \u012fsiam\u017einti su savo m\u0117gstama \u017evaig\u017ede!<\/p>\n<p>&nbsp;<\/p>\n<p>[\/vc_column_text][vc_single_image image=&#8221;965&#8243; img_size=&#8221;full&#8221;][\/vc_column][\/vc_row]<\/p>\n<\/div>","protected":false},"excerpt":{"rendered":"<p>[vc_row][vc_column width=&#8221;1\/2&#8243;][vc_text_separator title=&#8221;AUTOGRAFAI&#8221;][vc_column_text] Tai yra puiki galimyb\u0117 susipa\u017einti su savo m\u0117gstamais aktoriais, pasikalb\u0117ti su jais ir gauti autograf\u0105. Norintiems gauti aktori\u0173 autografus reik\u0117s \u012fsigyti special\u0173 biliet\u0105 renginyje esan\u010dioje kasoje. Atkreipiame d\u0117mes\u012f, kad sve\u010diai para\u0161us dalina tik nurodytu laiku. Tad, nor\u0117dami gauti autograf\u0105, atkreipkite d\u0117mes\u012f \u012f nurodytus j\u0173 dalinimo laikus programoje ir renginio erdv\u0117je. Visi renginio [&hellip;]<\/p>\n","protected":false},"author":1,"featured_media":0,"parent":1073,"menu_order":0,"comment_status":"closed","ping_status":"closed","template":"","meta":{"_acf_changed":false,"ngg_post_thumbnail":0,"iawp_total_views":5137,"footnotes":""},"class_list":["post-1082","page","type-page","status-publish","hentry"],"acf":[],"toolset-meta":{"mobile-app-post-data":{"show-guest-in-app":{"type":"checkbox","raw":""},"guest-app-feature-image":{"type":"image","raw":"","attachment_id":null},"guest-description":{"type":"wysiwyg","raw":""},"guest-role":{"type":"textfield","raw":""},"guest-known-for":{"type":"textfield","raw":""}},"field-group-for-pages":[]},"publishpress_future_action":{"enabled":false,"date":"2026-04-11 07:57:34","action":"change-status","newStatus":"draft","terms":[],"taxonomy":"translation_priority","extraData":[]},"publishpress_future_workflow_manual_trigger":{"enabledWorkflows":[]},"_links":{"self":[{"href":"https:\/\/ccbaltics.com\/lt\/wp-json\/wp\/v2\/pages\/1082","targetHints":{"allow":["GET"]}}],"collection":[{"href":"https:\/\/ccbaltics.com\/lt\/wp-json\/wp\/v2\/pages"}],"about":[{"href":"https:\/\/ccbaltics.com\/lt\/wp-json\/wp\/v2\/types\/page"}],"author":[{"embeddable":true,"href":"https:\/\/ccbaltics.com\/lt\/wp-json\/wp\/v2\/users\/1"}],"replies":[{"embeddable":true,"href":"https:\/\/ccbaltics.com\/lt\/wp-json\/wp\/v2\/comments?post=1082"}],"version-history":[{"count":14,"href":"https:\/\/ccbaltics.com\/lt\/wp-json\/wp\/v2\/pages\/1082\/revisions"}],"predecessor-version":[{"id":1269,"href":"https:\/\/ccbaltics.com\/lt\/wp-json\/wp\/v2\/pages\/1082\/revisions\/1269"}],"up":[{"embeddable":true,"href":"https:\/\/ccbaltics.com\/lt\/wp-json\/wp\/v2\/pages\/1073"}],"wp:attachment":[{"href":"https:\/\/ccbaltics.com\/lt\/wp-json\/wp\/v2\/media?parent=1082"}],"curies":[{"name":"wp","href":"https:\/\/api.w.org\/{rel}","templated":true}]}}