{"id":1081,"date":"2017-07-14T12:13:31","date_gmt":"2017-07-14T12:13:31","guid":{"rendered":"http:\/\/www.ccbaltics.com\/lt\/?page_id=1081"},"modified":"2019-09-05T12:56:47","modified_gmt":"2019-09-05T12:56:47","slug":"filmu-dekoracijos","status":"publish","type":"page","link":"https:\/\/ccbaltics.com\/lt\/veiklos\/filmu-dekoracijos\/","title":{"rendered":"Film\u0173 dekoracijos"},"content":{"rendered":"<div class=\"wpb-content-wrapper\"><p>[vc_row][vc_column width=&#8221;1\/3&#8243;][vc_single_image image=&#8221;2385&#8243; img_size=&#8221;full&#8221; alignment=&#8221;center&#8221; style=&#8221;vc_box_rounded&#8221;][vc_column_text]<\/p>\n<p style=\"text-align: justify;\">I\u0161skirtin\u0117s ir vis\u0173 atmintyje \u012fstrigusios dekoracijos i\u0161 populiariausi\u0173 kino ir televizijos projekt\u0173 yra speciali \u201eComic Con Baltics\u201c renginio dalis. Galite prie j\u0173 nusifotografuoti ir sukelti pavyd\u0105 neatvykusiems draugams.&nbsp; Be to, kaip sak\u0117 2017 m. renginio dalyviai, tai puiki galimyb\u0117 pasijusti filmavimo aik\u0161tel\u0117je.<\/p>\n<p>[\/vc_column_text][\/vc_column][vc_column width=&#8221;1\/3&#8243;][vc_single_image image=&#8221;2380&#8243; img_size=&#8221;full&#8221; alignment=&#8221;center&#8221; style=&#8221;vc_box_rounded&#8221;][vc_column_text]<\/p>\n<p style=\"text-align: justify;\">Suprantame, kad dabar be galo smalsu su\u017einoti, k\u0105 bus galima i\u0161vysti 2018 m. renginyje. Bet juk tai neb\u016bt\u0173 taip smagu, tiesa? Nes pripa\u017einkim \u2013 paslaptis yra pats geriausias kuras m\u016bs\u0173 lakiai vaizduotei. Vaizduotei, galin\u010diai perkelti mus \u012f toliausius visatos kampelius.<\/p>\n<p>[\/vc_column_text][\/vc_column][vc_column width=&#8221;1\/3&#8243;][vc_single_image image=&#8221;2383&#8243; img_size=&#8221;full&#8221; alignment=&#8221;center&#8221; style=&#8221;vc_box_rounded&#8221;][vc_column_text]<\/p>\n<p style=\"text-align: justify;\">Gerai, naujos visatos ar pasaulio \u012f \u201eComic Con Baltics\u201c neatgabensime. Nebent ka\u017ek\u0105 i\u0161 galaktikos toli toli\u2026 Ir dar daugiau! Sekite m\u016bs\u0173 puslap\u012f ir tikrai su\u017einosite kelet\u0105 u\u017euomin\u0173, k\u0105 bus galima i\u0161vysti.<\/p>\n<p>[\/vc_column_text][\/vc_column][\/vc_row]<\/p>\n<\/div>","protected":false},"excerpt":{"rendered":"<p>[vc_row][vc_column width=&#8221;1\/3&#8243;][vc_single_image image=&#8221;2385&#8243; img_size=&#8221;full&#8221; alignment=&#8221;center&#8221; style=&#8221;vc_box_rounded&#8221;][vc_column_text] I\u0161skirtin\u0117s ir vis\u0173 atmintyje \u012fstrigusios dekoracijos i\u0161 populiariausi\u0173 kino ir televizijos projekt\u0173 yra speciali \u201eComic Con Baltics\u201c renginio dalis. Galite prie j\u0173 nusifotografuoti ir sukelti pavyd\u0105 neatvykusiems draugams.&nbsp; Be to, kaip sak\u0117 2017 m. renginio dalyviai, tai puiki galimyb\u0117 pasijusti filmavimo aik\u0161tel\u0117je. [\/vc_column_text][\/vc_column][vc_column width=&#8221;1\/3&#8243;][vc_single_image image=&#8221;2380&#8243; img_size=&#8221;full&#8221; alignment=&#8221;center&#8221; style=&#8221;vc_box_rounded&#8221;][vc_column_text] Suprantame, [&hellip;]<\/p>\n","protected":false},"author":1,"featured_media":0,"parent":1073,"menu_order":0,"comment_status":"closed","ping_status":"closed","template":"","meta":{"_acf_changed":false,"ngg_post_thumbnail":0,"iawp_total_views":3304,"footnotes":""},"class_list":["post-1081","page","type-page","status-publish","hentry"],"acf":[],"toolset-meta":{"mobile-app-post-data":{"show-guest-in-app":{"type":"checkbox","raw":""},"guest-app-feature-image":{"type":"image","raw":"","attachment_id":null},"guest-description":{"type":"wysiwyg","raw":""},"guest-role":{"type":"textfield","raw":""},"guest-known-for":{"type":"textfield","raw":""}},"field-group-for-pages":[]},"publishpress_future_action":{"enabled":false,"date":"2026-04-17 23:59:09","action":"change-status","newStatus":"draft","terms":[],"taxonomy":"translation_priority","extraData":[]},"publishpress_future_workflow_manual_trigger":{"enabledWorkflows":[]},"_links":{"self":[{"href":"https:\/\/ccbaltics.com\/lt\/wp-json\/wp\/v2\/pages\/1081","targetHints":{"allow":["GET"]}}],"collection":[{"href":"https:\/\/ccbaltics.com\/lt\/wp-json\/wp\/v2\/pages"}],"about":[{"href":"https:\/\/ccbaltics.com\/lt\/wp-json\/wp\/v2\/types\/page"}],"author":[{"embeddable":true,"href":"https:\/\/ccbaltics.com\/lt\/wp-json\/wp\/v2\/users\/1"}],"replies":[{"embeddable":true,"href":"https:\/\/ccbaltics.com\/lt\/wp-json\/wp\/v2\/comments?post=1081"}],"version-history":[{"count":11,"href":"https:\/\/ccbaltics.com\/lt\/wp-json\/wp\/v2\/pages\/1081\/revisions"}],"predecessor-version":[{"id":2492,"href":"https:\/\/ccbaltics.com\/lt\/wp-json\/wp\/v2\/pages\/1081\/revisions\/2492"}],"up":[{"embeddable":true,"href":"https:\/\/ccbaltics.com\/lt\/wp-json\/wp\/v2\/pages\/1073"}],"wp:attachment":[{"href":"https:\/\/ccbaltics.com\/lt\/wp-json\/wp\/v2\/media?parent=1081"}],"curies":[{"name":"wp","href":"https:\/\/api.w.org\/{rel}","templated":true}]}}