{"id":1079,"date":"2017-07-14T12:13:49","date_gmt":"2017-07-14T12:13:49","guid":{"rendered":"http:\/\/www.ccbaltics.com\/lt\/?page_id=1079"},"modified":"2023-07-24T18:41:39","modified_gmt":"2023-07-24T16:41:39","slug":"vaiku-zona","status":"publish","type":"page","link":"https:\/\/ccbaltics.com\/lt\/veiklos\/vaiku-zona\/","title":{"rendered":"Vaik\u0173 zona"},"content":{"rendered":"<div class=\"wpb-content-wrapper\"><p>[vc_row css=&#8221;.vc_custom_1567687826828{margin-bottom: 35px !important;}&#8221;][vc_column][vc_custom_heading text=&#8221;\u201eComic Con Baltics\u201c rasite pa\u010di\u0105 smagiausi\u0105 \u201eMa\u017eojo superherojaus pasaulio\u201c erdv\u0119. \u010cia ma\u017eieji renginio sve\u010diai gali m\u0117gautis \u012fvairiomis aktyviomis pramogomis.&#8221; font_container=&#8221;tag:h2|font_size:20|text_align:center|color:%23000000&#8243; use_theme_fonts=&#8221;yes&#8221;][\/vc_column][\/vc_row][vc_row][vc_column width=&#8221;1\/2&#8243;][vc_text_separator title=&#8221;VAIKAI EINA NEMOKAMAI&#8221; border_width=&#8221;5&#8243;][vc_column_text]<\/p>\n<p style=\"text-align: justify;\">Vaikai <strong>iki 6-eri\u0173 met\u0173<\/strong> \u012f \u201eComic Con Baltics\u201c <strong>PATENKA NEMOKAMAI.&nbsp;<\/strong><\/p>\n<p>[\/vc_column_text][\/vc_column][vc_column width=&#8221;1\/2&#8243;][vc_text_separator title=&#8221;LENGVA DIENA T\u0116VAMS&#8221; border_width=&#8221;5&#8243;][vc_column_text]<\/p>\n<p style=\"text-align: justify;\">Mes su d\u017eiaugsmu norime pakviesti jus \u012f rengin\u012f net su pa\u010diais ma\u017eiausiais j\u016bs\u0173 \u0161eimos superherojais. Jei manote, kad jie labai greitai pavargs, neverta nerimauti. Mes esame tam, kad jums pad\u0117tume. M\u016bs\u0173 \u0161aun\u016bs pagalbininkai priims j\u016bs\u0173 vaikus specialiose tam skirtose zonose, kol j\u016bs vaik\u0161\u010diosite renginyje ar ils\u0117sit\u0117s kitur. Jie \u017eais su kitais vaikais ir puikiai praleis laik\u0105 specialiose veiklose.<\/p>\n<p>[\/vc_column_text][\/vc_column][\/vc_row][vc_row][vc_column][vc_message]<\/p>\n<p style=\"text-align: justify;\">Atkreipiame d\u0117mes\u012f, kad \u201eComic Con Baltics\u201c renginyje lankysis labai daug \u017emoni\u0173, tad norime papra\u0161yti, jog suaugusieji visuomet lyd\u0117t\u0173 savo at\u017ealas.<\/p>\n<p>[\/vc_message][\/vc_column][\/vc_row][vc_row][vc_column width=&#8221;1\/3&#8243;][vc_single_image image=&#8221;2613&#8243;][\/vc_column][vc_column width=&#8221;1\/3&#8243;][vc_single_image image=&#8221;2612&#8243;][\/vc_column][vc_column width=&#8221;1\/3&#8243;][vc_single_image image=&#8221;2614&#8243;][\/vc_column][\/vc_row]<\/p>\n<\/div>","protected":false},"excerpt":{"rendered":"<p>[vc_row css=&#8221;.vc_custom_1567687826828{margin-bottom: 35px !important;}&#8221;][vc_column][vc_custom_heading text=&#8221;\u201eComic Con Baltics\u201c rasite pa\u010di\u0105 smagiausi\u0105 \u201eMa\u017eojo superherojaus pasaulio\u201c erdv\u0119. \u010cia ma\u017eieji renginio sve\u010diai gali m\u0117gautis \u012fvairiomis aktyviomis pramogomis.&#8221; font_container=&#8221;tag:h2|font_size:20|text_align:center|color:%23000000&#8243; use_theme_fonts=&#8221;yes&#8221;][\/vc_column][\/vc_row][vc_row][vc_column width=&#8221;1\/2&#8243;][vc_text_separator title=&#8221;VAIKAI EINA NEMOKAMAI&#8221; border_width=&#8221;5&#8243;][vc_column_text] Vaikai iki 6-eri\u0173 met\u0173 \u012f \u201eComic Con Baltics\u201c PATENKA NEMOKAMAI.&nbsp; [\/vc_column_text][\/vc_column][vc_column width=&#8221;1\/2&#8243;][vc_text_separator title=&#8221;LENGVA DIENA T\u0116VAMS&#8221; border_width=&#8221;5&#8243;][vc_column_text] Mes su d\u017eiaugsmu norime pakviesti jus \u012f rengin\u012f net [&hellip;]<\/p>\n","protected":false},"author":1,"featured_media":0,"parent":1073,"menu_order":0,"comment_status":"closed","ping_status":"closed","template":"","meta":{"_acf_changed":false,"ngg_post_thumbnail":0,"iawp_total_views":64,"footnotes":""},"class_list":["post-1079","page","type-page","status-publish","hentry"],"acf":[],"toolset-meta":{"mobile-app-post-data":{"show-guest-in-app":{"type":"checkbox","raw":""},"guest-app-feature-image":{"type":"image","raw":"","attachment_id":null},"guest-description":{"type":"wysiwyg","raw":""},"guest-role":{"type":"textfield","raw":""},"guest-known-for":{"type":"textfield","raw":""}},"field-group-for-pages":[]},"publishpress_future_action":{"enabled":false,"date":"2026-04-12 03:22:21","action":"change-status","newStatus":"draft","terms":[],"taxonomy":"translation_priority","extraData":[]},"publishpress_future_workflow_manual_trigger":{"enabledWorkflows":[]},"_links":{"self":[{"href":"https:\/\/ccbaltics.com\/lt\/wp-json\/wp\/v2\/pages\/1079","targetHints":{"allow":["GET"]}}],"collection":[{"href":"https:\/\/ccbaltics.com\/lt\/wp-json\/wp\/v2\/pages"}],"about":[{"href":"https:\/\/ccbaltics.com\/lt\/wp-json\/wp\/v2\/types\/page"}],"author":[{"embeddable":true,"href":"https:\/\/ccbaltics.com\/lt\/wp-json\/wp\/v2\/users\/1"}],"replies":[{"embeddable":true,"href":"https:\/\/ccbaltics.com\/lt\/wp-json\/wp\/v2\/comments?post=1079"}],"version-history":[{"count":8,"href":"https:\/\/ccbaltics.com\/lt\/wp-json\/wp\/v2\/pages\/1079\/revisions"}],"predecessor-version":[{"id":1275,"href":"https:\/\/ccbaltics.com\/lt\/wp-json\/wp\/v2\/pages\/1079\/revisions\/1275"}],"up":[{"embeddable":true,"href":"https:\/\/ccbaltics.com\/lt\/wp-json\/wp\/v2\/pages\/1073"}],"wp:attachment":[{"href":"https:\/\/ccbaltics.com\/lt\/wp-json\/wp\/v2\/media?parent=1079"}],"curies":[{"name":"wp","href":"https:\/\/api.w.org\/{rel}","templated":true}]}}