{"id":1077,"date":"2017-08-16T16:01:48","date_gmt":"2017-08-16T16:01:48","guid":{"rendered":"http:\/\/www.ccbaltics.com\/lt\/?page_id=1077"},"modified":"2019-09-05T11:00:02","modified_gmt":"2019-09-05T11:00:02","slug":"kurybines-dirbtuves","status":"publish","type":"page","link":"https:\/\/ccbaltics.com\/lt\/veiklos\/kurybines-dirbtuves\/","title":{"rendered":"K\u016brybin\u0117s dirbtuv\u0117s"},"content":{"rendered":"<div class=\"wpb-content-wrapper\"><p>[vc_row 0=&#8221;&#8221;][vc_column width=&#8221;1\/2&#8243;][vc_single_image image=&#8221;990&#8243; img_size=&#8221;full&#8221;][vc_column_text 0=&#8221;&#8221;]<\/p>\n<p style=\"text-align: justify;\"><strong>\u201eComic Con Baltics\u201c<\/strong>&nbsp;lankytojus supa\u017eindina su \u012fvairiausi\u0173 kino, komiks\u0173, cosplay ir kit\u0173 kult\u016brini\u0173 industrij\u0173 profesionalais. Kai kurie i\u0161 j\u0173 veda specialias dirbtuves, paskaitas ar kvie\u010dia i\u0161bandyti j\u0117gas kuriant specialiuosius efektus, kostiumus. \u0160ios veiklos tikslas \u2013 \u012ftraukti Jus \u012f u\u017eburianti veiksm\u0105, kurio nematome, kai \u017ei\u016brime filmus ar cosplay pasirodymas. Tiksliau, matome tik galutin\u012f rezultat\u0105, ta\u010diau u\u017ekulisiai visi\u0161kai ne\u017einomi.<\/p>\n<p>[\/vc_column_text][\/vc_column][vc_column width=&#8221;1\/2&#8243;][vc_text_separator title=&#8221;KAS VYKO 2018 M.?&#8221; border_width=&#8221;5&#8243;][vc_column_text 0=&#8221;&#8221;]<\/p>\n<ul>\n<li style=\"text-align: justify;\">Diskusijos su komiks\u0173 k\u016br\u0117ju Kaz Prapuolenis.<\/li>\n<li style=\"text-align: justify;\">Cosplay meninink\u0173 dirbtuv\u0117s.<\/li>\n<li style=\"text-align: justify;\">Dirbtuv\u0117s &#8220;Kaip sukurti savo pardavim\u0173 platforma kartu su Shopify ir Oberlo&#8221;.<\/li>\n<li style=\"text-align: justify;\">Diskusija ir dirbtuv\u0117s apie \u0161iuolaikini\u0173 geek&#8217;ini\u0173 rengini\u0173 ateit\u012f ir galimybes \u012fsitvirtinti Lietuvoje.<\/li>\n<\/ul>\n<p>[\/vc_column_text][\/vc_column][\/vc_row][vc_row][vc_column][\/vc_column][\/vc_row]<\/p>\n<\/div>","protected":false},"excerpt":{"rendered":"<p>[vc_row 0=&#8221;&#8221;][vc_column width=&#8221;1\/2&#8243;][vc_single_image image=&#8221;990&#8243; img_size=&#8221;full&#8221;][vc_column_text 0=&#8221;&#8221;] \u201eComic Con Baltics\u201c&nbsp;lankytojus supa\u017eindina su \u012fvairiausi\u0173 kino, komiks\u0173, cosplay ir kit\u0173 kult\u016brini\u0173 industrij\u0173 profesionalais. Kai kurie i\u0161 j\u0173 veda specialias dirbtuves, paskaitas ar kvie\u010dia i\u0161bandyti j\u0117gas kuriant specialiuosius efektus, kostiumus. \u0160ios veiklos tikslas \u2013 \u012ftraukti Jus \u012f u\u017eburianti veiksm\u0105, kurio nematome, kai \u017ei\u016brime filmus ar cosplay pasirodymas. Tiksliau, matome [&hellip;]<\/p>\n","protected":false},"author":1,"featured_media":0,"parent":1073,"menu_order":0,"comment_status":"closed","ping_status":"closed","template":"","meta":{"_acf_changed":false,"ngg_post_thumbnail":0,"iawp_total_views":852,"footnotes":""},"class_list":["post-1077","page","type-page","status-publish","hentry"],"acf":[],"toolset-meta":{"mobile-app-post-data":{"show-guest-in-app":{"type":"checkbox","raw":""},"guest-app-feature-image":{"type":"image","raw":"","attachment_id":null},"guest-description":{"type":"wysiwyg","raw":""},"guest-role":{"type":"textfield","raw":""},"guest-known-for":{"type":"textfield","raw":""}},"field-group-for-pages":[]},"publishpress_future_action":{"enabled":false,"date":"2026-04-18 03:01:14","action":"change-status","newStatus":"draft","terms":[],"taxonomy":"translation_priority","extraData":[]},"publishpress_future_workflow_manual_trigger":{"enabledWorkflows":[]},"_links":{"self":[{"href":"https:\/\/ccbaltics.com\/lt\/wp-json\/wp\/v2\/pages\/1077","targetHints":{"allow":["GET"]}}],"collection":[{"href":"https:\/\/ccbaltics.com\/lt\/wp-json\/wp\/v2\/pages"}],"about":[{"href":"https:\/\/ccbaltics.com\/lt\/wp-json\/wp\/v2\/types\/page"}],"author":[{"embeddable":true,"href":"https:\/\/ccbaltics.com\/lt\/wp-json\/wp\/v2\/users\/1"}],"replies":[{"embeddable":true,"href":"https:\/\/ccbaltics.com\/lt\/wp-json\/wp\/v2\/comments?post=1077"}],"version-history":[{"count":8,"href":"https:\/\/ccbaltics.com\/lt\/wp-json\/wp\/v2\/pages\/1077\/revisions"}],"predecessor-version":[{"id":3520,"href":"https:\/\/ccbaltics.com\/lt\/wp-json\/wp\/v2\/pages\/1077\/revisions\/3520"}],"up":[{"embeddable":true,"href":"https:\/\/ccbaltics.com\/lt\/wp-json\/wp\/v2\/pages\/1073"}],"wp:attachment":[{"href":"https:\/\/ccbaltics.com\/lt\/wp-json\/wp\/v2\/media?parent=1077"}],"curies":[{"name":"wp","href":"https:\/\/api.w.org\/{rel}","templated":true}]}}