{"id":1071,"date":"2017-08-16T16:00:25","date_gmt":"2017-08-16T16:00:25","guid":{"rendered":"http:\/\/www.ccbaltics.com\/lt\/?page_id=1071"},"modified":"2026-02-04T10:15:25","modified_gmt":"2026-02-04T08:15:25","slug":"ziniasklaidai","status":"publish","type":"page","link":"https:\/\/ccbaltics.com\/lt\/informacija\/ziniasklaidai\/","title":{"rendered":"\u017diniasklaidai"},"content":{"rendered":"<div class=\"wpb-content-wrapper\"><p>[vc_row][vc_column][vc_column_text css=&#8221;&#8221;]<strong>Norite su\u017einoti daugiau apie naujos kartos pramog\u0173 festival\u012f \u201eComic Con Baltics\u201c ar susipa\u017einti su organizatoriais? Ra\u0161ykite: <a href=\"mailto:media@ccbaltics.com\">media@ccbaltics.com<\/a><\/strong><\/p>\n<p><strong>Leidimas \u017einiasklaidos atstovams yra i\u0161duodamas tik u\u017epild\u017eius parai\u0161k\u0105 ir gavus \u201eComic Con Baltics\u201c organizatori\u0173 sutikim\u0105. Kiekvienas leidimas yra vardinis &#8211;&nbsp; i\u0161duodamas tik konkre\u010diam asmeniui ir negali b\u016bti perleistas kitiems asmenims.<\/strong><\/p>\n<p><span style=\"font-weight: 400;\">Parai\u0161kos u\u017epildymas &#8211; <\/span><span style=\"font-weight: 400;\">negarantuoja \u017einiasklaidos akreditacijos gavimo. <\/span><span style=\"font-weight: 400;\">Jei parai\u0161ka bus patvirtinta ar atmesta<\/span><span style=\"font-weight: 400;\"> &#8211; b\u016bsite informuoti likus dviems savait\u0117ms iki festivalio<\/span><span style=\"font-weight: 400;\">.<\/span><span style=\"font-weight: 400;\"> U\u017esienio \u017einiasklaidos atstovai &#8211; m\u0117nesiui. <\/span><span style=\"font-weight: 400;\">&nbsp;&nbsp;<\/span><\/p>\n<p><span style=\"font-weight: 400;\">Gav\u0119 \u017einiasklaidos akreditacij\u0105 patvirtinim\u0105 &#8211; atskiru lai\u0161ku bus informuoti apie akreditacijos atsi\u0117mimo punktus ir kit\u0105, svarbi\u0105 informacij\u0105. <\/span><span style=\"font-weight: 400;\">&nbsp;<\/span><span style=\"font-weight: 400;\">Jei aplikuojate likus trumpam laiko tarpui iki festivalio, pra\u0161ome supratingumo ir kantryb\u0117s. Tokiu atveju, taip pat negalime garantuoti, kad gausite leidim\u0105.<\/span>[\/vc_column_text][\/vc_column][\/vc_row][vc_row][vc_column][vc_text_separator title=&#8221;\u017dINIASKLAIDOS LEIDIMAS:&#8221; border_width=&#8221;5&#8243; css=&#8221;&#8221;][vc_column_text css=&#8221;&#8221;]<span style=\"font-weight: 400;\"><strong>U\u017etikrina<\/strong> special\u0173 \u012f\u0117jim\u0105 festivalio metu ir pra\u0117jim\u0105 \u012f visas festivalio erdves.<\/span><\/p>\n<p><span style=\"font-weight: 400;\"><strong>Neu\u017etikrina<\/strong> patekimo \u012f priva\u010dias sve\u010di\u0173 erdves ar s\u0117dimas vietas konferencijose<\/span><\/p>\n<p><span style=\"font-weight: 400;\"><strong>Neu\u017etikrina<\/strong> interviu su visais festivalyje dalyvaujan\u010diais sve\u010diais. Bet kokios u\u017eklausos, norint pakalbinti u\u017esienio sve\u010dius turi b\u016bti pateiktos \u201eComic Con Baltics\u201c media atstovui festivalio metu. <\/span>[\/vc_column_text][\/vc_column][\/vc_row][vc_row][vc_column][vc_text_separator title=&#8221;SVARBU \u017dINOTI&#8221; border_width=&#8221;5&#8243; css=&#8221;&#8221;][vc_column_text css=&#8221;&#8221;]<span style=\"font-weight: 400;\"><strong>Kiekvienas \u017einiasklaidos leidimas yra i\u0161duodamas tik vienam asmeniui.<\/strong> Jei registruojate <\/span><span style=\"font-weight: 400;\">ir kitus savo kolegas,<\/span><span style=\"font-weight: 400;\"> kiekvienas asmuo turi registruotis atskirai ir bus tvirtinamas atskirai (vienas \u017emogus gali registruotis tik vien\u0105 kart\u0105).<\/span><\/p>\n<p><span style=\"font-weight: 400;\">Laisvai samdomi \u017eurnalistai, <\/span><span style=\"font-weight: 400;\">turinio k\u016br\u0117jai <\/span><span style=\"font-weight: 400;\">ir fotografai \u012f festival\u012f taip pat gali b\u016bti akredituojami.<\/span><\/p>\n<p><span style=\"font-weight: 400;\">Filmavimas ir fotografavimas festivalio metu gali b\u016bti ribojamas&nbsp; per projekt\u0173 <\/span><span style=\"font-weight: 400;\">pristatymus<\/span><span style=\"font-weight: 400;\">, <\/span><span style=\"font-weight: 400;\">panelines diskusijas <\/span><span style=\"font-weight: 400;\">su aktoriais ir kitais sve\u010diais. Apie tai Jus informuos Media atstovas festivalio metu. <strong>Filmavimas ir fotografavimas per Holivudo studij\u0173 b\u016bsim\u0173 projekt\u0173 pristatymus yra grie\u017etai <\/strong><\/span><strong>DRAUD\u017dIAMAS.<\/strong><\/p>\n<p><span style=\"font-weight: 400;\"><strong>FESTIVALIO METU&nbsp; \u017dINIASKLAIDOS ATSTOV\u0172 REGISTRACIJOS VIETOJE NEBUS<\/strong>, ta\u010diau atvykus galite kreiptis \u012f Media atstov\u0105: <\/span><a href=\"mailto:media@ccbaltics.com\"><span style=\"font-weight: 400;\">media@ccbaltics.com<\/span><\/a>[\/vc_column_text][vc_separator][\/vc_column][\/vc_row][vc_row][vc_column]\n<div class=\"wpcf7 no-js\" id=\"wpcf7-f1320-o1\" lang=\"en-US\" dir=\"ltr\" data-wpcf7-id=\"1320\">\n<div class=\"screen-reader-response\"><p role=\"status\" aria-live=\"polite\" aria-atomic=\"true\"><\/p> <ul><\/ul><\/div>\n<form action=\"\/lt\/wp-json\/wp\/v2\/pages\/1071#wpcf7-f1320-o1\" method=\"post\" class=\"wpcf7-form init\" aria-label=\"Contact form\" novalidate=\"novalidate\" data-status=\"init\">\n<div style=\"display: none;\">\n<input type=\"hidden\" name=\"_wpcf7\" value=\"1320\" \/>\n<input type=\"hidden\" name=\"_wpcf7_version\" value=\"6.0.6\" \/>\n<input type=\"hidden\" name=\"_wpcf7_locale\" value=\"en_US\" \/>\n<input type=\"hidden\" name=\"_wpcf7_unit_tag\" value=\"wpcf7-f1320-o1\" \/>\n<input type=\"hidden\" name=\"_wpcf7_container_post\" value=\"0\" \/>\n<input type=\"hidden\" name=\"_wpcf7_posted_data_hash\" value=\"\" \/>\n<input type=\"hidden\" name=\"_wpcf7cf_hidden_group_fields\" value=\"[]\" \/>\n<input type=\"hidden\" name=\"_wpcf7cf_hidden_groups\" value=\"[]\" \/>\n<input type=\"hidden\" name=\"_wpcf7cf_visible_groups\" value=\"[]\" \/>\n<input type=\"hidden\" name=\"_wpcf7cf_repeaters\" value=\"[]\" \/>\n<input type=\"hidden\" name=\"_wpcf7cf_steps\" value=\"{}\" \/>\n<input type=\"hidden\" name=\"_wpcf7cf_options\" value=\"{&quot;form_id&quot;:1320,&quot;conditions&quot;:[],&quot;settings&quot;:{&quot;animation&quot;:&quot;yes&quot;,&quot;animation_intime&quot;:200,&quot;animation_outtime&quot;:200,&quot;conditions_ui&quot;:&quot;normal&quot;,&quot;notice_dismissed&quot;:false}}\" \/>\n<input type=\"hidden\" name=\"_wpcf7_recaptcha_response\" value=\"\" \/>\n<\/div>\n<div class=\"cc_form form-wrapper\">\n<div class=\"row\">\n<div class=\"col-12 bg p-xl-5 p-lg-5 p-md-5 p-sm-5 p-3\">\n    <div class=\"register-block\">\n        <h2>ASMENIN\u0116 INFORMACIJA<\/h2>\n        <div class=\"form-group row\">\n            <div class=\"col-sm-6\">\n                <label>Vardas<\/label>\n                <span class=\"wpcf7-form-control-wrap\" data-name=\"your-name\"><input size=\"40\" maxlength=\"400\" class=\"wpcf7-form-control wpcf7-text wpcf7-validates-as-required form-control\" aria-required=\"true\" aria-invalid=\"false\" value=\"\" type=\"text\" name=\"your-name\" \/><\/span>\n            <\/div>\n            <div class=\"col-sm-6\">\n                <label>Pavard\u0117<\/label>\n                <span class=\"wpcf7-form-control-wrap\" data-name=\"surname\"><input size=\"40\" maxlength=\"400\" class=\"wpcf7-form-control wpcf7-text wpcf7-validates-as-required form-control\" aria-required=\"true\" aria-invalid=\"false\" value=\"\" type=\"text\" name=\"surname\" \/><\/span>\n            <\/div>\n        <\/div>\n\n        <div class=\"form-group row\">\n            <div class=\"col-sm-6\">\n                <label>El. pa\u0161tas<\/label>\n                <span class=\"wpcf7-form-control-wrap\" data-name=\"your-email\"><input size=\"40\" maxlength=\"400\" class=\"wpcf7-form-control wpcf7-email wpcf7-validates-as-required wpcf7-text wpcf7-validates-as-email form-control\" aria-required=\"true\" aria-invalid=\"false\" value=\"\" type=\"email\" name=\"your-email\" \/><\/span>\n            <\/div>\n            <div class=\"col-sm-6\">\n                <label>Telefonas<\/label>\n                <span class=\"wpcf7-form-control-wrap\" data-name=\"phone\"><input size=\"40\" maxlength=\"400\" class=\"wpcf7-form-control wpcf7-text wpcf7-validates-as-required form-control\" aria-required=\"true\" aria-invalid=\"false\" value=\"\" type=\"text\" name=\"phone\" \/><\/span>\n            <\/div>\n        <\/div>\n\n        <div class=\"form-group row\">\n            <div class=\"col-sm-6\">\n                <label>Gimimo data<\/label>\n                <span class=\"wpcf7-form-control-wrap\" data-name=\"date-of-birth\"><input size=\"40\" maxlength=\"400\" class=\"wpcf7-form-control wpcf7-text wpcf7-validates-as-required form-control\" aria-required=\"true\" aria-invalid=\"false\" value=\"\" type=\"text\" name=\"date-of-birth\" \/><\/span>\n            <\/div>\n            <div class=\"col-sm-6\">\n                <label>Valstyb\u0117<\/label>\n                <span class=\"wpcf7-form-control-wrap\" data-name=\"country\"><input size=\"40\" maxlength=\"400\" class=\"wpcf7-form-control wpcf7-text wpcf7-validates-as-required form-control\" aria-required=\"true\" aria-invalid=\"false\" value=\"\" type=\"text\" name=\"country\" \/><\/span>\n            <\/div>\n        <\/div>\n\n        <div class=\"form-group row\">\n            <div class=\"col-sm-6\">\n                <label>Miestas<\/label>\n                <span class=\"wpcf7-form-control-wrap\" data-name=\"city\"><input size=\"40\" maxlength=\"400\" class=\"wpcf7-form-control wpcf7-text wpcf7-validates-as-required form-control\" aria-required=\"true\" aria-invalid=\"false\" value=\"\" type=\"text\" name=\"city\" \/><\/span>\n            <\/div>\n            <div class=\"col-sm-6\">\n                <label>Adresas<\/label>\n                <span class=\"wpcf7-form-control-wrap\" data-name=\"address\"><input size=\"40\" maxlength=\"400\" class=\"wpcf7-form-control wpcf7-text wpcf7-validates-as-required form-control\" aria-required=\"true\" aria-invalid=\"false\" value=\"\" type=\"text\" name=\"address\" \/><\/span>\n            <\/div>\n        <\/div>\n\n    <\/div>\n\n\n\n    <div class=\"register-block\">\n        <h2>\u017dINIASKLAIDOS PRIEMON\u0116S INFORMACIJA<\/h2>\n        <div class=\"form-group row\">\n            <div class=\"col-sm-6\">\n                <label>Pavadinimas<\/label>\n                <span class=\"wpcf7-form-control-wrap\" data-name=\"media-outlet-name\"><input size=\"40\" maxlength=\"400\" class=\"wpcf7-form-control wpcf7-text wpcf7-validates-as-required form-control\" aria-required=\"true\" aria-invalid=\"false\" value=\"\" type=\"text\" name=\"media-outlet-name\" \/><\/span>\n            <\/div>\n            <div class=\"col-sm-6\">\n                <label>Svetain\u0117s adresas<\/label>\n                <span class=\"wpcf7-form-control-wrap\" data-name=\"media-outlet-website\"><input size=\"40\" maxlength=\"400\" class=\"wpcf7-form-control wpcf7-text wpcf7-validates-as-required form-control\" aria-required=\"true\" aria-invalid=\"false\" value=\"\" type=\"text\" name=\"media-outlet-website\" \/><\/span>\n            <\/div>\n        <\/div>\n\n        <div class=\"form-group row\">\n            <div class=\"col-sm-6\">\n                <label>M\u0117nesinis unikali\u0173 vartotoj\u0173 skai\u010dius \/ Tira\u017eas<\/label>\n                <span class=\"wpcf7-form-control-wrap\" data-name=\"unique-visitors\"><input size=\"40\" maxlength=\"400\" class=\"wpcf7-form-control wpcf7-text wpcf7-validates-as-required form-control\" aria-required=\"true\" aria-invalid=\"false\" value=\"\" type=\"text\" name=\"unique-visitors\" \/><\/span>\n            <\/div>\n            <div class=\"col-sm-6\">\n                <label>J\u016bs\u0173 pareig\u0173 pavadinimas<\/label>\n                <span class=\"wpcf7-form-control-wrap\" data-name=\"professional-title\"><input size=\"40\" maxlength=\"400\" class=\"wpcf7-form-control wpcf7-text wpcf7-validates-as-required form-control\" aria-required=\"true\" aria-invalid=\"false\" value=\"\" type=\"text\" name=\"professional-title\" \/><\/span>\n            <\/div>\n        <\/div>\n\n        <div class=\"form-group row\">\n            <div class=\"col-sm-6\">\n                <label>Trumpai apra\u0161ykite savo veikl\u0105<\/label>\n                <span class=\"wpcf7-form-control-wrap\" data-name=\"your-position\"><input size=\"40\" maxlength=\"400\" class=\"wpcf7-form-control wpcf7-text wpcf7-validates-as-required form-control\" aria-required=\"true\" aria-invalid=\"false\" value=\"\" type=\"text\" name=\"your-position\" \/><\/span>\n            <\/div>\n            <div class=\"col-sm-6\">\n                <label>\u017diniasklaidos priemon\u0117s tipas<\/label>\n                <span class=\"wpcf7-form-control-wrap\" data-name=\"media-outlet-type\"><select class=\"wpcf7-form-control wpcf7-select wpcf7-validates-as-required form-control\" aria-required=\"true\" aria-invalid=\"false\" name=\"media-outlet-type\"><option value=\"Laikra\u0161tis\">Laikra\u0161tis<\/option><option value=\"Radijas\">Radijas<\/option><option value=\"Internetinis\">Internetinis<\/option><option value=\"Televizija\">Televizija<\/option><option value=\"Blogas\">Blogas<\/option><option value=\"Kita\">Kita<\/option><\/select><\/span>\n            <\/div>\n        <\/div>\n    <\/div>\n\n\n    <div class=\"register-block\">\n        <h2>INFORMACIJA APIE REDAKTORI\u0172<\/h2>\n        <div class=\"form-group row\">\n            <div class=\"col-sm-6\">\n                <label>Redaktoriaus\/Vadovo vardas<\/label>\n                <span class=\"wpcf7-form-control-wrap\" data-name=\"editors-name\"><input size=\"40\" maxlength=\"400\" class=\"wpcf7-form-control wpcf7-text wpcf7-validates-as-required form-control\" aria-required=\"true\" aria-invalid=\"false\" value=\"\" type=\"text\" name=\"editors-name\" \/><\/span>            <\/div>\n            <div class=\"col-sm-6\">\n                <label>Redaktoriaus\/Vadovo pareigos<\/label>\n                <span class=\"wpcf7-form-control-wrap\" data-name=\"editors-title\"><input size=\"40\" maxlength=\"400\" class=\"wpcf7-form-control wpcf7-text wpcf7-validates-as-required form-control\" aria-required=\"true\" aria-invalid=\"false\" value=\"\" type=\"text\" name=\"editors-title\" \/><\/span>\n            <\/div>\n        <\/div>\n        <div class=\"form-group row\">\n            <div class=\"col-sm-6\">\n                <label>Redaktoriaus\/Vadovo el. pa\u0161tas<\/label>\n                <span class=\"wpcf7-form-control-wrap\" data-name=\"editors-mail\"><input size=\"40\" maxlength=\"400\" class=\"wpcf7-form-control wpcf7-email wpcf7-validates-as-required wpcf7-text wpcf7-validates-as-email form-control\" aria-required=\"true\" aria-invalid=\"false\" value=\"\" type=\"email\" name=\"editors-mail\" \/><\/span>            <\/div>\n            <div class=\"col-sm-6\">\n                <label>Redaktoriaus\/Vadovo telefonas<\/label>\n                <span class=\"wpcf7-form-control-wrap\" data-name=\"editors-phone\"><input size=\"40\" maxlength=\"400\" class=\"wpcf7-form-control wpcf7-text wpcf7-validates-as-required form-control\" aria-required=\"true\" aria-invalid=\"false\" value=\"\" type=\"text\" name=\"editors-phone\" \/><\/span>\n            <\/div>\n        <\/div>\n\n    <\/div>\n\n\n    <h2>TEKST\u0172 PAVYZD\u017dIAI<\/h2>\n    <p>Pra\u0161ome pateikti kelis j\u016bs\u0173 darb\u0173 pavyzd\u017eius.<\/p>\n    <div class=\"sample-link-wrapper\">\n        <div class=\"form-group row\">\n            <div class=\"col-sm-6\">\n                <label>Nuoroda \u012f pavyzd\u012f<\/label>\n                <span class=\"wpcf7-form-control-wrap\" data-name=\"sample-link1\"><input size=\"40\" maxlength=\"400\" class=\"wpcf7-form-control wpcf7-text form-control\" aria-invalid=\"false\" value=\"\" type=\"text\" name=\"sample-link1\" \/><\/span>\n            <\/div>\n            <div class=\"col-sm-6\">\n                <label>Nuoroda \u012f pavyzd\u012f<\/label>\n                <span class=\"wpcf7-form-control-wrap\" data-name=\"sample-link2\"><input size=\"40\" maxlength=\"400\" class=\"wpcf7-form-control wpcf7-text form-control\" aria-invalid=\"false\" value=\"\" type=\"text\" name=\"sample-link2\" \/><\/span>\n            <\/div>\n        <\/div>\n        <div class=\"form-group row\">\n            <div class=\"col-sm-6\">\n                <label>Nuoroda \u012f pavyzd\u012f<\/label>\n                <span class=\"wpcf7-form-control-wrap\" data-name=\"sample-link3\"><input size=\"40\" maxlength=\"400\" class=\"wpcf7-form-control wpcf7-text form-control\" aria-invalid=\"false\" value=\"\" type=\"text\" name=\"sample-link3\" \/><\/span>\n            <\/div>\n            <div class=\"col-sm-6\">\n                <label>Nuoroda \u012f pavyzd\u012f<\/label>\n                <span class=\"wpcf7-form-control-wrap\" data-name=\"sample-link4\"><input size=\"40\" maxlength=\"400\" class=\"wpcf7-form-control wpcf7-text form-control\" aria-invalid=\"false\" value=\"\" type=\"text\" name=\"sample-link4\" \/><\/span>\n            <\/div>\n        <\/div>\n    <\/div>\n\n    <div class=\"form-group row\">\n        <div class=\"col-sm-12\">\n            <div class=\"nolinks-wrapper\">\n                <label>Pavyzd\u017ei\u0173 neturiu<\/label><input class=\"nolink\" type=\"checkbox\" name=\"nolinks\" value=\"Car\">\n            <\/div>\n        <\/div>\n    <\/div>\n\n    <div class=\"form-group row\">\n        <div class=\"col-sm-12\">\n            <label>Planuojamas renginio nu\u0161vietimas<\/label>\n            <span class=\"wpcf7-form-control-wrap\" data-name=\"intended-coverage\"><textarea cols=\"40\" rows=\"10\" maxlength=\"2000\" class=\"wpcf7-form-control wpcf7-textarea form-control\" aria-invalid=\"false\" name=\"intended-coverage\"><\/textarea><\/span>\n        <\/div>\n    <\/div>\n\n\n    <div class=\"form-group row\">\n        <div class=\"col-sm-12 text-center\">\n            \n        <\/div>\n    <\/div>\n\n    <div class=\"contact-btn-wrapper\"><input class=\"wpcf7-form-control wpcf7-submit has-spinner\" type=\"submit\" value=\"SI\u0172STI\" \/><\/div>\n<\/div>\n<\/div>\n<\/div><input type='hidden' class='wpcf7-pum' value='{\"closepopup\":false,\"closedelay\":0,\"openpopup\":false,\"openpopup_id\":0}' \/><div class=\"wpcf7-response-output\" aria-hidden=\"true\"><\/div>\n<\/form>\n<\/div>\n[\/vc_column][\/vc_row]<\/p>\n<\/div>","protected":false},"excerpt":{"rendered":"<p>[vc_row][vc_column][vc_column_text css=&#8221;&#8221;]Norite su\u017einoti daugiau apie naujos kartos pramog\u0173 festival\u012f \u201eComic Con Baltics\u201c ar susipa\u017einti su organizatoriais? Ra\u0161ykite: media@ccbaltics.com Leidimas \u017einiasklaidos atstovams yra i\u0161duodamas tik u\u017epild\u017eius parai\u0161k\u0105 ir gavus \u201eComic Con Baltics\u201c organizatori\u0173 sutikim\u0105. Kiekvienas leidimas yra vardinis &#8211;&nbsp; i\u0161duodamas tik konkre\u010diam asmeniui ir negali b\u016bti perleistas kitiems asmenims. Parai\u0161kos u\u017epildymas &#8211; negarantuoja \u017einiasklaidos akreditacijos gavimo. [&hellip;]<\/p>\n","protected":false},"author":1,"featured_media":0,"parent":1102,"menu_order":0,"comment_status":"closed","ping_status":"closed","template":"","meta":{"_acf_changed":false,"ngg_post_thumbnail":0,"iawp_total_views":1230,"footnotes":""},"class_list":["post-1071","page","type-page","status-publish","hentry"],"acf":[],"toolset-meta":{"mobile-app-post-data":{"show-guest-in-app":{"type":"checkbox","raw":"0"},"guest-app-feature-image":{"type":"image","raw":"","attachment_id":null},"guest-description":{"type":"wysiwyg","raw":""},"guest-role":{"type":"textfield","raw":""},"guest-known-for":{"type":"textfield","raw":""}},"field-group-for-pages":[]},"publishpress_future_action":{"enabled":false,"date":"2026-04-19 02:13:30","action":"change-status","newStatus":"draft","terms":[],"taxonomy":"translation_priority","extraData":[]},"publishpress_future_workflow_manual_trigger":{"enabledWorkflows":[]},"_links":{"self":[{"href":"https:\/\/ccbaltics.com\/lt\/wp-json\/wp\/v2\/pages\/1071","targetHints":{"allow":["GET"]}}],"collection":[{"href":"https:\/\/ccbaltics.com\/lt\/wp-json\/wp\/v2\/pages"}],"about":[{"href":"https:\/\/ccbaltics.com\/lt\/wp-json\/wp\/v2\/types\/page"}],"author":[{"embeddable":true,"href":"https:\/\/ccbaltics.com\/lt\/wp-json\/wp\/v2\/users\/1"}],"replies":[{"embeddable":true,"href":"https:\/\/ccbaltics.com\/lt\/wp-json\/wp\/v2\/comments?post=1071"}],"version-history":[{"count":17,"href":"https:\/\/ccbaltics.com\/lt\/wp-json\/wp\/v2\/pages\/1071\/revisions"}],"predecessor-version":[{"id":13610,"href":"https:\/\/ccbaltics.com\/lt\/wp-json\/wp\/v2\/pages\/1071\/revisions\/13610"}],"up":[{"embeddable":true,"href":"https:\/\/ccbaltics.com\/lt\/wp-json\/wp\/v2\/pages\/1102"}],"wp:attachment":[{"href":"https:\/\/ccbaltics.com\/lt\/wp-json\/wp\/v2\/media?parent=1071"}],"curies":[{"name":"wp","href":"https:\/\/api.w.org\/{rel}","templated":true}]}}