{"id":1063,"date":"2017-08-16T15:58:30","date_gmt":"2017-08-16T15:58:30","guid":{"rendered":"http:\/\/www.ccbaltics.com\/lt\/?page_id=1063"},"modified":"2019-09-10T19:53:17","modified_gmt":"2019-09-10T19:53:17","slug":"sveciai-2017","status":"publish","type":"page","link":"https:\/\/ccbaltics.com\/lt\/sveciai-2017\/","title":{"rendered":"Sve\u010diai 2017"},"content":{"rendered":"<div class=\"wpb-content-wrapper\"><p>[vc_row][vc_column][vc_row_inner][vc_column_inner][vc_column_text]<\/p>\n<h3 style=\"text-align: center;\">Aktoriai atvyksta \u012f Vilni\u0173! Susitik ir pabendrauk su savo m\u0117gstamiausiais aktoriais i\u0161 taip arti, kaip niekada anks\u010diau!<\/h3>\n<p>[\/vc_column_text][\/vc_column_inner][\/vc_row_inner][vc_row_inner][vc_column_inner width=&#8221;1\/2&#8243;][vc_column_text]<\/p>\n<h4 style=\"text-align: justify;\"><strong>Susitik su m\u0117gstamais aktoriais<\/strong><\/h4>\n<p style=\"text-align: justify;\">Atvyk \u012f \u201eComic Con Baltics\u201c rugs\u0117jo 15-16 d. dienomis ir susitik su m\u0117gstamiausiais aktoriais i\u0161 film\u0173 ir serial\u0173. B\u016bk pasireng\u0119s renginyje i\u0161vysti daugyb\u0119 tarptautini\u0173 sve\u010di\u0173 i\u0161 pa\u010di\u0173 \u012fvairiausi\u0173 populiariosios kult\u016bros at\u0161ak\u0173. Ir ne tik aktori\u0173, bet ir kino industrijos, komiks\u0173 ir Cosplay pasaulio atstov\u0173.<\/p>\n<h4 style=\"text-align: justify;\"><strong>Specialios konferencijos ir pokalbiai<\/strong><\/h4>\n<p style=\"text-align: justify;\">Renginio metu vyksta daugyb\u0117 konferencij\u0173 ir klausim\u0173-atsakym\u0173 sesij\u0173 su visais m\u016bs\u0173 sve\u010diais. Per \u0161ias dvi superheroj\u0173 dienas galima paklausyti apie esamus ir b\u016bsimus, taip pat ir buvusius aktori\u0173 projektus. Taip pat, \u012fvairi\u0173 profesional\u0173 (kino industrijos ar cosplay) darbo u\u017ekulisius ir specifik\u0105.<\/p>\n<p style=\"text-align: justify;\">Visi aktoriai \u201eComic Con Baltics\u201c bus abi renginio dienas, jei programoje nepara\u0161yta kitaip.<\/p>\n<p>[\/vc_column_text][\/vc_column_inner][vc_column_inner width=&#8221;1\/2&#8243;][vc_column_text]<\/p>\n<h4 style=\"text-align: justify;\">K\u0105 verta \u017einoti?<\/h4>\n<p style=\"text-align: justify;\">Atvyk\u0119 sve\u010diai dalyvauja vadinamosiose autograf\u0173 dalinimo ir fotografij\u0173 sesijose. Jos vyksta atskirai, kad sp\u0117tum\u0117te nusifotografuoti su visais sve\u010diais bei gauti j\u0173 para\u0161us. Be to, J\u016bs galite pra\u0161yti para\u0161o ne tik ant j\u0173 paruo\u0161tos nuotraukos, bet ir ant savo atsine\u0161t\u0173 fotografij\u0173 ar daikt\u0173: plakat\u0173, knyg\u0173, mar\u0161kin\u0117li\u0173. <strong>Bilietai autografams parduodami renginyje<\/strong>.<\/p>\n<p style=\"text-align: justify;\">Taip pat visuomet yra galimyb\u0117 ir nusifotografuoti su J\u016bs\u0173 m\u0117gstama \u017evaig\u017ede ir tur\u0117ti i\u0161skirtin\u0119 nuotrauk\u0105. Jums tereikia atsistoti prie foto sienel\u0117s su savo herojumi ir mes atspausdinsime j\u0105 per kelias minutes. <strong>Fotosesijos bilietai parduodami renginyje.<\/strong><\/p>\n<p>Pla\u010diau apie tai skaitykite \u201eAutograf\u0173 ir fotosesij\u0173\u201c skiltyje.[\/vc_column_text][\/vc_column_inner][\/vc_row_inner][vc_row_inner][vc_column_inner][vc_column_text]<\/p>\n<div class=\"custom-batman-image-wrapper\">\n<div class=\"custom-batman-image\"><img decoding=\"async\" class=\"size-full wp-image-505 aligncenter\" src=\"http:\/\/www.ccbaltics.com\/wp-content\/uploads\/2017\/07\/batman-ears.png\" alt=\"\" width=\"236\" height=\"169\" srcset=\"https:\/\/ccbaltics.com\/wp-content\/uploads\/2017\/07\/batman-ears.png 236w, https:\/\/ccbaltics.com\/wp-content\/uploads\/2017\/07\/batman-ears-154x110.png 154w\" sizes=\"(max-width: 236px) 100vw, 236px\" \/><\/div>\n<\/div>\n<p>[\/vc_column_text][vc_column_text]<\/p>\n<p style=\"text-align: center;\"><strong>PASTABA: <\/strong>Nuotraukos su sve\u010diais ir j\u0173 autografai yra mokami. Taip pat, visi sve\u010diai yra be galo u\u017eimtos asmenyb\u0117s ir d\u0117l tam tikr\u0173 su darbu susijusi\u0173 \u012fsipareigojim\u0173 gali <strong>at\u0161aukti<\/strong> savo pasirodym\u0105 renginyje. D\u0117l sve\u010di\u0173 pasirodymo at\u0161aukimo organizatoriai neatsako ir pinig\u0173 u\u017e biliet\u0105 negr\u0105\u017eina.<\/p>\n<p>[\/vc_column_text][\/vc_column_inner][\/vc_row_inner][\/vc_column][\/vc_row][vc_row full_width=&#8221;stretch_row_content&#8221; content_placement=&#8221;middle&#8221; disable_element=&#8221;yes&#8221; el_class=&#8221;rte-heading-wrapper&#8221; css=&#8221;.vc_custom_1568145146496{margin-bottom: 80px !important;}&#8221;][vc_column][vc_row_inner][vc_column_inner][vc_custom_heading text=&#8221;Comic Con Baltics 2017 Aktoriai&#8221; font_container=&#8221;tag:h2|font_size:30|text_align:center|line_height:30px&#8221; google_fonts=&#8221;font_family:Open%20Sans%3A300%2C300italic%2Cregular%2Citalic%2C600%2C600italic%2C700%2C700italic%2C800%2C800italic|font_style:700%20bold%20regular%3A700%3Anormal&#8221; el_class=&#8221;home-red-heading-rte&#8221;][\/vc_column_inner][\/vc_row_inner][\/vc_column][\/vc_row][vc_row disable_element=&#8221;yes&#8221; css=&#8221;.vc_custom_1568145154415{margin-bottom: 80px !important;}&#8221;][vc_column][vc_row_inner][vc_column_inner width=&#8221;1\/3&#8243;][vc_single_image image=&#8221;1823&#8243; img_size=&#8221;Thumbnail&#8221; add_caption=&#8221;yes&#8221; alignment=&#8221;center&#8221; style=&#8221;vc_box_shadow_border_circle_2&#8243; onclick=&#8221;custom_link&#8221; link=&#8221;https:\/\/ccbaltics.com\/\/lt\/actor\/ian-mcelhinney\/&#8221; el_class=&#8221;artist-image&#8221;][vc_column_text]<\/p>\n<div class=\"artist-wrapper\">\n<h3 style=\"text-align: center;\">Ian McElhinney<\/h3>\n<p class=\"artist-subtitle\" style=\"text-align: center;\">Sost\u0173 karai<\/p>\n<div class=\"artist-line\">&nbsp;<\/div>\n<p style=\"text-align: center;\">Autografas &#8211; 15\u20ac<br \/>\nNuotrauka &#8211; 15\u20ac<\/p>\n<\/div>\n<p>[\/vc_column_text][\/vc_column_inner][vc_column_inner width=&#8221;1\/3&#8243;][vc_single_image image=&#8221;1838&#8243; img_size=&#8221;Thumbnail&#8221; add_caption=&#8221;yes&#8221; alignment=&#8221;center&#8221; style=&#8221;vc_box_shadow_border_circle_2&#8243; onclick=&#8221;custom_link&#8221; link=&#8221;https:\/\/ccbaltics.com\/\/lt\/actor\/dean-charles-chapman\/&#8221; el_class=&#8221;artist-image&#8221;][vc_column_text]<\/p>\n<div class=\"artist-wrapper\">\n<h3 style=\"text-align: center;\">Dean-Charles Chapman<\/h3>\n<p class=\"artist-subtitle\" style=\"text-align: center;\">Sost\u0173 karai<\/p>\n<div class=\"artist-line\">&nbsp;<\/div>\n<p style=\"text-align: center;\">Autografas &#8211; 15\u20ac<br \/>\nNuotrauka &#8211; 20\u20ac<\/p>\n<\/div>\n<p>[\/vc_column_text][\/vc_column_inner][vc_column_inner width=&#8221;1\/3&#8243;][vc_single_image image=&#8221;1614&#8243; img_size=&#8221;Thumbnail&#8221; add_caption=&#8221;yes&#8221; alignment=&#8221;center&#8221; style=&#8221;vc_box_shadow_border_circle_2&#8243; onclick=&#8221;custom_link&#8221; el_class=&#8221;artist-image&#8221; link=&#8221;https:\/\/ccbaltics.com\/\/lt\/actor\/josh-herdman\/&#8221;][vc_column_text]<\/p>\n<div class=\"artist-wrapper\">\n<h3 style=\"text-align: center;\">Josh Herdman<\/h3>\n<p class=\"artist-subtitle\" style=\"text-align: center;\">Haris Poteris<\/p>\n<div class=\"artist-line\" style=\"text-align: center;\">&nbsp;<\/div>\n<p style=\"text-align: center;\">Autografas &#8211; 15\u20ac<br \/>\nNuotrauka &#8211; 15\u20ac<\/p>\n<\/div>\n<p>[\/vc_column_text][\/vc_column_inner][\/vc_row_inner][vc_row_inner][vc_column_inner width=&#8221;1\/3&#8243;][vc_single_image image=&#8221;1676&#8243; img_size=&#8221;Thumbnail&#8221; add_caption=&#8221;yes&#8221; alignment=&#8221;center&#8221; style=&#8221;vc_box_shadow_border_circle_2&#8243; onclick=&#8221;custom_link&#8221; link=&#8221;https:\/\/ccbaltics.com\/\/actor\/stefan-kapicic\/&#8221; el_class=&#8221;artist-image&#8221;][vc_column_text]<\/p>\n<div class=\"artist-wrapper\">\n<h3 style=\"text-align: center;\">Stefan Kapicic<\/h3>\n<p class=\"artist-subtitle\" style=\"text-align: center;\">Deadpool<\/p>\n<div class=\"artist-line\">&nbsp;<\/div>\n<p style=\"text-align: center;\">Autografas &#8211; 20\u20ac<br \/>\nNuotrauka &#8211; 20\u20ac<\/p>\n<\/div>\n<p>[\/vc_column_text][\/vc_column_inner][vc_column_inner width=&#8221;1\/3&#8243;][vc_single_image image=&#8221;1726&#8243; img_size=&#8221;Thumbnail&#8221; add_caption=&#8221;yes&#8221; alignment=&#8221;center&#8221; style=&#8221;vc_box_shadow_border_circle_2&#8243; onclick=&#8221;custom_link&#8221; link=&#8221;https:\/\/ccbaltics.com\/\/lt\/actor\/pamela-betts\/&#8221; el_class=&#8221;artist-image&#8221;][vc_column_text]<\/p>\n<div class=\"artist-wrapper\">\n<h3 style=\"text-align: center;\">Pamela Betts<\/h3>\n<p class=\"artist-subtitle\" style=\"text-align: center;\">\u017dvaig\u017ed\u017ei\u0173 karai: Paskutinis d\u017eedajus<\/p>\n<div class=\"artist-line\">&nbsp;<\/div>\n<p style=\"text-align: center;\">Autografas &#8211; 15\u20ac<br \/>\nNuotrauka &#8211; 15\u20ac<\/p>\n<\/div>\n<p>[\/vc_column_text][\/vc_column_inner][vc_column_inner width=&#8221;1\/3&#8243;][vc_single_image image=&#8221;1742&#8243; img_size=&#8221;Thumbnail&#8221; add_caption=&#8221;yes&#8221; alignment=&#8221;center&#8221; style=&#8221;vc_box_shadow_border_circle_2&#8243; onclick=&#8221;custom_link&#8221; el_class=&#8221;artist-image&#8221; link=&#8221;https:\/\/ccbaltics.com\/\/lt\/actor\/rony-bridges\/&#8221;][vc_column_text]<\/p>\n<div class=\"artist-wrapper\">\n<h3 style=\"text-align: center;\">Rony Bridges<\/h3>\n<p class=\"artist-subtitle\" style=\"text-align: center;\">\u017dvaig\u017ed\u017ei\u0173 karai: Galia nubunda<\/p>\n<div class=\"artist-line\" style=\"text-align: center;\">&nbsp;<\/div>\n<p style=\"text-align: center;\">Autografas &#8211; 15\u20ac<br \/>\nNuotrauka &#8211; 15\u20ac<\/p>\n<\/div>\n<p>[\/vc_column_text][\/vc_column_inner][\/vc_row_inner][vc_row_inner][vc_column_inner width=&#8221;1\/3&#8243;][vc_single_image image=&#8221;1981&#8243; img_size=&#8221;Thumbnail&#8221; add_caption=&#8221;yes&#8221; alignment=&#8221;center&#8221; style=&#8221;vc_box_shadow_border_circle_2&#8243; onclick=&#8221;custom_link&#8221; link=&#8221;https:\/\/ccbaltics.com\/\/lt\/actor\/michael-winslow\/&#8221; el_class=&#8221;artist-image&#8221;][vc_column_text]<\/p>\n<div class=\"artist-wrapper\">\n<h3 style=\"text-align: center;\">Michael Winslow<\/h3>\n<p class=\"artist-subtitle\" style=\"text-align: center;\">Policijos akademija<\/p>\n<div class=\"artist-line\">&nbsp;<\/div>\n<p style=\"text-align: center;\">Autografas &#8211; 30\u20ac<br \/>\nNuotrauka &#8211; 50\u20ac<\/p>\n<\/div>\n<p>[\/vc_column_text][\/vc_column_inner][\/vc_row_inner][\/vc_column][\/vc_row][vc_row full_width=&#8221;stretch_row_content&#8221; content_placement=&#8221;middle&#8221; disable_element=&#8221;yes&#8221; el_class=&#8221;rte-heading-wrapper rte-heading-fromtop&#8221; css=&#8221;.vc_custom_1568145162285{margin-bottom: -51px !important;}&#8221;][vc_column][vc_custom_heading text=&#8221;Kiti sve\u010diai&#8221; font_container=&#8221;tag:h2|font_size:30|text_align:center|line_height:30px&#8221; google_fonts=&#8221;font_family:Open%20Sans%3A300%2C300italic%2Cregular%2Citalic%2C600%2C600italic%2C700%2C700italic%2C800%2C800italic|font_style:700%20bold%20regular%3A700%3Anormal&#8221; el_class=&#8221;home-red-heading-rte&#8221;][\/vc_column][\/vc_row][vc_row full_width=&#8221;stretch_row&#8221; disable_element=&#8221;yes&#8221; css=&#8221;.vc_custom_1568145168521{padding-top: 80px !important;padding-bottom: 110px !important;background-image: url(http:\/\/www.ccbaltics.com\/wp-content\/uploads\/2017\/07\/bubble-background.jpg?id=523) !important;}&#8221;][vc_column][vc_row_inner css=&#8221;.vc_custom_1502139324165{background-color: #ffffff !important;}&#8221;][vc_column_inner width=&#8221;1\/3&#8243;][vc_single_image image=&#8221;1640&#8243; img_size=&#8221;Thumbnail&#8221; add_caption=&#8221;yes&#8221; alignment=&#8221;center&#8221; style=&#8221;vc_box_shadow_border_circle_2&#8243; onclick=&#8221;custom_link&#8221; el_class=&#8221;artist-image&#8221; link=&#8221;https:\/\/ccbaltics.com\/\/lt\/actor\/gene-warren-iii\/&#8221;][vc_column_text]<\/p>\n<div class=\"artist-wrapper\">\n<h3 style=\"text-align: center;\">Gene Warren III<\/h3>\n<p class=\"artist-subtitle\" style=\"text-align: center;\">M\u0117nesienos karalyst\u0117<\/p>\n<\/div>\n<p>[\/vc_column_text][\/vc_column_inner][vc_column_inner width=&#8221;1\/3&#8243;][vc_single_image image=&#8221;1641&#8243; img_size=&#8221;Thumbnail&#8221; add_caption=&#8221;yes&#8221; alignment=&#8221;center&#8221; style=&#8221;vc_box_shadow_border_circle_2&#8243; onclick=&#8221;custom_link&#8221; el_class=&#8221;artist-image&#8221; link=&#8221;https:\/\/ccbaltics.com\/\/lt\/actor\/gene-warren-jr\/&#8221;][vc_column_text]<\/p>\n<div class=\"artist-wrapper\">\n<h3 style=\"text-align: center;\">Gene Warren Jr.<\/h3>\n<p class=\"artist-subtitle\" style=\"text-align: center;\">Terminatorius 2: paskutinio teismo diena (Oskaras)<\/p>\n<\/div>\n<p>[\/vc_column_text][\/vc_column_inner][vc_column_inner width=&#8221;1\/3&#8243;][vc_single_image image=&#8221;433&#8243; img_size=&#8221;Thumbnail&#8221; add_caption=&#8221;yes&#8221; alignment=&#8221;center&#8221; style=&#8221;vc_box_shadow_border_circle_2&#8243; el_class=&#8221;artist-image&#8221;][vc_column_text]<\/p>\n<div class=\"artist-wrapper\">\n<h3 style=\"text-align: center;\">Slaptas sve\u010dias<\/h3>\n<p class=\"artist-subtitle\" style=\"text-align: center;\">Slaptas projektas<\/p>\n<\/div>\n<p>[\/vc_column_text][\/vc_column_inner][\/vc_row_inner][\/vc_column][\/vc_row][vc_row full_width=&#8221;stretch_row_content&#8221; content_placement=&#8221;middle&#8221; disable_element=&#8221;yes&#8221; el_class=&#8221;rte-heading-wrapper rte-heading-frombottom&#8221; css=&#8221;.vc_custom_1568145173922{margin-top: -85px !important;}&#8221;][vc_column][vc_row_inner][vc_column_inner][vc_custom_heading text=&#8221;Cosplay&#8221; font_container=&#8221;tag:h2|font_size:30|text_align:center|line_height:30px&#8221; google_fonts=&#8221;font_family:Open%20Sans%3A300%2C300italic%2Cregular%2Citalic%2C600%2C600italic%2C700%2C700italic%2C800%2C800italic|font_style:700%20bold%20regular%3A700%3Anormal&#8221; el_class=&#8221;home-red-heading-rte&#8221;][\/vc_column_inner][\/vc_row_inner][\/vc_column][\/vc_row][vc_row disable_element=&#8221;yes&#8221; css=&#8221;.vc_custom_1568145179430{margin-bottom: 80px !important;}&#8221;][vc_column][vc_row_inner css=&#8221;.vc_custom_1501924281387{margin-top: 50px !important;}&#8221;][vc_column_inner width=&#8221;1\/3&#8243;][vc_single_image image=&#8221;1220&#8243; img_size=&#8221;Thumbnail&#8221; add_caption=&#8221;yes&#8221; alignment=&#8221;center&#8221; style=&#8221;vc_box_shadow_border_circle_2&#8243; onclick=&#8221;custom_link&#8221; el_class=&#8221;artist-image&#8221; link=&#8221;http:\/\/www.ccbaltics.com\/lt\/actor\/santatory\/&#8221;][vc_column_text]<\/p>\n<div class=\"artist-wrapper\">\n<h3 style=\"text-align: center;\">Santatory<\/h3>\n<p class=\"artist-subtitle\" style=\"text-align: center;\">Norvegija<\/p>\n<\/div>\n<p>[\/vc_column_text][\/vc_column_inner][vc_column_inner width=&#8221;1\/3&#8243;][vc_single_image image=&#8221;1222&#8243; img_size=&#8221;Thumbnail&#8221; add_caption=&#8221;yes&#8221; alignment=&#8221;center&#8221; style=&#8221;vc_box_shadow_border_circle_2&#8243; onclick=&#8221;custom_link&#8221; el_class=&#8221;artist-image&#8221; link=&#8221;http:\/\/www.ccbaltics.com\/lt\/actor\/timeforlemontea-norvegija\/&#8221;][vc_column_text]<\/p>\n<div class=\"artist-wrapper\">\n<h3 style=\"text-align: center;\">TimeForLemonTea<\/h3>\n<p class=\"artist-subtitle\" style=\"text-align: center;\">Norvegija<\/p>\n<\/div>\n<p>[\/vc_column_text][\/vc_column_inner][vc_column_inner width=&#8221;1\/3&#8243;][vc_single_image image=&#8221;1806&#8243; img_size=&#8221;Thumbnail&#8221; add_caption=&#8221;yes&#8221; alignment=&#8221;center&#8221; style=&#8221;vc_box_shadow_border_circle_2&#8243; onclick=&#8221;custom_link&#8221; el_class=&#8221;artist-image&#8221; link=&#8221;https:\/\/ccbaltics.com\/\/lt\/actor\/kairi\/&#8221;][vc_column_text]<\/p>\n<div class=\"artist-wrapper\">\n<h3 style=\"text-align: center;\">Kairi<\/h3>\n<p class=\"artist-subtitle\" style=\"text-align: center;\">Lenkija<\/p>\n<\/div>\n<p>[\/vc_column_text][\/vc_column_inner][\/vc_row_inner][\/vc_column][\/vc_row][vc_row full_width=&#8221;stretch_row_content&#8221; content_placement=&#8221;middle&#8221; disable_element=&#8221;yes&#8221; el_class=&#8221;rte-heading-wrapper rte-heading-fromtop&#8221; css=&#8221;.vc_custom_1568145186996{margin-bottom: -51px !important;}&#8221;][vc_column][vc_custom_heading text=&#8221;Komiks\u0173 autoriai&#8221; font_container=&#8221;tag:h2|font_size:30|text_align:center|line_height:30px&#8221; google_fonts=&#8221;font_family:Open%20Sans%3A300%2C300italic%2Cregular%2Citalic%2C600%2C600italic%2C700%2C700italic%2C800%2C800italic|font_style:700%20bold%20regular%3A700%3Anormal&#8221; el_class=&#8221;home-red-heading-rte&#8221;][\/vc_column][\/vc_row][vc_row full_width=&#8221;stretch_row&#8221; disable_element=&#8221;yes&#8221; css=&#8221;.vc_custom_1568145193763{padding-top: 80px !important;padding-bottom: 110px !important;background-image: url(http:\/\/www.ccbaltics.com\/wp-content\/uploads\/2017\/07\/bubble-background.jpg?id=523) !important;}&#8221;][vc_column][vc_row_inner css=&#8221;.vc_custom_1502139324165{background-color: #ffffff !important;}&#8221; el_id=&#8221;with-bacground-more-padding&#8221;][vc_column_inner width=&#8221;1\/2&#8243;][vc_single_image image=&#8221;1657&#8243; img_size=&#8221;Thumbnail&#8221; add_caption=&#8221;yes&#8221; alignment=&#8221;center&#8221; style=&#8221;vc_box_shadow_border_circle_2&#8243; onclick=&#8221;custom_link&#8221; el_class=&#8221;artist-image&#8221; link=&#8221;https:\/\/ccbaltics.com\/\/lt\/actor\/sarah-andersen\/&#8221;][vc_column_text]<\/p>\n<div class=\"artist-wrapper\">\n<h3 style=\"text-align: center;\">Sarah Andersen<\/h3>\n<p class=\"artist-subtitle\" style=\"text-align: center;\">Sarah&#8217;s Scribbles<\/p>\n<\/div>\n<p>[\/vc_column_text][\/vc_column_inner][vc_column_inner width=&#8221;1\/2&#8243;][vc_single_image image=&#8221;2135&#8243; img_size=&#8221;Thumbnail&#8221; add_caption=&#8221;yes&#8221; alignment=&#8221;center&#8221; style=&#8221;vc_box_shadow_border_circle_2&#8243; onclick=&#8221;custom_link&#8221; el_class=&#8221;artist-image&#8221; link=&#8221;https:\/\/ccbaltics.com\/\/lt\/actor\/marco-castiello\/&#8221;][vc_column_text]<\/p>\n<div class=\"artist-wrapper\">\n<h3 style=\"text-align: center;\">Marco Castiello<\/h3>\n<p class=\"artist-subtitle\" style=\"text-align: center;\">Marvel, DC Comics, Dark Horse<\/p>\n<\/div>\n<p>[\/vc_column_text][\/vc_column_inner][\/vc_row_inner][\/vc_column][\/vc_row]<\/p>\n<\/div>","protected":false},"excerpt":{"rendered":"<p>[vc_row][vc_column][vc_row_inner][vc_column_inner][vc_column_text] Aktoriai atvyksta \u012f Vilni\u0173! Susitik ir pabendrauk su savo m\u0117gstamiausiais aktoriais i\u0161 taip arti, kaip niekada anks\u010diau! [\/vc_column_text][\/vc_column_inner][\/vc_row_inner][vc_row_inner][vc_column_inner width=&#8221;1\/2&#8243;][vc_column_text] Susitik su m\u0117gstamais aktoriais Atvyk \u012f \u201eComic Con Baltics\u201c rugs\u0117jo 15-16 d. dienomis ir susitik su m\u0117gstamiausiais aktoriais i\u0161 film\u0173 ir serial\u0173. B\u016bk pasireng\u0119s renginyje i\u0161vysti daugyb\u0119 tarptautini\u0173 sve\u010di\u0173 i\u0161 pa\u010di\u0173 \u012fvairiausi\u0173 populiariosios kult\u016bros at\u0161ak\u0173. [&hellip;]<\/p>\n","protected":false},"author":1,"featured_media":0,"parent":0,"menu_order":0,"comment_status":"closed","ping_status":"closed","template":"templates\/guest-page.php","meta":{"_acf_changed":false,"ngg_post_thumbnail":0,"iawp_total_views":846,"footnotes":""},"class_list":["post-1063","page","type-page","status-publish","hentry"],"acf":[],"toolset-meta":{"mobile-app-post-data":{"show-guest-in-app":{"type":"checkbox","raw":""},"guest-app-feature-image":{"type":"image","raw":"","attachment_id":null},"guest-description":{"type":"wysiwyg","raw":""},"guest-role":{"type":"textfield","raw":""},"guest-known-for":{"type":"textfield","raw":""}},"field-group-for-pages":[]},"publishpress_future_action":{"enabled":false,"date":"2026-04-11 01:18:05","action":"change-status","newStatus":"draft","terms":[],"taxonomy":"translation_priority","extraData":[]},"publishpress_future_workflow_manual_trigger":{"enabledWorkflows":[]},"_links":{"self":[{"href":"https:\/\/ccbaltics.com\/lt\/wp-json\/wp\/v2\/pages\/1063","targetHints":{"allow":["GET"]}}],"collection":[{"href":"https:\/\/ccbaltics.com\/lt\/wp-json\/wp\/v2\/pages"}],"about":[{"href":"https:\/\/ccbaltics.com\/lt\/wp-json\/wp\/v2\/types\/page"}],"author":[{"embeddable":true,"href":"https:\/\/ccbaltics.com\/lt\/wp-json\/wp\/v2\/users\/1"}],"replies":[{"embeddable":true,"href":"https:\/\/ccbaltics.com\/lt\/wp-json\/wp\/v2\/comments?post=1063"}],"version-history":[{"count":26,"href":"https:\/\/ccbaltics.com\/lt\/wp-json\/wp\/v2\/pages\/1063\/revisions"}],"predecessor-version":[{"id":2506,"href":"https:\/\/ccbaltics.com\/lt\/wp-json\/wp\/v2\/pages\/1063\/revisions\/2506"}],"wp:attachment":[{"href":"https:\/\/ccbaltics.com\/lt\/wp-json\/wp\/v2\/media?parent=1063"}],"curies":[{"name":"wp","href":"https:\/\/api.w.org\/{rel}","templated":true}]}}