{"id":1060,"date":"2017-08-16T15:56:25","date_gmt":"2017-08-16T15:56:25","guid":{"rendered":"http:\/\/www.ccbaltics.com\/lt\/?page_id=1060"},"modified":"2026-02-06T12:51:28","modified_gmt":"2026-02-06T10:51:28","slug":"pradinis","status":"publish","type":"page","link":"https:\/\/ccbaltics.com\/lt\/","title":{"rendered":"Pradinis"},"content":{"rendered":"","protected":false},"excerpt":{"rendered":"","protected":false},"author":1,"featured_media":13613,"parent":0,"menu_order":0,"comment_status":"closed","ping_status":"closed","template":"templates\/home-page.php","meta":{"_acf_changed":false,"ngg_post_thumbnail":0,"iawp_total_views":194425,"footnotes":""},"class_list":["post-1060","page","type-page","status-publish","has-post-thumbnail","hentry"],"acf":[],"toolset-meta":{"mobile-app-post-data":{"show-guest-in-app":{"type":"checkbox","raw":"0"},"guest-app-feature-image":{"type":"image","raw":"","attachment_id":null},"guest-description":{"type":"wysiwyg","raw":""},"guest-role":{"type":"textfield","raw":""},"guest-known-for":{"type":"textfield","raw":""}},"field-group-for-pages":[],"homepage-fields":{"slider-code":{"type":"textfield","raw":"[rev_slider alias=\"homepage-lt\"]"},"news-title":{"type":"textfield","raw":"Naujienos"},"actor-title":{"type":"textfield","raw":"Sve\u010diai"},"partners-title":{"type":"textfield","raw":"Partneriai"},"all-news-button":{"type":"textfield","raw":"\u017di\u016br\u0117ti visus"}}},"publishpress_future_action":{"enabled":false,"date":"2026-04-18 10:45:46","action":"change-status","newStatus":"draft","terms":[],"taxonomy":"translation_priority","extraData":[]},"publishpress_future_workflow_manual_trigger":{"enabledWorkflows":[]},"_links":{"self":[{"href":"https:\/\/ccbaltics.com\/lt\/wp-json\/wp\/v2\/pages\/1060","targetHints":{"allow":["GET"]}}],"collection":[{"href":"https:\/\/ccbaltics.com\/lt\/wp-json\/wp\/v2\/pages"}],"about":[{"href":"https:\/\/ccbaltics.com\/lt\/wp-json\/wp\/v2\/types\/page"}],"author":[{"embeddable":true,"href":"https:\/\/ccbaltics.com\/lt\/wp-json\/wp\/v2\/users\/1"}],"replies":[{"embeddable":true,"href":"https:\/\/ccbaltics.com\/lt\/wp-json\/wp\/v2\/comments?post=1060"}],"version-history":[{"count":1,"href":"https:\/\/ccbaltics.com\/lt\/wp-json\/wp\/v2\/pages\/1060\/revisions"}],"predecessor-version":[{"id":1061,"href":"https:\/\/ccbaltics.com\/lt\/wp-json\/wp\/v2\/pages\/1060\/revisions\/1061"}],"wp:featuredmedia":[{"embeddable":true,"href":"https:\/\/ccbaltics.com\/lt\/wp-json\/wp\/v2\/media\/13613"}],"wp:attachment":[{"href":"https:\/\/ccbaltics.com\/lt\/wp-json\/wp\/v2\/media?parent=1060"}],"curies":[{"name":"wp","href":"https:\/\/api.w.org\/{rel}","templated":true}]}}