{"id":10250,"date":"2024-04-23T18:46:06","date_gmt":"2024-04-23T16:46:06","guid":{"rendered":"https:\/\/ccbaltics.com\/?page_id=10250"},"modified":"2024-04-25T13:56:08","modified_gmt":"2024-04-25T11:56:08","slug":"k-pop","status":"publish","type":"page","link":"https:\/\/ccbaltics.com\/lt\/veiklos\/k-pop\/","title":{"rendered":"K-Pop"},"content":{"rendered":"<div class=\"wpb-content-wrapper\"><p>[vc_row full_width=&#8221;stretch_row&#8221; gap=&#8221;35&#8243; full_height=&#8221;yes&#8221; columns_placement=&#8221;stretch&#8221; equal_height=&#8221;yes&#8221; content_placement=&#8221;middle&#8221; disable_element=&#8221;yes&#8221; css=&#8221;.vc_custom_1568146741088{margin-top: 0px !important;margin-bottom: 0px !important;padding-top: 0px !important;padding-bottom: 0px !important;background-image: url(http:\/\/www.ccbaltics.com\/wp-content\/uploads\/2017\/07\/banner.jpg?id=1180) !important;background-position: center !important;background-repeat: no-repeat !important;background-size: cover !important;}&#8221;][vc_column width=&#8221;1\/4&#8243; css=&#8221;.vc_custom_1490271565380{margin-top: 0px !important;margin-bottom: 0px !important;padding-top: 0px !important;padding-bottom: 0px !important;}&#8221;][\/vc_column][vc_column width=&#8221;1\/2&#8243; css=&#8221;.vc_custom_1490271512854{margin-top: 0px !important;margin-bottom: 0px !important;padding-right: 50px !important;padding-left: 50px !important;background-color: rgba(209,58,58,0.8) !important;*background-color: rgb(209,58,58) !important;}&#8221;][vc_column_text]<\/p>\n<p style=\"text-align: justify;\"><span style=\"color: #ffffff;\">Pirm\u0105 kart\u0105 1939 m. JAV 1-iame \u201eWorldcon\u201c, pasirod\u017eiusi Cosplay id\u0117ja nebuvo gerai \u017einoma iki pat 90-\u0173j\u0173, kai padedant Japonijai \u0161i kult\u016bra greit i\u0161plito visame pasaulyje. Dabar tai yra vienas populiariausi\u0173 u\u017esi\u0117mim\u0173, kuriame dalyvauja jauni ir vyresni, moterys ir vyrai \u2013 Cosplay yra visiems! Tai yra nuostabi galimyb\u0117 tapti superherojumi ar princu (-ese), taip pat parodyti savo meninius \u012fg\u016bd\u017eius, atrasti nauj\u0173 draug\u0173, bendramin\u010di\u0173 ir praleisti puik\u0173 laik\u0105 kartu.<\/span><\/p>\n<p>[\/vc_column_text][\/vc_column][vc_column width=&#8221;1\/4&#8243; css=&#8221;.vc_custom_1490271557584{margin-top: 0px !important;margin-bottom: 0px !important;padding-top: 0px !important;padding-bottom: 0px !important;}&#8221;][\/vc_column][\/vc_row][vc_row][vc_column][vc_custom_heading text=&#8221;K-Pop \u0161okis: Dinami\u0161ka kult\u016brin\u0117 j\u0117ga, \u017eavinti pasaulin\u0119 auditorij\u0105&#8221; font_container=&#8221;tag:h2|font_size:20|text_align:center|color:%23000000&#8243; google_fonts=&#8221;font_family:Montserrat%3Aregular%2C700|font_style:400%20regular%3A400%3Anormal&#8221;][\/vc_column][vc_column][vc_separator][vc_row_inner][vc_column_inner width=&#8221;1\/4&#8243;][vc_single_image image=&#8221;10293&#8243; img_size=&#8221;full&#8221;][\/vc_column_inner][vc_column_inner width=&#8221;3\/4&#8243;][vc_column_text]K-Pop &#8211; tai daugiau nei tik muzika, tai kult\u016brinis rei\u0161kinys, u\u017evald\u0119s vis\u0105 pasaul\u012f. K-Pop patrauklumo pagrindas &#8211; jo \u012felektrinantys \u0161oki\u0173 pasirodymai. Nuo tobulai sinchronizuot\u0173 judesi\u0173 iki sud\u0117tingos choreografijos &#8211; K-Pop \u0161okis \u017eavi \u017ei\u016brovus savo dinami\u0161ka energija ir tikslumu.<\/p>\n<p style=\"text-align: justify;\">Kiekviena \u0161okio rutina pasakoja istorij\u0105, sujungdama hiphopo, pop ir tradicinio kor\u0117jie\u010di\u0173 \u0161okio elementus, kad sukurt\u0173 u\u017eburiant\u012f regin\u012f. K-Pop \u0161okis u\u017edega scen\u0105, su\u017eavi gerb\u0117jus visame pasaulyje ir \u012fkvepia daugyb\u0119 \u0161oki\u0173 koveri\u0173 ir pamok\u0173. K-Pop pasaulyje svajon\u0117s atgyja \u0161oki\u0173 aik\u0161tel\u0117je, o atlik\u0117jai tampa legendomis.<\/p>\n<p>[\/vc_column_text][\/vc_column_inner][\/vc_row_inner][\/vc_column][\/vc_row][vc_row][vc_column][\/vc_column][\/vc_row][vc_row][vc_column][\/vc_column][\/vc_row]<\/p>\n<\/div>","protected":false},"excerpt":{"rendered":"<p>[vc_row full_width=&#8221;stretch_row&#8221; gap=&#8221;35&#8243; full_height=&#8221;yes&#8221; columns_placement=&#8221;stretch&#8221; equal_height=&#8221;yes&#8221; content_placement=&#8221;middle&#8221; disable_element=&#8221;yes&#8221; css=&#8221;.vc_custom_1568146741088{margin-top: 0px !important;margin-bottom: 0px !important;padding-top: 0px !important;padding-bottom: 0px !important;background-image: url(http:\/\/www.ccbaltics.com\/wp-content\/uploads\/2017\/07\/banner.jpg?id=1180) !important;background-position: center !important;background-repeat: no-repeat !important;background-size: cover !important;}&#8221;][vc_column width=&#8221;1\/4&#8243; css=&#8221;.vc_custom_1490271565380{margin-top: 0px !important;margin-bottom: 0px !important;padding-top: 0px !important;padding-bottom: 0px !important;}&#8221;][\/vc_column][vc_column width=&#8221;1\/2&#8243; css=&#8221;.vc_custom_1490271512854{margin-top: 0px !important;margin-bottom: 0px !important;padding-right: 50px !important;padding-left: 50px !important;background-color: rgba(209,58,58,0.8) !important;*background-color: rgb(209,58,58) !important;}&#8221;][vc_column_text] Pirm\u0105 kart\u0105 1939 m. JAV 1-iame [&hellip;]<\/p>\n","protected":false},"author":1,"featured_media":0,"parent":1073,"menu_order":0,"comment_status":"closed","ping_status":"closed","template":"","meta":{"_acf_changed":false,"ngg_post_thumbnail":0,"iawp_total_views":810,"footnotes":""},"class_list":["post-10250","page","type-page","status-publish","hentry"],"acf":[],"toolset-meta":{"mobile-app-post-data":{"show-guest-in-app":{"type":"checkbox","raw":"0"},"guest-app-feature-image":{"type":"image","raw":"","attachment_id":null},"guest-description":{"type":"wysiwyg","raw":""},"guest-role":{"type":"textfield","raw":""},"guest-known-for":{"type":"textfield","raw":""}},"field-group-for-pages":[]},"publishpress_future_action":{"enabled":false,"date":"2026-04-18 01:23:47","action":"change-status","newStatus":"draft","terms":[],"taxonomy":"translation_priority","extraData":[]},"publishpress_future_workflow_manual_trigger":{"enabledWorkflows":[]},"_links":{"self":[{"href":"https:\/\/ccbaltics.com\/lt\/wp-json\/wp\/v2\/pages\/10250","targetHints":{"allow":["GET"]}}],"collection":[{"href":"https:\/\/ccbaltics.com\/lt\/wp-json\/wp\/v2\/pages"}],"about":[{"href":"https:\/\/ccbaltics.com\/lt\/wp-json\/wp\/v2\/types\/page"}],"author":[{"embeddable":true,"href":"https:\/\/ccbaltics.com\/lt\/wp-json\/wp\/v2\/users\/1"}],"replies":[{"embeddable":true,"href":"https:\/\/ccbaltics.com\/lt\/wp-json\/wp\/v2\/comments?post=10250"}],"version-history":[{"count":3,"href":"https:\/\/ccbaltics.com\/lt\/wp-json\/wp\/v2\/pages\/10250\/revisions"}],"predecessor-version":[{"id":10296,"href":"https:\/\/ccbaltics.com\/lt\/wp-json\/wp\/v2\/pages\/10250\/revisions\/10296"}],"up":[{"embeddable":true,"href":"https:\/\/ccbaltics.com\/lt\/wp-json\/wp\/v2\/pages\/1073"}],"wp:attachment":[{"href":"https:\/\/ccbaltics.com\/lt\/wp-json\/wp\/v2\/media?parent=10250"}],"curies":[{"name":"wp","href":"https:\/\/api.w.org\/{rel}","templated":true}]}}